{"id":94259,"date":"2026-03-11T10:43:13","date_gmt":"2026-03-11T13:43:13","guid":{"rendered":"https:\/\/www.ecommerceupdate.com.br\/produto\/travesseiro-kindle-suporte-de-tablet-cinza-macio-com-tigela-de-armazenamento-suporte-de-colo-maos-livres-para-cama-sofa-compativel-com-kindle-ipad-telefones-e-e-readers-cinza\/"},"modified":"2026-05-13T10:55:29","modified_gmt":"2026-05-13T13:55:29","slug":"supedesk-travesseiro-kindle-suporte-de-tablet-cinza-macio-com-tigela-de-armazenamento-suporte-de-colo-maos-livres-para-cama-sofa-compativel-com-kindle-ipad-telefones-e-e-reader","status":"publish","type":"product","link":"https:\/\/www.ecommerceupdate.com.br\/en_ca\/produto\/supedesk-travesseiro-kindle-suporte-de-tablet-cinza-macio-com-tigela-de-armazenamento-suporte-de-colo-maos-livres-para-cama-sofa-compativel-com-kindle-ipad-telefones-e-e-reader\/","title":{"rendered":"SupeDesk Kindle Pillow &amp; AM Soft grey tablet holder with storage bowl, hands free lap holder for bed, KINDle compatible sofa &amp; AM compatible with Kindle, iPad, phones and e-readers (gray)"},"content":{"rendered":"<div class=\"woocommerce-product-details\">\n<div id=\"aplus_feature_div\" class=\"celwidget pd_rd_w-gg9rR pd_rd_r-FPNW3X50SW53X9EM72YR pd_rd_wg-Je8Mn\" data-feature-name=\"aplus\" data-csa-c-type=\"widget\" data-csa-c-content-id=\"aplus\" data-csa-c-slot-id=\"aplus_feature_div\" data-csa-c-asin=\"\" data-csa-c-is-in-initial-active-row=\"false\">\n<div id=\"aplus\" class=\"a-section a-spacing-large bucket\">\n<h3 class=\"\">Product description<\/h3>\n<div lang=\"pt_BR\">\n<div class=\"aplus-v2 desktop celwidget\">\n<div class=\"celwidget aplus-module 3p-module-b aplus-standard\">\n<div class=\"aplus-module-wrapper aplus-3p-fixed-width\"> <img decoding=\"async\" alt=\"suporte de travesseiro kindle\" src=\"https:\/\/m.media-amazon.com\/images\/S\/aplus-media-library-service-media\/72968e63-9bbf-4d90-adb8-3ca366c4ac6e.__CR0,0,970,600_PT0_SX970_V1___.jpg\" \/> <\/div>\n<\/p>\n<\/div>\n<div class=\"celwidget aplus-module 3p-module-b aplus-standard\">\n<div class=\"aplus-module-wrapper aplus-3p-fixed-width\"> <img decoding=\"async\" alt=\"suporte de travesseiro kindle\" src=\"https:\/\/m.media-amazon.com\/images\/S\/aplus-media-library-service-media\/2b15e5bf-57d2-47dd-a97a-5431a4cbbd3d.__CR0,0,970,600_PT0_SX970_V1___.jpg\" \/> <\/div>\n<\/p>\n<\/div>\n<div class=\"celwidget aplus-module 3p-module-b aplus-standard\">\n<div class=\"aplus-module-wrapper aplus-3p-fixed-width\"> <img decoding=\"async\" alt=\"suporte de travesseiro kindle\" src=\"https:\/\/m.media-amazon.com\/images\/S\/aplus-media-library-service-media\/6f73705e-21c2-4c03-b62a-166b252c0ec4.__CR0,0,970,600_PT0_SX970_V1___.jpg\" \/> <\/div>\n<\/p>\n<\/div>\n<div class=\"celwidget aplus-module 3p-module-b aplus-standard\">\n<div class=\"aplus-module-wrapper aplus-3p-fixed-width\"> <img decoding=\"async\" alt=\"suporte de travesseiro kindle\" src=\"https:\/\/m.media-amazon.com\/images\/S\/aplus-media-library-service-media\/4bd8ae39-36d5-48fc-beaa-2217717880f4.__CR0,0,970,600_PT0_SX970_V1___.jpg\" \/> <\/div>\n<\/p>\n<\/div>\n<div class=\"celwidget aplus-module 3p-module-b aplus-standard\">\n<div class=\"aplus-module-wrapper aplus-3p-fixed-width\"> <img decoding=\"async\" alt=\"suporte de travesseiro kindle\" src=\"https:\/\/m.media-amazon.com\/images\/S\/aplus-media-library-service-media\/f4d76027-f6da-4e4e-9b4b-62e203d6a06d.__CR0,0,970,600_PT0_SX970_V1___.jpg\" \/> <\/div>\n<\/p>\n<\/div>\n<div class=\"celwidget aplus-module 3p-module-b aplus-standard\">\n<div class=\"aplus-module-wrapper aplus-3p-fixed-width\"> <img decoding=\"async\" alt=\"suporte de travesseiro kindle\" src=\"https:\/\/m.media-amazon.com\/images\/S\/aplus-media-library-service-media\/3152e542-64a4-4459-b297-dc7f06cb153c.__CR0,0,970,600_PT0_SX970_V1___.jpg\" \/> <\/div>\n<\/p>\n<\/div>\n<\/div>\n<\/div>\n<\/div>\n<\/div>\n<table id=\"productDetails_techSpec_section_1\" class=\"a-keyvalue prodDetTable\">\n<tr>\n<th class=\"a-color-secondary a-size-base prodDetSectionEntry\"> Brand <\/th>\n<td class=\"a-size-base prodDetAttrValue\"> SupeDesk <\/td>\n<\/tr>\n<tr>\n<th class=\"a-color-secondary a-size-base prodDetSectionEntry\"> Manufacturer <\/th>\n<td class=\"a-size-base prodDetAttrValue\"> SupeDesk <\/td>\n<\/tr>\n<tr>\n<th class=\"a-color-secondary a-size-base prodDetSectionEntry\"> Model <\/th>\n<td class=\"a-size-base prodDetAttrValue\"> VB31 <\/td>\n<\/tr>\n<tr>\n<th class=\"a-color-secondary a-size-base prodDetSectionEntry\"> Part number <\/th>\n<td class=\"a-size-base prodDetAttrValue\"> VB31 <\/td>\n<\/tr>\n<tr>\n<th class=\"a-color-secondary a-size-base prodDetSectionEntry\"> Tipo Do Produto <\/th>\n<td class=\"a-size-base prodDetAttrValue\"> Electronics <\/td>\n<\/tr>\n<tr>\n<th class=\"a-color-secondary a-size-base prodDetSectionEntry\"> Compatible appliances <\/th>\n<td class=\"a-size-base prodDetAttrValue\"> Smartphones <\/td>\n<\/tr>\n<tr>\n<th class=\"a-color-secondary a-size-base prodDetSectionEntry\"> Special characteristics <\/th>\n<td class=\"a-size-base prodDetAttrValue\"> Adjustable, Hand free, 360 degree rotation <\/td>\n<\/tr>\n<tr>\n<th class=\"a-color-secondary a-size-base prodDetSectionEntry\"> Assembly parts <\/th>\n<td class=\"a-size-base prodDetAttrValue\"> Phone holder <\/td>\n<\/tr>\n<tr>\n<th class=\"a-color-secondary a-size-base prodDetSectionEntry\"> Number of units <\/th>\n<td class=\"a-size-base prodDetAttrValue\"> 1 <\/td>\n<\/tr>\n<tr>\n<th class=\"a-color-secondary a-size-base prodDetSectionEntry\"> Works with batteries <\/th>\n<td class=\"a-size-base prodDetAttrValue\"> No <\/td>\n<\/tr>\n<tr>\n<th class=\"a-color-secondary a-size-base prodDetSectionEntry\"> Material type <\/th>\n<td class=\"a-size-base prodDetAttrValue\"> Acrylonitrile butadiene styrene <\/td>\n<\/tr>\n<tr>\n<th class=\"a-color-secondary a-size-base prodDetSectionEntry\"> Product type <\/th>\n<td class=\"a-size-base prodDetAttrValue\"> Pillow <\/td>\n<\/tr>\n<tr>\n<th class=\"a-color-secondary a-size-base prodDetSectionEntry\"> Type of support or attachment <\/th>\n<td class=\"a-size-base prodDetAttrValue\"> On the table <\/td>\n<\/tr>\n<tr>\n<th class=\"a-color-secondary a-size-base prodDetSectionEntry\"> Color <\/th>\n<td class=\"a-size-base prodDetAttrValue\"> Grey <\/td>\n<\/tr>\n<tr>\n<th class=\"a-color-secondary a-size-base prodDetSectionEntry\"> Corresponding color <\/th>\n<td class=\"a-size-base prodDetAttrValue\"> Grey <\/td>\n<\/tr>\n<tr>\n<th class=\"a-color-secondary a-size-base prodDetSectionEntry\"> Product weight <\/th>\n<td class=\"a-size-base prodDetAttrValue\"> 980 G <\/td>\n<\/tr>\n<tr>\n<th class=\"a-color-secondary a-size-base prodDetSectionEntry\"> Model number <\/th>\n<td class=\"a-size-base prodDetAttrValue\"> VB31 <\/td>\n<\/tr>\n<tr>\n<th class=\"a-color-secondary a-size-base prodDetSectionEntry\"> Packaging dimensions <\/th>\n<td class=\"a-size-base prodDetAttrValue\"> 26.9 X 24.41 x 11.99 cm; 980g <\/td>\n<\/tr>\n<\/table><\/div>","protected":false},"excerpt":{"rendered":"<p>Descri\u00e7\u00e3o do produto Marca &lrm;SupeDesk Fabricante &lrm;SupeDesk Modelo &lrm;VB31 N\u00famero da pe\u00e7a &lrm;VB31 Tipo Do Produto &lrm;Eletr\u00f4nicos Aparelhos compat\u00edveis &lrm;Smartphones Caracter\u00edsticas especiais &lrm;Ajust\u00e1vel, M\u00e3o livre, Rota\u00e7\u00e3o de 360 graus Pe\u00e7as [&hellip;]<\/p>\n","protected":false},"featured_media":94259,"comment_status":"open","ping_status":"closed","template":"","meta":[],"product_cat":[1897,1898,1896],"product_tag":[2280,2558,2557],"class_list":{"0":"post-94259","1":"product","2":"type-product","3":"status-publish","4":"has-post-thumbnail","5":"product_brand-marca-supedesk","6":"product_cat-acessorios","7":"product_cat-acessorios-para-tablets","8":"product_cat-computadores-e-informatica","9":"product_tag-compativel-com-kindle-ipad-e-readers","10":"product_tag-suporte-de-colo-maos-livres-cama-sofa","11":"product_tag-travesseiro-suporte-tablet-cinza-com-armazenamento","13":"first","14":"outofstock","15":"shipping-taxable","16":"product-type-variable"},"aioseo_notices":[],"_links":{"self":[{"href":"https:\/\/www.ecommerceupdate.com.br\/en_ca\/wp-json\/wp\/v2\/product\/94259","targetHints":{"allow":["GET"]}}],"collection":[{"href":"https:\/\/www.ecommerceupdate.com.br\/en_ca\/wp-json\/wp\/v2\/product"}],"about":[{"href":"https:\/\/www.ecommerceupdate.com.br\/en_ca\/wp-json\/wp\/v2\/types\/product"}],"replies":[{"embeddable":true,"href":"https:\/\/www.ecommerceupdate.com.br\/en_ca\/wp-json\/wp\/v2\/comments?post=94259"}],"wp:featuredmedia":[{"embeddable":true,"href":"https:\/\/www.ecommerceupdate.com.br\/en_ca\/wp-json\/wp\/v2\/product\/94259"}],"wp:attachment":[{"href":"https:\/\/www.ecommerceupdate.com.br\/en_ca\/wp-json\/wp\/v2\/media?parent=94259"}],"wp:term":[{"taxonomy":"product_cat","embeddable":true,"href":"https:\/\/www.ecommerceupdate.com.br\/en_ca\/wp-json\/wp\/v2\/product_cat?post=94259"},{"taxonomy":"product_tag","embeddable":true,"href":"https:\/\/www.ecommerceupdate.com.br\/en_ca\/wp-json\/wp\/v2\/product_tag?post=94259"}],"curies":[{"name":"wp","href":"https:\/\/api.w.org\/{rel}","templated":true}]}}