{"id":93675,"date":"2026-03-05T14:07:22","date_gmt":"2026-03-05T17:07:22","guid":{"rendered":"https:\/\/www.ecommerceupdate.com.br\/produto\/mercado-livre-para-iniciantes-o-passo-a-passo-para-sair-do-zero-e-fazer-suas-primeiras-vendas-com-consistencia\/"},"modified":"2026-05-13T10:31:42","modified_gmt":"2026-05-13T13:31:42","slug":"mercado-livre-para-iniciantes-o-passo-a-passo-para-sair-do-zero-e-fazer-suas-primeiras-vendas-com-consistencia","status":"publish","type":"product","link":"https:\/\/www.ecommerceupdate.com.br\/en_gb\/produto\/mercado-livre-para-iniciantes-o-passo-a-passo-para-sair-do-zero-e-fazer-suas-primeiras-vendas-com-consistencia\/","title":{"rendered":"Free Market for Beginners: The step-by-step to get out of the ground and make your first sales consistently"},"content":{"rendered":"<div class=\"woocommerce-product-details\">\n<h3>Product details<\/h3>\n<ul>\n<li>ASIN : B0GMDJMFM5<\/li>\n<li>Accessibility: Learn more<\/li>\n<li>Data da publica\u00e7\u00e3o : 9 fevereiro 2026<\/li>\n<li>Edition: 1a<\/li>\n<li>Language: Portuguese<\/li>\n<li>Tamanho do arquivo : 23.2 MB<\/li>\n<li>Screen reader : Compatible<\/li>\n<li>Font Configuration : Enabled<\/li>\n<li>Vocabulary Tips : Not enabled<\/li>\n<li>N\u00famero de p\u00e1ginas : 53 p\u00e1ginas<\/li>\n<li>Page Flip: Enabled<\/li>\n<\/ul><\/div>","protected":false},"excerpt":{"rendered":"<p>Come\u00e7ar no Mercado Livre pode parecer confuso e mais dif\u00edcil do que realmente \u00e9. Este ebook foi criado para ensinar o b\u00e1sico que funciona, sem promessas irreais e sem complica\u00e7\u00e3o. Aqui voc\u00ea aprende o caminho correto desde o in\u00edcio. Quando algu\u00e9m decide vender, a primeira coisa que encontra \u00e9 excesso de informa\u00e7\u00e3o:<br \/>v\u00eddeos contradit\u00f3rios, promessas irreais, estrat\u00e9gias avan\u00e7adas para quem ainda nem come\u00e7ou.<br \/> O resultado disso \u00e9 confus\u00e3o, decis\u00f5es erradas e desist\u00eancia precoce.<br \/>Por isso, este ebook foi criado para quebrar esse ciclo.<br \/>Aqui, voc\u00ea n\u00e3o vai encontrar f\u00f3rmulas m\u00e1gicas, atalhos perigosos ou promessas de ganhos r\u00e1pidos.<br \/>Voc\u00ea vai aprender o b\u00e1sico que funciona, explicado de forma clara, direta e aplic\u00e1vel.<br \/>O foco deste guia \u00e9 simples:<span>evitar os erros mais comuns<\/span>evitar os erros mais comuns<span>mostrar o caminho correto desde o in\u00edcio<\/span>mostrar o caminho correto desde o in\u00edcioajudar voc\u00ea a entender como a plataforma realmente funciona<\/p>","protected":false},"featured_media":93675,"comment_status":"open","ping_status":"closed","template":"","meta":[],"product_cat":[1608,1607,1785],"product_tag":[],"class_list":{"0":"post-93675","1":"product","2":"type-product","3":"status-publish","4":"has-post-thumbnail","5":"product_brand-por-rafael-rocha-autor-formato-ebook-kindle","6":"product_cat-ebooks-kindle","7":"product_cat-loja-kindle","8":"product_cat-sociedade-e-ciencias-sociais","10":"first","11":"instock","12":"shipping-taxable","13":"purchasable","14":"product-type-simple"},"aioseo_notices":[],"_links":{"self":[{"href":"https:\/\/www.ecommerceupdate.com.br\/en_gb\/wp-json\/wp\/v2\/product\/93675","targetHints":{"allow":["GET"]}}],"collection":[{"href":"https:\/\/www.ecommerceupdate.com.br\/en_gb\/wp-json\/wp\/v2\/product"}],"about":[{"href":"https:\/\/www.ecommerceupdate.com.br\/en_gb\/wp-json\/wp\/v2\/types\/product"}],"replies":[{"embeddable":true,"href":"https:\/\/www.ecommerceupdate.com.br\/en_gb\/wp-json\/wp\/v2\/comments?post=93675"}],"wp:featuredmedia":[{"embeddable":true,"href":"https:\/\/www.ecommerceupdate.com.br\/en_gb\/wp-json\/wp\/v2\/product\/93675"}],"wp:attachment":[{"href":"https:\/\/www.ecommerceupdate.com.br\/en_gb\/wp-json\/wp\/v2\/media?parent=93675"}],"wp:term":[{"taxonomy":"product_cat","embeddable":true,"href":"https:\/\/www.ecommerceupdate.com.br\/en_gb\/wp-json\/wp\/v2\/product_cat?post=93675"},{"taxonomy":"product_tag","embeddable":true,"href":"https:\/\/www.ecommerceupdate.com.br\/en_gb\/wp-json\/wp\/v2\/product_tag?post=93675"}],"curies":[{"name":"wp","href":"https:\/\/api.w.org\/{rel}","templated":true}]}}