{"id":94168,"date":"2026-03-09T03:56:10","date_gmt":"2026-03-09T06:56:10","guid":{"rendered":"https:\/\/www.ecommerceupdate.com.br\/produto\/kindle-16-gb-geracao-mais-recente-leve-e-compacto-com-tela-antirreflexo-trocas-de-pagina-mais-rapidas-luz-frontal-ajustavel-e-bateria-de-longa-duracao-cor-preta\/"},"modified":"2026-05-13T10:49:34","modified_gmt":"2026-05-13T13:49:34","slug":"kindle-16-gb-geracao-mais-recente-leve-e-compacto-com-tela-antirreflexo-trocas-de-pagina-mais-rapidas-luz-frontal-ajustavel-e-bateria-de-longa-duracao-cor-preta","status":"publish","type":"product","link":"https:\/\/www.ecommerceupdate.com.br\/en_gb\/produto\/kindle-16-gb-geracao-mais-recente-leve-e-compacto-com-tela-antirreflexo-trocas-de-pagina-mais-rapidas-luz-frontal-ajustavel-e-bateria-de-longa-duracao-cor-preta\/","title":{"rendered":"Kindle 16 GB (Latest generation) (Light and compact, with anti-glare screen, faster page changes, adjustable front light and long-lasting battery (Black Color"},"content":{"rendered":"<div class=\"woocommerce-product-details\">\n<div id=\"tech\" class=\"content-grid-alternate-styles mako-v2\" style=\"margin: 60px auto;max-width: 1504px\">\n<div id=\"\" class=\"content-grid-row-wrapper\" style=\"margin: 0 auto 20px auto\" data-lazy-loading-background-image=\"\">\n<div class=\"a-row\">\n<div class=\"a-column a-span12 block-content block-type-text textalign-center\">\n<div class=\"content-grid-block\">\n<h3 class=\"\">Technical details<\/h3>\n<\/p>\n<\/div>\n<\/div>\n<\/div>\n<\/div>\n<div id=\"\" class=\"content-grid-row-wrapper\" style=\"margin: 10px 0 0 0\" data-lazy-loading-background-image=\"\">\n<div class=\"a-row\">\n<div class=\"a-column a-span12 block-content block-type-image textalign-center\">\n<div class=\"content-grid-block\"> <img decoding=\"async\" alt=\"Technical Details\" src=\"https:\/\/m.media-amazon.com\/images\/G\/32\/kindle\/journeys\/0oZ0AOB4MZz1DlNW2B3pR6zN1D2B9lstdAkN6vc296Fho3D\/OGQ1M2RlYjYt._CB545210681_.jpg\" class=\"content-grid-image-lazy-loading\" data-a-hires=\"https:\/\/m.media-amazon.com\/images\/G\/32\/kindle\/journeys\/0oZ0AOB4MZz1DlNW2B3pR6zN1D2B9lstdAkN6vc296Fho3D\/OGQ1M2RlYjYt._CB545210681_.jpg\" \/> <\/div>\n<\/p>\n<\/div>\n<\/div>\n<\/div>\n<div id=\"\" class=\"content-grid-row-wrapper\" style=\"margin: 10px auto 10px auto\" data-lazy-loading-background-image=\"\">\n<div class=\"a-row\">\n<div class=\"a-column a-span12 block-content block-type-text textalign-center\">\n<div class=\"content-grid-block\">\n<h3>Technical Details<\/h3>\n<\/p>\n<\/div>\n<\/div>\n<\/div>\n<\/div>\n<div id=\"\" class=\"content-grid-row-wrapper\" style=\"font-size: 13px;margin: 10px auto 0px auto;line-height: 19px\" data-lazy-loading-background-image=\"\">\n<div class=\"a-row\">\n<div class=\"a-column a-span6 block-content block-type-table textalign-left\">\n<div class=\"content-grid-block\">\n<table class=\"a-bordered\">\n<tr>\n<td style=\"width:120px\">\n<p><strong>Screen<\/strong><\/p>\n<\/td>\n<td>\n<p>6\u201d screen with integrated light, 300 ppi resolution, optimized source technology and 16-level grayscale.<\/p>\n<\/td>\n<\/tr>\n<tr>\n<td style=\"width:120px\">\n<p><strong>Size<\/strong><\/p>\n<\/td>\n<td>\n<p>157.8 X 108.6 x 8.0 mm. The size represents the total measurements of the device.<\/p>\n<\/td>\n<\/tr>\n<tr>\n<td style=\"width:120px\">\n<p><strong>Weight<\/strong><\/p>\n<\/td>\n<td>\n<p>158 Grams.Size and weight may vary according to configuration and manufacturing process.<\/p>\n<\/td>\n<\/tr>\n<tr>\n<td style=\"width:120px\">\n<p><strong>System requirements<\/strong><\/p>\n<\/td>\n<td>\n<p>None. Completely wireless and does not require a computer to download content.<\/p>\n<\/td>\n<\/tr>\n<tr>\n<td style=\"width:120px\">\n<p><strong>Storage on the device<\/strong><\/p>\n<\/td>\n<td>\n<p>16 GB stores thousands of eBooks.<\/p>\n<\/td>\n<\/tr>\n<tr>\n<td style=\"width:120px\">\n<p><strong>Cloud storage<\/strong><\/p>\n<\/td>\n<td>\n<p>Free cloud storage for all Amazon content.<\/p>\n<\/td>\n<\/tr>\n<tr>\n<td style=\"width:120px\">\n<p><strong>Battery duration<\/strong><\/p>\n<\/td>\n<td>\n<p>A single recharge lasts up to 6 weeks, based on a half-hour daily reading with wifi turned off and lighting at level 13. Battery life may vary by use.<\/p>\n<\/td>\n<\/tr>\n<tr>\n<td style=\"width:120px\">\n<p><strong>Charging time<\/strong><\/p>\n<\/td>\n<td>\n<p>100% battery charged in approximately 4 hours when connected by USB cable to a computer or in approximately 2 hours when connected by USB to a 9 W power adapter.<\/p>\n<\/td>\n<\/tr>\n<tr>\n<td style=\"width:120px\">\n<p><strong>Wi-fi connectivity<\/strong><\/p>\n<\/td>\n<td>\n<p>Compatible with 2.4 GHz and 5.0 GHz wi-fi networks with WEP, WPA and WPA2 security protocols via password authentication or wi-fi Protected Setup (WPS). Incompatible with ad-hoc wi-fi networks connection (or point to point).<\/p>\n<\/td>\n<\/tr>\n<tr>\n<td style=\"width:120px\">\n<p><strong>Accessibility resources<\/strong><\/p>\n<\/td>\n<td>\n<p>Kindle includes the ability to invert black and white, adjust font size and type, and line spacing and margins.<\/p>\n<\/td>\n<\/tr>\n<\/table>\n<\/div>\n<\/div>\n<div class=\"a-column a-span6 block-content block-type-table textalign-left a-span-last\">\n<div class=\"content-grid-block\">\n<table class=\"a-bordered\">\n<tr>\n<td style=\"width:120px\">\n<p><strong>Compatible content formats<\/strong><\/p>\n<\/td>\n<td>\n<p>Kindle 8 (AZW3), Kindle (AZW), TXT, PDF, MOBI unprotected, native PRC; PDF, DOCX, DOC, HTML, EPUB, TXT, RTF, JPEG, GIF, PNG, BMP format via conversion; and Audible audio file format (AAX). Learn more about <a href=\"https:\/\/www.amazon.com.br\/gp\/help\/customer\/display.html\/?nodeId=G5WYD9SAF7PGXRNA\">file types compatible with personal documents<\/a>.<\/p>\n<\/td>\n<\/tr>\n<tr>\n<td style=\"width:120px\">\n<p><strong>Documents<\/strong><\/p>\n<\/td>\n<td>\n<p>Learn more about Kindle devices with <a href=\"https:\/\/www.amazon.com.br\/gp\/help\/customer\/display.html?nodeId=G7N7RPHV2SW8CKBW?&amp;view-type=content-only&amp;nodl=0\">quick start and user guides<\/a>.<\/p>\n<\/td>\n<\/tr>\n<tr>\n<td style=\"width:120px\">\n<p><strong>Warranty &amp; service<\/strong><\/p>\n<\/td>\n<td>\n<p>Limited warranty for 1 year included for the product and services. Kindle use is subject to <a href=\"https:\/\/www.amazon.com.br\/gp\/help\/customer\/display.html?nodeId=201014520\">terms of use.<\/a><\/p>\n<\/td>\n<\/tr>\n<tr>\n<td style=\"width:120px\">\n<p><strong>Included in the box<\/strong><\/p>\n<\/td>\n<td>\n<p>Kindle, USB-C cable for charging and <a href=\"https:\/\/www.amazon.com.br\/gp\/help\/customer\/display.html?nodeId=G7N7RPHV2SW8CKBW?&amp;view-type=content-only&amp;nodl=0\">Quick Start Guide<\/a>.<\/p>\n<\/td>\n<\/tr>\n<tr>\n<td style=\"width:120px\">\n<p><strong>Color<\/strong><\/p>\n<\/td>\n<td>\n<p>Green or black<\/p>\n<\/td>\n<\/tr>\n<tr>\n<td style=\"width:120px\">\n<p><strong>Generation<\/strong><\/p>\n<\/td>\n<td>\n<p>Kindle (11th generation) 2024 model year.<\/p>\n<\/td>\n<\/tr>\n<tr>\n<td style=\"width:120px\">\n<p><strong>Software security updates<\/strong><\/p>\n<\/td>\n<td>\n<p>This device receives guaranteed software security updates up to at least four years after the device is last available for purchase as a new drive on our websites. <a href=\"https:\/\/www.amazon.com.br\/gp\/help\/customer\/display.html?nodeId=GF3LDHSB5YM9BYF7\">Learn more<\/a> about these software security updates.If you already have a Kindle E-reader, go to the page <a href=\"https:\/\/www.amazon.com.br\/hz\/mycd\/digital-console\/contentlist\/booksAll\/dateDsc\/\">Manage your content and devices<\/a> to obtain information specific to your device.<\/p>\n<\/td>\n<\/tr>\n<tr>\n<td style=\"width:120px\">\n<p><strong>Anatel ID's<\/strong><\/p>\n<\/td>\n<td>\n<p>08205-22-01698<\/p>\n<\/td>\n<\/tr>\n<\/table>\n<\/div>\n<\/div>\n<\/div>\n<\/div>\n<\/div><\/div>","protected":false},"excerpt":{"rendered":"<p>Detalhes t\u00e9cnicos Detalhes T\u00e9cnicos Tela Tela de 6\u201d com luz integrada, resolu\u00e7\u00e3o de 300 ppi, tecnologia de fonte otimizada e escala de cinza com 16 n\u00edveis. Tamanho 157,8 x 108,6 [&hellip;]<\/p>\n","protected":false},"featured_media":94168,"comment_status":"open","ping_status":"closed","template":"","meta":[],"product_cat":[1593],"product_tag":[2568,2569,2570],"class_list":{"0":"post-94168","1":"product","2":"type-product","3":"status-publish","4":"has-post-thumbnail","5":"product_brand-marca-amazon","6":"product_cat-sem-categoria","7":"product_tag-kindle-16gb-geracao-mais-recente-tela-antirreflexo-iluminacao-frontal","8":"product_tag-kindle-leve-e-compacto-para-leitura-em-casa-e-viagens","9":"product_tag-kindle-preta-amazon-bateria-de-longa-duracao-trocas-de-pagina-rapidas","11":"first","12":"instock","13":"shipping-taxable","14":"purchasable","15":"product-type-variable"},"aioseo_notices":[],"_links":{"self":[{"href":"https:\/\/www.ecommerceupdate.com.br\/en_gb\/wp-json\/wp\/v2\/product\/94168","targetHints":{"allow":["GET"]}}],"collection":[{"href":"https:\/\/www.ecommerceupdate.com.br\/en_gb\/wp-json\/wp\/v2\/product"}],"about":[{"href":"https:\/\/www.ecommerceupdate.com.br\/en_gb\/wp-json\/wp\/v2\/types\/product"}],"replies":[{"embeddable":true,"href":"https:\/\/www.ecommerceupdate.com.br\/en_gb\/wp-json\/wp\/v2\/comments?post=94168"}],"wp:featuredmedia":[{"embeddable":true,"href":"https:\/\/www.ecommerceupdate.com.br\/en_gb\/wp-json\/wp\/v2\/product\/94168"}],"wp:attachment":[{"href":"https:\/\/www.ecommerceupdate.com.br\/en_gb\/wp-json\/wp\/v2\/media?parent=94168"}],"wp:term":[{"taxonomy":"product_cat","embeddable":true,"href":"https:\/\/www.ecommerceupdate.com.br\/en_gb\/wp-json\/wp\/v2\/product_cat?post=94168"},{"taxonomy":"product_tag","embeddable":true,"href":"https:\/\/www.ecommerceupdate.com.br\/en_gb\/wp-json\/wp\/v2\/product_tag?post=94168"}],"curies":[{"name":"wp","href":"https:\/\/api.w.org\/{rel}","templated":true}]}}