{"id":94176,"date":"2026-03-09T04:16:45","date_gmt":"2026-03-09T07:16:45","guid":{"rendered":"https:\/\/www.ecommerceupdate.com.br\/produto\/shopee-full-o-guia-pratico-para-suas-primeiras-vendas-e-escala\/"},"modified":"2026-05-13T10:52:27","modified_gmt":"2026-05-13T13:52:27","slug":"shopee-full-o-guia-pratico-para-suas-primeiras-vendas-e-escala","status":"publish","type":"product","link":"https:\/\/www.ecommerceupdate.com.br\/en_gb\/produto\/shopee-full-o-guia-pratico-para-suas-primeiras-vendas-e-escala\/","title":{"rendered":"Shopee Full: The practical guide to your first sales and scale"},"content":{"rendered":"<div class=\"woocommerce-product-details\"><\/div>","protected":false},"excerpt":{"rendered":"<p>Conquiste suas primeiras vendas na Shopee e escale seu neg\u00f3cio com estrat\u00e9gias pr\u00e1ticas que transformam cliques em clientes fi\u00e9is. Escrito por Jhouvas Souza, este guia est\u00e1 dispon\u00edvel em formato de eBook Kindle por apenas R$ 24,99, oferecendo passos diretos para come\u00e7ar j\u00e1 e ferramentas para ampliar resultados. Leia para descobrir t\u00e1ticas de lan\u00e7amento, otimiza\u00e7\u00e3o de listagens e t\u00e9cnicas de precifica\u00e7\u00e3o que elevam convers\u00f5es e geram vendas recorrentes.<\/p>","protected":false},"featured_media":94176,"comment_status":"open","ping_status":"closed","template":"","meta":[],"product_cat":[1611,1595,1618],"product_tag":[2297,2298,2296],"class_list":{"0":"post-94176","1":"product","2":"type-product","3":"status-publish","4":"has-post-thumbnail","5":"product_brand-por-jhouvas-souza-autor-formato-ebook-kindle","6":"product_cat-administracao-negocios-e-economia","7":"product_cat-livros","8":"product_cat-marketing-e-vendas","9":"product_tag-ebook-kindle-shopee-escala-negocios","10":"product_tag-estrategias-de-vendas-para-iniciantes-shopee","11":"product_tag-shopee-guia-pratico-de-vendas","13":"first","14":"instock","15":"shipping-taxable","16":"purchasable","17":"product-type-simple"},"aioseo_notices":[],"_links":{"self":[{"href":"https:\/\/www.ecommerceupdate.com.br\/en_gb\/wp-json\/wp\/v2\/product\/94176","targetHints":{"allow":["GET"]}}],"collection":[{"href":"https:\/\/www.ecommerceupdate.com.br\/en_gb\/wp-json\/wp\/v2\/product"}],"about":[{"href":"https:\/\/www.ecommerceupdate.com.br\/en_gb\/wp-json\/wp\/v2\/types\/product"}],"replies":[{"embeddable":true,"href":"https:\/\/www.ecommerceupdate.com.br\/en_gb\/wp-json\/wp\/v2\/comments?post=94176"}],"wp:featuredmedia":[{"embeddable":true,"href":"https:\/\/www.ecommerceupdate.com.br\/en_gb\/wp-json\/wp\/v2\/product\/94176"}],"wp:attachment":[{"href":"https:\/\/www.ecommerceupdate.com.br\/en_gb\/wp-json\/wp\/v2\/media?parent=94176"}],"wp:term":[{"taxonomy":"product_cat","embeddable":true,"href":"https:\/\/www.ecommerceupdate.com.br\/en_gb\/wp-json\/wp\/v2\/product_cat?post=94176"},{"taxonomy":"product_tag","embeddable":true,"href":"https:\/\/www.ecommerceupdate.com.br\/en_gb\/wp-json\/wp\/v2\/product_tag?post=94176"}],"curies":[{"name":"wp","href":"https:\/\/api.w.org\/{rel}","templated":true}]}}