{"id":91552,"date":"2026-02-06T15:48:37","date_gmt":"2026-02-06T18:48:37","guid":{"rendered":"https:\/\/www.ecommerceupdate.org\/produto\/marketplace-3-0-rewriting-the-rules-of-borderless-business-english-edition\/"},"modified":"2026-05-08T14:08:36","modified_gmt":"2026-05-08T17:08:36","slug":"marketplace-3-0-rewriting-the-rules-of-borderless-business-english-edition","status":"publish","type":"product","link":"https:\/\/www.ecommerceupdate.com.br\/en_nz\/produto\/marketplace-3-0-rewriting-the-rules-of-borderless-business-english-edition\/","title":{"rendered":"Marketplace 3.0: Rewriting the Rules of Borderless Business (English Edition)"},"content":{"rendered":"<div class=\"woocommerce-product-details\">\n<h3>Product details<\/h3>\n<ul>\n<li>ASIN : B009OZN6N0<\/li>\n<li>Publisher: St. Martin's Press<\/li>\n<li>Accessibility: Learn more<\/li>\n<li>Data da publica\u00e7\u00e3o : 19 mar\u00e7o 2013<\/li>\n<li>Language: English<\/li>\n<li>Tamanho do arquivo : 2.3 MB<\/li>\n<li>Screen reader : Compatible<\/li>\n<li>Font Configuration : Enabled<\/li>\n<li>X-Ray : Not enabled<\/li>\n<li>Vocabulary Tips : Enabled<\/li>\n<li>N\u00famero de p\u00e1ginas : 256 p\u00e1ginas<\/li>\n<li>ISBN-13 : 978-1137324177<\/li>\n<li>Page Flip: Enabled<\/li>\n<li>Avalia\u00e7\u00f5es dos clientes: 3,9 3,9 de 5 estrelas (43)<\/li>\n<\/ul><\/div>","protected":false},"excerpt":{"rendered":"<p>Descubra como ampliar seus neg\u00f3cios sem fronteiras e transformar sua estrat\u00e9gia com t\u00e1ticas comprovadas para marketplaces modernos. Esta edi\u00e7\u00e3o em ingl\u00eas, escrita por Hiroshi Mikitani, chega no formato eBook Kindle e est\u00e1 dispon\u00edvel por R$ 49,90. Prepare-se para dominar opera\u00e7\u00f5es globais, entender as regras que est\u00e3o redefinindo o com\u00e9rcio e aplicar insights pr\u00e1ticos que voc\u00ea pode colocar em pr\u00e1tica hoje.<\/p>","protected":false},"featured_media":91552,"comment_status":"open","ping_status":"closed","template":"","meta":[],"product_cat":[1608,1628,1607],"product_tag":[2810,2811,2809],"class_list":{"0":"post-91552","1":"product","2":"type-product","3":"status-publish","4":"has-post-thumbnail","5":"product_brand-edicao-ingls-por-hiroshi-mikitani-autor-formato-ebook-kindle","6":"product_cat-ebooks-kindle","7":"product_cat-ingles-e-outras-linguas","8":"product_cat-loja-kindle","9":"product_tag-cross-border-e-commerce-strategy-book","10":"product_tag-hiroshi-mikitani-rakuten-founder","11":"product_tag-kindle-ebook-marketplace-3-0-english-edition","13":"first","14":"instock","15":"shipping-taxable","16":"purchasable","17":"product-type-simple"},"aioseo_notices":[],"_links":{"self":[{"href":"https:\/\/www.ecommerceupdate.com.br\/en_nz\/wp-json\/wp\/v2\/product\/91552","targetHints":{"allow":["GET"]}}],"collection":[{"href":"https:\/\/www.ecommerceupdate.com.br\/en_nz\/wp-json\/wp\/v2\/product"}],"about":[{"href":"https:\/\/www.ecommerceupdate.com.br\/en_nz\/wp-json\/wp\/v2\/types\/product"}],"replies":[{"embeddable":true,"href":"https:\/\/www.ecommerceupdate.com.br\/en_nz\/wp-json\/wp\/v2\/comments?post=91552"}],"wp:featuredmedia":[{"embeddable":true,"href":"https:\/\/www.ecommerceupdate.com.br\/en_nz\/wp-json\/wp\/v2\/product\/91552"}],"wp:attachment":[{"href":"https:\/\/www.ecommerceupdate.com.br\/en_nz\/wp-json\/wp\/v2\/media?parent=91552"}],"wp:term":[{"taxonomy":"product_cat","embeddable":true,"href":"https:\/\/www.ecommerceupdate.com.br\/en_nz\/wp-json\/wp\/v2\/product_cat?post=91552"},{"taxonomy":"product_tag","embeddable":true,"href":"https:\/\/www.ecommerceupdate.com.br\/en_nz\/wp-json\/wp\/v2\/product_tag?post=91552"}],"curies":[{"name":"wp","href":"https:\/\/api.w.org\/{rel}","templated":true}]}}