{"id":91660,"date":"2026-02-07T12:37:33","date_gmt":"2026-02-07T15:37:33","guid":{"rendered":"https:\/\/www.ecommerceupdate.org\/produto\/logistica-de-e-commerce\/"},"modified":"2026-05-11T09:41:11","modified_gmt":"2026-05-11T12:41:11","slug":"logistica-de-e-commerce","status":"publish","type":"product","link":"https:\/\/www.ecommerceupdate.com.br\/en_za\/produto\/logistica-de-e-commerce\/","title":{"rendered":"E-commerce Logistics"},"content":{"rendered":"<div class=\"woocommerce-product-details\"><\/div>","protected":false},"excerpt":{"rendered":"<p>Maximize a efici\u00eancia da sua opera\u00e7\u00e3o de e-commerce ao dominar a log\u00edstica com um guia pr\u00e1tico que transforma teoria em resultados mensur\u00e1veis. Escrito pelo autor Elson Hazelski Teixeira, este t\u00edtulo de refer\u00eancia aborda planejamento de estoque, gest\u00e3o de pedidos e rotas de entrega e custa R$ 59,00. Leia o restante para entender como aplicar essas estrat\u00e9gias no seu contexto e obter resultados reais.<\/p>","protected":false},"featured_media":91660,"comment_status":"open","ping_status":"closed","template":"","meta":[],"product_cat":[1653,1595],"product_tag":[2766,2765,2764],"class_list":{"0":"post-91660","1":"product","2":"type-product","3":"status-publish","4":"has-post-thumbnail","5":"product_brand-por-elson-hazelski-teixeira-autor","6":"product_cat-educacao-referencia-e-didaticos","7":"product_cat-livros","8":"product_tag-distribuicao-e-entregas-para-marketplaces","9":"product_tag-gestao-de-estoque-para-lojas-online","10":"product_tag-livro-logistica-de-e-commerce","12":"first","13":"instock","14":"shipping-taxable","15":"purchasable","16":"product-type-simple"},"aioseo_notices":[],"_links":{"self":[{"href":"https:\/\/www.ecommerceupdate.com.br\/en_za\/wp-json\/wp\/v2\/product\/91660","targetHints":{"allow":["GET"]}}],"collection":[{"href":"https:\/\/www.ecommerceupdate.com.br\/en_za\/wp-json\/wp\/v2\/product"}],"about":[{"href":"https:\/\/www.ecommerceupdate.com.br\/en_za\/wp-json\/wp\/v2\/types\/product"}],"replies":[{"embeddable":true,"href":"https:\/\/www.ecommerceupdate.com.br\/en_za\/wp-json\/wp\/v2\/comments?post=91660"}],"wp:featuredmedia":[{"embeddable":true,"href":"https:\/\/www.ecommerceupdate.com.br\/en_za\/wp-json\/wp\/v2\/product\/91660"}],"wp:attachment":[{"href":"https:\/\/www.ecommerceupdate.com.br\/en_za\/wp-json\/wp\/v2\/media?parent=91660"}],"wp:term":[{"taxonomy":"product_cat","embeddable":true,"href":"https:\/\/www.ecommerceupdate.com.br\/en_za\/wp-json\/wp\/v2\/product_cat?post=91660"},{"taxonomy":"product_tag","embeddable":true,"href":"https:\/\/www.ecommerceupdate.com.br\/en_za\/wp-json\/wp\/v2\/product_tag?post=91660"}],"curies":[{"name":"wp","href":"https:\/\/api.w.org\/{rel}","templated":true}]}}