{"id":93573,"date":"2026-03-04T20:35:13","date_gmt":"2026-03-04T23:35:13","guid":{"rendered":"https:\/\/www.ecommerceupdate.com.br\/produto\/agentic-commerce-o-futuro-do-e-commerce-autonomo-fundamentos-casos-reais-e-implementacao-pratica\/"},"modified":"2026-05-09T12:01:44","modified_gmt":"2026-05-09T15:01:44","slug":"agentic-commerce-o-futuro-do-e-commerce-autonomo-fundamentos-casos-reais-e-implementacao-pratica","status":"publish","type":"product","link":"https:\/\/www.ecommerceupdate.com.br\/en_za\/produto\/agentic-commerce-o-futuro-do-e-commerce-autonomo-fundamentos-casos-reais-e-implementacao-pratica\/","title":{"rendered":"AGENTIC COMMERCE: The Future of Autonomous E-Commerce: Fundamentals, Real Cases, and Practical Implementation"},"content":{"rendered":"<div class=\"woocommerce-product-details\">\n<h3>Product details<\/h3>\n<ul>\n<li>ASIN: B0GHJ2KY3C<\/li>\n<li>Publisher: GDS } Press<\/li>\n<li>Accessibility: Learn more<\/li>\n<li>Date of publication: 18 January 2026<\/li>\n<li>Language: Portuguese<\/li>\n<li>File size: 1.8 MB<\/li>\n<li>Screen reader : Compatible<\/li>\n<li>Font Configuration : Enabled<\/li>\n<li>Vocabulary Tips : Not enabled<\/li>\n<li>N\u00famero de p\u00e1ginas : 131 p\u00e1ginas<\/li>\n<li>ISBN-13:979-8244494358<\/li>\n<li>Page Flip: Enabled<\/li>\n<li>Top Sellers Ranking: No 53,124 in Kindle Store (Meet the Top 100 in Kindle Store category) No 642 in Industries &amp; Professions No 1,820 in Business &amp; Economics<\/li>\n<li>642 In Industries and Professions<\/li>\n<li>1,820 in Business and Economics<\/li>\n<li>Customer Reviews: 5.0 5.0 out of 5 stars (1)<\/li>\n<\/ul><\/div>","protected":false},"excerpt":{"rendered":"<p>E-commerce is undergoing the greatest transformation since the emergence of virtual stores. After static catalogs, data-based recommendations and chatbots, the era of autonomous AI agents capable of understanding context, making decisions and acting on behalf of consumers and companies arrives. This is called Agentic Commerce.In this book, Daniel Guedes presents a complete map of this revolution: the concept, its technological bases, business cases that are already changing global retail and step by step for practical implementation.This is not a futurology or an exclusively technical manual, but an accessible, strategic and results-oriented guide to those who need to transform the global retail and commerce.<br \/>how Amazon, Netflix, Spotify, Shopify and large Brazilian companies use AI to generate billions in revenue<br \/>What are the architectures, layers and agents that make up autonomous systems applied to retail<br \/>^How to prepare the organization, assemble teams, choose technologies and measure ROI<br \/>How to calculate financial impact and build the right business case to get investments<br \/>companies learn by the theme A special highlight of the book is the chapter on franchise networks, an ecosystem in which the deployment of autonomous agents requires attention to contracts, governance and alignment of incentives. Guedes demonstrates how franchisors can use AI to multiply the performance of franchisees instead of competing with them ^a little explored and extremely relevant topic for Brazilian retail.In addition, the author presents a practical playbook, with diagnostics, applied map, metrics, stacks of technology and ready to use C.More.<\/p>","protected":false},"featured_media":93573,"comment_status":"open","ping_status":"closed","template":"","meta":[],"product_cat":[1611,1608,1607],"product_tag":[],"class_list":{"0":"post-93573","1":"product","2":"type-product","3":"status-publish","4":"has-post-thumbnail","5":"product_brand-por-daniel-guedes-autor-formato-ebook-kindle","6":"product_cat-administracao-negocios-e-economia","7":"product_cat-ebooks-kindle","8":"product_cat-loja-kindle","10":"first","11":"instock","12":"shipping-taxable","13":"purchasable","14":"product-type-simple"},"aioseo_notices":[],"_links":{"self":[{"href":"https:\/\/www.ecommerceupdate.com.br\/en_za\/wp-json\/wp\/v2\/product\/93573","targetHints":{"allow":["GET"]}}],"collection":[{"href":"https:\/\/www.ecommerceupdate.com.br\/en_za\/wp-json\/wp\/v2\/product"}],"about":[{"href":"https:\/\/www.ecommerceupdate.com.br\/en_za\/wp-json\/wp\/v2\/types\/product"}],"replies":[{"embeddable":true,"href":"https:\/\/www.ecommerceupdate.com.br\/en_za\/wp-json\/wp\/v2\/comments?post=93573"}],"wp:featuredmedia":[{"embeddable":true,"href":"https:\/\/www.ecommerceupdate.com.br\/en_za\/wp-json\/wp\/v2\/product\/93573"}],"wp:attachment":[{"href":"https:\/\/www.ecommerceupdate.com.br\/en_za\/wp-json\/wp\/v2\/media?parent=93573"}],"wp:term":[{"taxonomy":"product_cat","embeddable":true,"href":"https:\/\/www.ecommerceupdate.com.br\/en_za\/wp-json\/wp\/v2\/product_cat?post=93573"},{"taxonomy":"product_tag","embeddable":true,"href":"https:\/\/www.ecommerceupdate.com.br\/en_za\/wp-json\/wp\/v2\/product_tag?post=93573"}],"curies":[{"name":"wp","href":"https:\/\/api.w.org\/{rel}","templated":true}]}}