{"id":93670,"date":"2026-03-05T14:06:30","date_gmt":"2026-03-05T17:06:30","guid":{"rendered":"https:\/\/www.ecommerceupdate.com.br\/produto\/como-vender-no-mercado-livre-e-ter-um-negocio-de-sucesso-o-guia-definitivo-marketing-digital-professor-adenilson\/"},"modified":"2026-05-13T10:30:36","modified_gmt":"2026-05-13T13:30:36","slug":"como-vender-no-mercado-livre-e-ter-um-negocio-de-sucesso-o-guia-definitivo-marketing-digital-professor-adenilson","status":"publish","type":"product","link":"https:\/\/www.ecommerceupdate.com.br\/en_za\/produto\/como-vender-no-mercado-livre-e-ter-um-negocio-de-sucesso-o-guia-definitivo-marketing-digital-professor-adenilson\/","title":{"rendered":"How to Sell on the Free Market and Have a Successful Business: The Definitive Guide! (Digital Marketing &amp; Professor Adenilson)"},"content":{"rendered":"<div class=\"woocommerce-product-details\">\n<h3>Product details<\/h3>\n<ul>\n<li>ASIN: B08R12C83R<\/li>\n<li>Accessibility: Learn more<\/li>\n<li>Date of publication: 17 December 2020<\/li>\n<li>Language: Portuguese<\/li>\n<li>Tamanho do arquivo : 8.4 MB<\/li>\n<li>Font Configuration : Enabled<\/li>\n<li>Vocabulary Tips : Not enabled<\/li>\n<li>Number of pages : 55 pages<\/li>\n<li>Page Flip: Enabled<\/li>\n<li>Top Sellers Ranking: No 151,249 in Kindle Store (Meet the Top 100 in Kindle Store category) No 53 in Online Commerce No 183 in Web Marketing No 5,505 in Business &amp; Economics<\/li>\n<li>53 In Online Commerce<\/li>\n<li>183 In Web Marketing<\/li>\n<li>5,505 in Business and Economics<\/li>\n<li>Customer Reviews: 4.1 4.1 out of 5 stars (55)<\/li>\n<\/ul><\/div>","protected":false},"excerpt":{"rendered":"<p><span>Imagine yourself making sales every day in the free market.<\/span>Imagine yourself making sales every day in the free market.<span>Imagine yourself having freedom and being able to live wherever you want.<\/span>Imagine yourself having freedom and being able to live wherever you want.<span>Imagine yourself waking up, opening your email and the same having dozens of emails with the say SALE PERFORMED. Imagine yourself billing R$ 9,000.00 to R$ 50,000.00 per month.<\/span>Imagine yourself waking up, opening your email and the same having dozens of emails with the say SALE PERFORMED. Imagine yourself billing R$ 9,000.00 to R$ 50,000.00 per month.<br \/>Quem sabe at\u00e9 mais.<\/p>\n<p>Isso mesmo que voc\u00ea esteja come\u00e7ando do zero e que n\u00e3o saiba o que vender no mercado livre.<br \/>Que tenha pouco dinheiro e que nunca tenha vendido nada na internet.<\/p>\n<p>E porque eu digo isso? <br \/>Porque eu mesmo consegui fazer isso, criei um neg\u00f3cio digital que me possibilita ter liberdade.<br \/>Hoje eu trabalho com o que eu quero, tenho LIBERDADE e SEGURAN\u00c7A.<br \/>Isso porque sei que aconte\u00e7a o que acontecer, FAREI VENDAS TODOS OS DIAS.<\/p>\n<p>E este e-book tem UM \u00daNICO OBJETIVO que \u00e9 ajudar voc\u00ea a ter uma estrat\u00e9gia comprovada que possibilite que voc\u00ea venda todos os dias no mercado livre.<br \/>With this, you will bill from R$ 9,000 to R$ 50,000.00 per month.<\/p>\n<p>The e-book is divided into 2 parts.<\/p>\n<p>Part 1 How to identify hidden opportunities and succeed in selling in the free market<br \/>In this section of the e-book you will learn a series of advanced strategies that will enable you to identify products with high sales potential.<\/p>\n<p>Part 2 How to create differentiated ads and stand out from competitors <br \/>In this section of the e-book you will learn how to use tools and strategies that will allow your ads to differentiate, attracting more clicks and generating more sales than your competitors.<\/p>\n<p>Ready for the journey?<br \/>So come on.<br \/>3.<br \/>2.<br \/>1.<\/p>\n<p>The method that will allow you TO SELL EVERY DAY IN MERCADO LIVRE, having a successful digital business!<\/p>","protected":false},"featured_media":93670,"comment_status":"open","ping_status":"closed","template":"","meta":[],"product_cat":[1611,1613,1595],"product_tag":[],"class_list":{"0":"post-93670","1":"product","2":"type-product","3":"status-publish","4":"has-post-thumbnail","5":"product_brand-por-adenilson-giovanini-autor-formato-ebook-kindle","6":"product_cat-administracao-negocios-e-economia","7":"product_cat-industrias-e-profissoes","8":"product_cat-livros","10":"first","11":"instock","12":"shipping-taxable","13":"purchasable","14":"product-type-simple"},"aioseo_notices":[],"_links":{"self":[{"href":"https:\/\/www.ecommerceupdate.com.br\/en_za\/wp-json\/wp\/v2\/product\/93670","targetHints":{"allow":["GET"]}}],"collection":[{"href":"https:\/\/www.ecommerceupdate.com.br\/en_za\/wp-json\/wp\/v2\/product"}],"about":[{"href":"https:\/\/www.ecommerceupdate.com.br\/en_za\/wp-json\/wp\/v2\/types\/product"}],"replies":[{"embeddable":true,"href":"https:\/\/www.ecommerceupdate.com.br\/en_za\/wp-json\/wp\/v2\/comments?post=93670"}],"wp:featuredmedia":[{"embeddable":true,"href":"https:\/\/www.ecommerceupdate.com.br\/en_za\/wp-json\/wp\/v2\/product\/93670"}],"wp:attachment":[{"href":"https:\/\/www.ecommerceupdate.com.br\/en_za\/wp-json\/wp\/v2\/media?parent=93670"}],"wp:term":[{"taxonomy":"product_cat","embeddable":true,"href":"https:\/\/www.ecommerceupdate.com.br\/en_za\/wp-json\/wp\/v2\/product_cat?post=93670"},{"taxonomy":"product_tag","embeddable":true,"href":"https:\/\/www.ecommerceupdate.com.br\/en_za\/wp-json\/wp\/v2\/product_tag?post=93670"}],"curies":[{"name":"wp","href":"https:\/\/api.w.org\/{rel}","templated":true}]}}