{"id":93680,"date":"2026-03-05T14:09:00","date_gmt":"2026-03-05T17:09:00","guid":{"rendered":"https:\/\/www.ecommerceupdate.com.br\/produto\/crie-seu-mercado-no-mundo-digital-aprenda-a-viver-de-e-commerce-com-a-estrategia-que-levou-inumeros-negocios-on-line-a-sair-do-zero-e-ultrapassar-os-r-100-mil-em-vendas-por-mes\/"},"modified":"2026-05-08T11:49:58","modified_gmt":"2026-05-08T14:49:58","slug":"crie-seu-mercado-no-mundo-digital-aprenda-a-viver-de-e-commerce-com-a-estrategia-que-levou-inumeros-negocios-on-line-a-sair-do-zero-e-ultrapassar-os-r-100-mil-em-vendas-por-mes","status":"publish","type":"product","link":"https:\/\/www.ecommerceupdate.com.br\/en_za\/produto\/crie-seu-mercado-no-mundo-digital-aprenda-a-viver-de-e-commerce-com-a-estrategia-que-levou-inumeros-negocios-on-line-a-sair-do-zero-e-ultrapassar-os-r-100-mil-em-vendas-por-mes\/","title":{"rendered":"Create your market in the digital world: Learn how to live e-commerce with the strategy that led countless online businesses to go from scratch and exceed the R$ 100 thousand in sales per month"},"content":{"rendered":"<div class=\"woocommerce-product-details\">\n<h3>Product details<\/h3>\n<ul>\n<li>ASIN : B07FFG6TS8<\/li>\n<li>Editora : Editora Gente<\/li>\n<li>Accessibility: Learn more<\/li>\n<li>Data da publica\u00e7\u00e3o : 3 agosto 2018<\/li>\n<li>Language: Portuguese<\/li>\n<li>Tamanho do arquivo : 3.0 MB<\/li>\n<li>Screen reader : Compatible<\/li>\n<li>Font Configuration : Enabled<\/li>\n<li>Vocabulary Tips : Not enabled<\/li>\n<li>N\u00famero de p\u00e1ginas : 225 p\u00e1ginas<\/li>\n<li>ISBN-13 : 978-8545202721<\/li>\n<li>Page Flip: Enabled<\/li>\n<li>Ranking dos mais vendidos: N\u00ba 135.718 em Loja Kindle (Conhe\u00e7a o Top 100 na categoria Loja Kindle) N\u00ba 4.908 em Neg\u00f3cios e economia<\/li>\n<li>N\u00ba 4.908 em Neg\u00f3cios e economia<\/li>\n<li>Avalia\u00e7\u00f5es dos clientes: 4,6 4,6 de 5 estrelas (1.029)<\/li>\n<\/ul><\/div>","protected":false},"excerpt":{"rendered":"<p>SAIBA COMO O E-COMMERCE PODE SE TORNAR O NEG\u00d3CIO DA SUA VIDA.<\/p>\n<p>Seja para interagir com pessoas queridas ou adquirir produtos e servi\u00e7os, a internet tomou conta da nossa vida. Estamos diante de uma oportunidade rara: um mercado com potencial para crescer 100% ou mais nos pr\u00f3ximos anos. Portanto, se voc\u00ea \u00e9 um empreendedor com um neg\u00f3cio f\u00edsico ou algu\u00e9m planejando o primeiro neg\u00f3cio, desenvolver uma estrat\u00e9gia on-line deve ser a sua prioridade n\u00famero 1 agora!<\/p>\n<p>Para ajud\u00e1-lo a come\u00e7ar, Bruno de Oliveira, fundador do Ecommerce na Pr\u00e1tica, compartilha neste livro o passo a passo para que a sua empreitada seja bem-sucedida. O autor, que j\u00e1 ajudou in\u00fameros neg\u00f3cios a sair do zero e faturar mais de R$ 100 mil por m\u00eas, mostrar\u00e1 a voc\u00ea como:<br \/>\u25cfEvitar os erros mais cometidos por quem tenta abrir um e-commerce;<br \/>\u25cfCriar seu pr\u00f3prio mercado e se ver livre da concorr\u00eancia;<br \/>\u25cfPlanejar, criar uma estrutura simples para desenvolver e gerir o pr\u00f3prio neg\u00f3cio;<br \/>\u25cfLivrar-se de uma vez por todas dos principais obst\u00e1culos no caminho de quem quer empreender;<br \/>\u25cfUsar o poder dos maiores e-commerces do mercado a seu favor;<br \/>\u25cfViver de e-commerce!<\/p>\n<p>Voc\u00ea aprender\u00e1 estrat\u00e9gias consagradas para validar seus produtos na internet e encontrar seus caminhos de venda. Em vez de lutar por uma fatia de mercado, voc\u00ea vai saber como criar o pr\u00f3prio mercado, blindando seu neg\u00f3cio diante da concorr\u00eancia e de outros obst\u00e1culos que se tornar\u00e3o irrelevantes para voc\u00ea.<\/p>","protected":false},"featured_media":93680,"comment_status":"open","ping_status":"closed","template":"","meta":[],"product_cat":[1611,1608,1607],"product_tag":[],"class_list":{"0":"post-93680","1":"product","2":"type-product","3":"status-publish","4":"has-post-thumbnail","5":"product_brand-por-bruno-de-oliveira-autor-formato-ebook-kindle","6":"product_cat-administracao-negocios-e-economia","7":"product_cat-ebooks-kindle","8":"product_cat-loja-kindle","10":"first","11":"instock","12":"sale","13":"shipping-taxable","14":"purchasable","15":"product-type-simple"},"aioseo_notices":[],"_links":{"self":[{"href":"https:\/\/www.ecommerceupdate.com.br\/en_za\/wp-json\/wp\/v2\/product\/93680","targetHints":{"allow":["GET"]}}],"collection":[{"href":"https:\/\/www.ecommerceupdate.com.br\/en_za\/wp-json\/wp\/v2\/product"}],"about":[{"href":"https:\/\/www.ecommerceupdate.com.br\/en_za\/wp-json\/wp\/v2\/types\/product"}],"replies":[{"embeddable":true,"href":"https:\/\/www.ecommerceupdate.com.br\/en_za\/wp-json\/wp\/v2\/comments?post=93680"}],"wp:featuredmedia":[{"embeddable":true,"href":"https:\/\/www.ecommerceupdate.com.br\/en_za\/wp-json\/wp\/v2\/product\/93680"}],"wp:attachment":[{"href":"https:\/\/www.ecommerceupdate.com.br\/en_za\/wp-json\/wp\/v2\/media?parent=93680"}],"wp:term":[{"taxonomy":"product_cat","embeddable":true,"href":"https:\/\/www.ecommerceupdate.com.br\/en_za\/wp-json\/wp\/v2\/product_cat?post=93680"},{"taxonomy":"product_tag","embeddable":true,"href":"https:\/\/www.ecommerceupdate.com.br\/en_za\/wp-json\/wp\/v2\/product_tag?post=93680"}],"curies":[{"name":"wp","href":"https:\/\/api.w.org\/{rel}","templated":true}]}}