{"id":91276,"date":"2026-02-05T07:18:12","date_gmt":"2026-02-05T10:18:12","guid":{"rendered":"https:\/\/www.ecommerceupdate.org\/produto\/e-marketplace-para-a-administracao-publica-no-brasil\/"},"modified":"2026-03-20T23:39:59","modified_gmt":"2026-03-21T02:39:59","slug":"e-marketplace-para-a-administracao-publica-no-brasil","status":"publish","type":"product","link":"https:\/\/www.ecommerceupdate.com.br\/es\/produto\/e-marketplace-para-a-administracao-publica-no-brasil\/","title":{"rendered":"Mercado electr\u00f3nico para la administraci\u00f3n p\u00fablica en Brasil"},"content":{"rendered":"<div class=\"woocommerce-product-details\">\n<h3>Detalles del producto<\/h3>\n<ul>\n<li>ASIN: B0DFF5HSS<\/li>\n<li>Editorial: Foro Editora<\/li>\n<li>Accesibilidad: M\u00e1s informaci\u00f3n<\/li>\n<li>Fecha de publicaci\u00f3n: 27 de julio de 2025<\/li>\n<li>Edici\u00f3n: 1a<\/li>\n<li>Idioma: portugu\u00e9s<\/li>\n<li>Tama\u00f1o de archivo: 1,5 MB<\/li>\n<li>Lector de pantalla: Compatible<\/li>\n<li>Configuraci\u00f3n de fuente: habilitada<\/li>\n<li>Consejos de vocabulario: no habilitado<\/li>\n<li>N\u00famero de p\u00e1ginas: 152 p\u00e1ginas<\/li>\n<li>Cambio de p\u00e1gina: habilitado<\/li>\n<li>Clasificaci\u00f3n de los m\u00e1s vendidos: No 305,794 en Kindle Store (Conozca el Top 100 en la categor\u00eda Kindle Store) No 6,221 en Derecho (Kindle Store)<\/li>\n<li>6.221 en Ley (Kindle Store)<\/li>\n<\/ul><\/div>","protected":false},"excerpt":{"rendered":"<p>El libro Mercado electr\u00f3nico para la administraci\u00f3n p\u00fablica en Brasil propone una nueva visi\u00f3n sobre la contrataci\u00f3n p\u00fablica a la luz de la Ley 14.133\/2021, destacando los mercados electr\u00f3nicos como herramienta de transformaci\u00f3n digital en el sector p\u00fablico. El trabajo combina rigor t\u00e9cnico y lenguaje accesible para presentar conceptos, fundamentos jur\u00eddicos, ventajas y desaf\u00edos de la adopci\u00f3n de estas plataformas electr\u00f3nicas, centr\u00e1ndose en la eficiencia, la innovaci\u00f3n y la transparencia. Ilustraciones con casos reales, an\u00e1lisis jur\u00eddicos y experiencias internacionales enriquecen la lectura, haciendo del libro una referencia indispensable para gestores p\u00fablicos, acad\u00e9micos y profesionales en el \u00e1rea de la contrataci\u00f3n p\u00fablica.<\/p>","protected":false},"featured_media":91276,"comment_status":"open","ping_status":"closed","template":"","meta":[],"product_cat":[1609,1608,1607],"product_tag":[],"class_list":{"0":"post-91276","1":"product","2":"type-product","3":"status-publish","4":"has-post-thumbnail","6":"product_brand-por-christianne-stroppa-autor-tatiana-camaro-autor-formato-ebook-kindle","7":"product_cat-direito","8":"product_cat-ebooks-kindle","9":"product_cat-loja-kindle","11":"first","12":"instock","13":"sale","14":"shipping-taxable","15":"purchasable","16":"product-type-simple"},"aioseo_notices":[],"_links":{"self":[{"href":"https:\/\/www.ecommerceupdate.com.br\/es\/wp-json\/wp\/v2\/product\/91276","targetHints":{"allow":["GET"]}}],"collection":[{"href":"https:\/\/www.ecommerceupdate.com.br\/es\/wp-json\/wp\/v2\/product"}],"about":[{"href":"https:\/\/www.ecommerceupdate.com.br\/es\/wp-json\/wp\/v2\/types\/product"}],"replies":[{"embeddable":true,"href":"https:\/\/www.ecommerceupdate.com.br\/es\/wp-json\/wp\/v2\/comments?post=91276"}],"wp:featuredmedia":[{"embeddable":true,"href":"https:\/\/www.ecommerceupdate.com.br\/es\/wp-json\/wp\/v2\/product\/91276"}],"wp:attachment":[{"href":"https:\/\/www.ecommerceupdate.com.br\/es\/wp-json\/wp\/v2\/media?parent=91276"}],"wp:term":[{"taxonomy":"product_cat","embeddable":true,"href":"https:\/\/www.ecommerceupdate.com.br\/es\/wp-json\/wp\/v2\/product_cat?post=91276"},{"taxonomy":"product_tag","embeddable":true,"href":"https:\/\/www.ecommerceupdate.com.br\/es\/wp-json\/wp\/v2\/product_tag?post=91276"}],"curies":[{"name":"wp","href":"https:\/\/api.w.org\/{rel}","templated":true}]}}