{"id":91660,"date":"2026-02-07T12:37:33","date_gmt":"2026-02-07T15:37:33","guid":{"rendered":"https:\/\/www.ecommerceupdate.org\/produto\/logistica-de-e-commerce\/"},"modified":"2026-03-13T15:23:37","modified_gmt":"2026-03-13T18:23:37","slug":"logistica-de-e-commerce","status":"publish","type":"product","link":"https:\/\/www.ecommerceupdate.com.br\/es\/produto\/logistica-de-e-commerce\/","title":{"rendered":"Log\u00edstica de comercio electr\u00f3nico"},"content":{"rendered":"<div class=\"woocommerce-product-details\"><\/div>","protected":false},"excerpt":{"rendered":"<p>Estimado(a) estudiante(a), el comercio electr\u00f3nico ha transformado la forma en que las personas se relacionan con las empresas. Si antes necesitaran trasladarse al establecimiento para realizar su compra, hoy cualquier persona con un tel\u00e9fono inteligente con acceso a Internet puede, con toda comodidad, realizar una compra y realizar un seguimiento del estado de su pedido online. Por un lado, el consumidor tiene m\u00e1s poder y comodidad en la relaci\u00f3n con la empresa; por otro, incorporar al d\u00eda a d\u00eda del negocio un enorme desaf\u00edo en la gesti\u00f3n de toda la cadena de suministro espero que el producto sea entregado por el canal m\u00e1s r\u00e1pido, en el menor tiempo, en el lugar adecuado y de acuerdo con la petici\u00f3n del cliente. Este trabajo tiene un gran conocimiento, teniendo en cuenta el negocio, teniendo en cuenta el mercado y teniendo en cuenta las mejores pr\u00e1cticas, en el mercado, los aspectos m\u00e1s importantes del mercado, el mercado, el mercado, lo m\u00e1s importante, lo m\u00e1s importante, lo m\u00e1s importante, lo m\u00e1s importante, lo m\u00e1s importante, lo m\u00e1s importante, lo m\u00e1s importante, lo m\u00e1s importante, lo m\u00e1s importante, lo m\u00e1s importante, lo m\u00e1s importante, lo m\u00e1s importante, lo m\u00e1s importante, lo m\u00e1s importante, lo m\u00e1s importante, lo m\u00e1s importante, lo m\u00e1s importante, lo m\u00e1s importante, lo m\u00e1s importante.<\/p>","protected":false},"featured_media":91660,"comment_status":"open","ping_status":"closed","template":"","meta":[],"product_cat":[1653,1595],"product_tag":[],"class_list":{"0":"post-91660","1":"product","2":"type-product","3":"status-publish","4":"has-post-thumbnail","6":"product_brand-por-elson-hazelski-teixeira-autor","7":"product_cat-educacao-referencia-e-didaticos","8":"product_cat-livros","10":"first","11":"instock","12":"shipping-taxable","13":"purchasable","14":"product-type-simple"},"aioseo_notices":[],"_links":{"self":[{"href":"https:\/\/www.ecommerceupdate.com.br\/es\/wp-json\/wp\/v2\/product\/91660","targetHints":{"allow":["GET"]}}],"collection":[{"href":"https:\/\/www.ecommerceupdate.com.br\/es\/wp-json\/wp\/v2\/product"}],"about":[{"href":"https:\/\/www.ecommerceupdate.com.br\/es\/wp-json\/wp\/v2\/types\/product"}],"replies":[{"embeddable":true,"href":"https:\/\/www.ecommerceupdate.com.br\/es\/wp-json\/wp\/v2\/comments?post=91660"}],"wp:featuredmedia":[{"embeddable":true,"href":"https:\/\/www.ecommerceupdate.com.br\/es\/wp-json\/wp\/v2\/product\/91660"}],"wp:attachment":[{"href":"https:\/\/www.ecommerceupdate.com.br\/es\/wp-json\/wp\/v2\/media?parent=91660"}],"wp:term":[{"taxonomy":"product_cat","embeddable":true,"href":"https:\/\/www.ecommerceupdate.com.br\/es\/wp-json\/wp\/v2\/product_cat?post=91660"},{"taxonomy":"product_tag","embeddable":true,"href":"https:\/\/www.ecommerceupdate.com.br\/es\/wp-json\/wp\/v2\/product_tag?post=91660"}],"curies":[{"name":"wp","href":"https:\/\/api.w.org\/{rel}","templated":true}]}}