{"id":91680,"date":"2026-02-07T21:06:53","date_gmt":"2026-02-08T00:06:53","guid":{"rendered":"https:\/\/www.ecommerceupdate.org\/produto\/a-logistica-no-e-commerce-brasileiro-do-clique-a-entrega-analise-e-perspectivas-do-setor-de-transporte-no-comercio-digital\/"},"modified":"2026-03-13T15:25:24","modified_gmt":"2026-03-13T18:25:24","slug":"a-logistica-no-e-commerce-brasileiro-do-clique-a-entrega-analise-e-perspectivas-do-setor-de-transporte-no-comercio-digital","status":"publish","type":"product","link":"https:\/\/www.ecommerceupdate.com.br\/es\/produto\/a-logistica-no-e-commerce-brasileiro-do-clique-a-entrega-analise-e-perspectivas-do-setor-de-transporte-no-comercio-digital\/","title":{"rendered":"Log\u00edstica en el comercio electr\u00f3nico brasile\u00f1o: del clic a la entrega: an\u00e1lisis y perspectivas del sector del transporte en el comercio digital"},"content":{"rendered":"<div class=\"woocommerce-product-details\">\n<div id=\"aplus_feature_div\" class=\"celwidget\" data-feature-name=\"aplus\" data-csa-c-type=\"widget\" data-csa-c-content-id=\"aplus\" data-csa-c-slot-id=\"aplus_feature_div\" data-csa-c-asin=\"\" data-csa-c-is-in-initial-active-row=\"false\">\n<div id=\"aplus\" class=\"a-section a-spacing-large bucket\">\n<h3 class=\"\">Del editor<\/h3>\n<div lang=\"pt_BR\">\n<div class=\"aplus-v2 desktop celwidget\">\n<div class=\"celwidget aplus-module module-12 aplus-standard\">\n<div class=\"aplus-module-wrapper apm-spacing apm-floatnone apm-fixed-width\">\n<div class=\"apm-sidemodule aplus-module-content\">\n<div class=\"apm-hero-image\"> <img decoding=\"async\" alt=\"Log\u00edstica en el comercio electr\u00f3nico brasile\u00f1o\" src=\"https:\/\/m.media-amazon.com\/images\/S\/aplus-media-library-service-media\/ad50992c-bc13-4dd0-ade2-7f2e6ab2716b.__CR0,0,970,300_PT0_SX970_V1___.jpg\" \/> <\/div>\n<\/p>\n<\/div>\n<\/div>\n<\/div>\n<div class=\"celwidget aplus-module module-12 aplus-standard\">\n<div class=\"aplus-module-wrapper apm-spacing apm-floatnone apm-fixed-width\">\n<div class=\"apm-sidemodule aplus-module-content\">\n<div class=\"apm-hero-image\"> <img decoding=\"async\" alt=\"Log\u00edstica en el comercio electr\u00f3nico brasile\u00f1o\" src=\"https:\/\/m.media-amazon.com\/images\/S\/aplus-media-library-service-media\/c799f656-e67b-4242-b264-4d13cd7265bf.__CR0,0,970,300_PT0_SX970_V1___.jpg\" \/> <\/div>\n<\/p>\n<\/div>\n<\/div>\n<\/div>\n<div class=\"celwidget aplus-module module-12 aplus-standard\">\n<div class=\"aplus-module-wrapper apm-spacing apm-floatnone apm-fixed-width\">\n<div class=\"apm-sidemodule aplus-module-content\">\n<div class=\"apm-hero-image\"> <img decoding=\"async\" alt=\"Log\u00edstica en el comercio electr\u00f3nico brasile\u00f1o\" src=\"https:\/\/m.media-amazon.com\/images\/S\/aplus-media-library-service-media\/3c458979-6216-4a85-baaf-300640a34d40.__CR0,0,970,300_PT0_SX970_V1___.jpg\" \/> <\/div>\n<\/p>\n<\/div>\n<\/div>\n<\/div>\n<div class=\"celwidget aplus-module module-12 aplus-standard\">\n<div class=\"aplus-module-wrapper apm-spacing apm-floatnone apm-fixed-width\">\n<div class=\"apm-sidemodule aplus-module-content\">\n<div class=\"apm-hero-image\"> <img decoding=\"async\" alt=\"Log\u00edstica en el comercio electr\u00f3nico brasile\u00f1o\" src=\"https:\/\/m.media-amazon.com\/images\/S\/aplus-media-library-service-media\/092829db-230c-4837-9d5a-1ab5b40fc9cf.__CR0,0,970,300_PT0_SX970_V1___.jpg\" \/> <\/div>\n<\/p>\n<\/div>\n<\/div>\n<\/div>\n<\/div>\n<\/div>\n<\/div>\n<\/div>\n<h3>Detalles del producto<\/h3>\n<ul>\n<li>Editorial: Alta Libros<\/li>\n<li>Fecha de publicaci\u00f3n: 31 de julio de 2024<\/li>\n<li>Edici\u00f3n: 1a<\/li>\n<li>Idioma: portugu\u00e9s<\/li>\n<li>N\u00famero de p\u00e1ginas: 240 p\u00e1ginas<\/li>\n<li>ISBN-10:8550821535<\/li>\n<li>ISBN-13:978-8550821535<\/li>\n<li>Peso del producto: 340g<\/li>\n<li>Edad de lectura: 12 a\u00f1os y m\u00e1s<\/li>\n<li>Dimensiones: 16 x 1,5 x 23 cm<\/li>\n<li>Ranking de los m\u00e1s vendidos: No 93.523 en libros (Conozca el Top 100 en la categor\u00eda de libros) No 32 en comercio en l\u00ednea No 110 en marketing web No 2.135 en gesti\u00f3n y liderazgo<\/li>\n<li>32 En Comercio Online<\/li>\n<li>110 En marketing web<\/li>\n<li>2.135 en Gesti\u00f3n y Liderazgo<\/li>\n<li>Opiniones de clientes: 4,3 4,3 de 5 estrellas (8)<\/li>\n<\/ul><\/div>","protected":false},"excerpt":{"rendered":"<p>Imag\u00ednese las siguientes situaciones:<br \/> ''compras una prenda de vestir a trav\u00e9s de Internet y, de camino del trabajo a casa, retiras el producto en un punto de entrega cercano.<br \/> ''compra online el libro que tanto deseas y la publicaci\u00f3n llega a tus manos en unas horas.<br \/> 30 Realiza la solicitud de un snack por celular, y llega a ti en 30 minutos, mediante un dron.<br \/> Estos son algunos ejemplos de soluciones que ya mejoran la experiencia de compra del cliente y la har\u00e1n a\u00fan m\u00e1s positiva en los pr\u00f3ximos a\u00f1os, acortando la relaci\u00f3n de tiempo y espacio en la adquisici\u00f3n de un bien. Esto demuestra la importancia de conocer en profundidad el comercio electr\u00f3nico, especialmente los procesos log\u00edsticos que contribuyen a la utop\u00eda de la entrega instant\u00e1nea. Esto es lo que propone la publicaci\u00f3n Log\u00edstica en el Comercio Electr\u00f3nico Brasile\u00f1o.<br \/> El libro aborda de manera innovadora los cambios, oportunidades, tendencias y desaf\u00edos que el comercio electr\u00f3nico ha tra\u00eddo a la log\u00edstica, en particular al transporte, aportando tambi\u00e9n los resultados de una encuesta sin precedentes realizada con los principales transportistas que operan en este segmento. Al presentar las bases del apoyo al comercio electr\u00f3nico, este trabajo se vuelve esencial para quienes quieran conocer en profundidad los complejos procesos involucrados en las ventas a trav\u00e9s de Internet y en el transporte de pedidos. La regla esencial es brindar variedad de servicios de entrega, equilibrando tiempo, costo y conveniencia para el consumidor. <\/p>","protected":false},"featured_media":91680,"comment_status":"open","ping_status":"closed","template":"","meta":[],"product_cat":[1611,1613,1595],"product_tag":[],"class_list":{"0":"post-91680","1":"product","2":"type-product","3":"status-publish","4":"has-post-thumbnail","6":"product_brand-por-bruno-batista-autor-tiago-veras-autor-elaine-radel-autor-felipe-amaral-autor-1-mais","7":"product_cat-administracao-negocios-e-economia","8":"product_cat-industrias-e-profissoes","9":"product_cat-livros","11":"first","12":"instock","13":"sale","14":"shipping-taxable","15":"purchasable","16":"product-type-simple"},"aioseo_notices":[],"_links":{"self":[{"href":"https:\/\/www.ecommerceupdate.com.br\/es\/wp-json\/wp\/v2\/product\/91680","targetHints":{"allow":["GET"]}}],"collection":[{"href":"https:\/\/www.ecommerceupdate.com.br\/es\/wp-json\/wp\/v2\/product"}],"about":[{"href":"https:\/\/www.ecommerceupdate.com.br\/es\/wp-json\/wp\/v2\/types\/product"}],"replies":[{"embeddable":true,"href":"https:\/\/www.ecommerceupdate.com.br\/es\/wp-json\/wp\/v2\/comments?post=91680"}],"wp:featuredmedia":[{"embeddable":true,"href":"https:\/\/www.ecommerceupdate.com.br\/es\/wp-json\/wp\/v2\/product\/91680"}],"wp:attachment":[{"href":"https:\/\/www.ecommerceupdate.com.br\/es\/wp-json\/wp\/v2\/media?parent=91680"}],"wp:term":[{"taxonomy":"product_cat","embeddable":true,"href":"https:\/\/www.ecommerceupdate.com.br\/es\/wp-json\/wp\/v2\/product_cat?post=91680"},{"taxonomy":"product_tag","embeddable":true,"href":"https:\/\/www.ecommerceupdate.com.br\/es\/wp-json\/wp\/v2\/product_tag?post=91680"}],"curies":[{"name":"wp","href":"https:\/\/api.w.org\/{rel}","templated":true}]}}