{"id":93228,"date":"2026-03-01T09:32:48","date_gmt":"2026-03-01T12:32:48","guid":{"rendered":"https:\/\/www.ecommerceupdate.com.br\/produto\/universo-do-e-commerce-portuguese-edition\/"},"modified":"2026-03-13T15:27:39","modified_gmt":"2026-03-13T18:27:39","slug":"universo-do-e-commerce-portuguese-edition","status":"publish","type":"product","link":"https:\/\/www.ecommerceupdate.com.br\/es\/produto\/universo-do-e-commerce-portuguese-edition\/","title":{"rendered":"Universo del comercio electr\u00f3nico (edici\u00f3n portuguesa)"},"content":{"rendered":"<div class=\"woocommerce-product-details\">\n<h3>Detalles del producto<\/h3>\n<ul>\n<li>ASIN: B09S61Z23C<\/li>\n<li>Editorial: Publicado de forma independiente<\/li>\n<li>Fecha de publicaci\u00f3n: 13 de enero de 2022<\/li>\n<li>Idioma: portugu\u00e9s<\/li>\n<li>N\u00famero de p\u00e1ginas: 284 p\u00e1ginas<\/li>\n<li>ISBN-13:979-8401405098<\/li>\n<li>Peso del producto: 494g<\/li>\n<li>Dimensiones: 15,24 x 1,63 x 22,86 cm<\/li>\n<li>Ranking de los m\u00e1s vendidos: No 123 en Investigaci\u00f3n y Educaci\u00f3n No 301 en Desarrollo Profesional y T\u00e9cnico<\/li>\n<li>301 Desarrollo Profesional y T\u00e9cnico<\/li>\n<li>Opiniones de clientes: 4,3 4,3 de 5 estrellas (20)<\/li>\n<\/ul><\/div>","protected":false},"excerpt":{"rendered":"<p>El Universo del Comercio Electr\u00f3nico fue escrito para quienes est\u00e9n interesados en el comercio electr\u00f3nico o que ya operen con canales digitales y quieran conocer nuevas t\u00e9cnicas y conceptos. Este libro debe transmitir conocimientos de una manera que funcione como gu\u00eda para ofrecer una visi\u00f3n macro de todo lo que implica el comercio electr\u00f3nico. Destrinchando temas relacionados con modelos de negocio y operaciones, puntos de marketing, servicios y log\u00edstica, y tambi\u00e9n temas relacionados con tecnolog\u00eda, sistemas e integraciones, accesibilidad y seguridad de la informaci\u00f3n. Para lectores m\u00e1s experimentados, este libro puede servir como canal de consulta, donde cada cap\u00edtulo puede abordar temas espec\u00edficos y pertinentes para su funcionamiento. Para los lectores que est\u00e1n iniciando el viaje en este mundo, pueden aprovechar positivamente el comercio electr\u00f3nico, debido al comienzo del mundo, pueden utilizar este cap\u00edtulo, el e-wise, mucho m\u00e1s.<\/p>","protected":false},"featured_media":0,"comment_status":"open","ping_status":"closed","template":"","meta":[],"product_cat":[1653,1730,1595],"product_tag":[],"class_list":{"0":"post-93228","1":"product","2":"type-product","3":"status-publish","5":"product_brand-por-fellipe-guimares-autor","6":"product_cat-educacao-referencia-e-didaticos","7":"product_cat-escolas-e-ensino","8":"product_cat-livros","10":"first","11":"instock","12":"shipping-taxable","13":"purchasable","14":"product-type-simple"},"aioseo_notices":[],"_links":{"self":[{"href":"https:\/\/www.ecommerceupdate.com.br\/es\/wp-json\/wp\/v2\/product\/93228","targetHints":{"allow":["GET"]}}],"collection":[{"href":"https:\/\/www.ecommerceupdate.com.br\/es\/wp-json\/wp\/v2\/product"}],"about":[{"href":"https:\/\/www.ecommerceupdate.com.br\/es\/wp-json\/wp\/v2\/types\/product"}],"replies":[{"embeddable":true,"href":"https:\/\/www.ecommerceupdate.com.br\/es\/wp-json\/wp\/v2\/comments?post=93228"}],"wp:attachment":[{"href":"https:\/\/www.ecommerceupdate.com.br\/es\/wp-json\/wp\/v2\/media?parent=93228"}],"wp:term":[{"taxonomy":"product_cat","embeddable":true,"href":"https:\/\/www.ecommerceupdate.com.br\/es\/wp-json\/wp\/v2\/product_cat?post=93228"},{"taxonomy":"product_tag","embeddable":true,"href":"https:\/\/www.ecommerceupdate.com.br\/es\/wp-json\/wp\/v2\/product_tag?post=93228"}],"curies":[{"name":"wp","href":"https:\/\/api.w.org\/{rel}","templated":true}]}}