{"id":93229,"date":"2026-03-01T09:32:53","date_gmt":"2026-03-01T12:32:53","guid":{"rendered":"https:\/\/www.ecommerceupdate.com.br\/produto\/empreendendo-no-e-commerce\/"},"modified":"2026-05-13T10:12:06","modified_gmt":"2026-05-13T13:12:06","slug":"empreendendo-no-e-commerce","status":"publish","type":"product","link":"https:\/\/www.ecommerceupdate.com.br\/es\/produto\/empreendendo-no-e-commerce\/","title":{"rendered":"Emprendimiento en comercio electr\u00f3nico"},"content":{"rendered":"<div class=\"woocommerce-product-details\">\n<h3>Detalles del producto<\/h3>\n<ul>\n<li>ASIN: B0F92B2HMQ<\/li>\n<li>Editorial: Ariane Vianna<\/li>\n<li>Accesibilidad: M\u00e1s informaci\u00f3n<\/li>\n<li>Fecha de publicaci\u00f3n: 17 de mayo de 2025<\/li>\n<li>Idioma: portugu\u00e9s<\/li>\n<li>Tama\u00f1o de archivo: 326 KB<\/li>\n<li>Lector de pantalla: Compatible<\/li>\n<li>Configuraci\u00f3n de fuente: habilitada<\/li>\n<li>Consejos de vocabulario: no habilitado<\/li>\n<li>N\u00famero de p\u00e1ginas: 44 p\u00e1ginas<\/li>\n<li>ISBN-13:978-6501462141<\/li>\n<li>Cambio de p\u00e1gina: habilitado<\/li>\n<li>Edad de lectura: 12 18 a\u00f1os<\/li>\n<li>Clasificaci\u00f3n de los m\u00e1s vendidos: No 208,904 en Kindle Store (Conozca los 100 mejores en la categor\u00eda Kindle Store) No 28 en Kindle Standard Dictionaries No 113 en libros electr\u00f3nicos en diarios No 568 en Gesti\u00f3n del tiempo<\/li>\n<li>Diccionarios est\u00e1ndar Kindle de 28 pulgadas<\/li>\n<li>113 En libros electr\u00f3nicos en diario<\/li>\n<li>568 En Gesti\u00f3n del Tiempo<\/li>\n<li>Rese\u00f1as de clientes: 5,0 5,0 de 5 estrellas (11)<\/li>\n<\/ul><\/div>","protected":false},"excerpt":{"rendered":"<p>Despierta el potencial de tu negocio con una gu\u00eda pr\u00e1ctica que te ense\u00f1a c\u00f3mo convertir ideas en una tienda de comercio electr\u00f3nico rentable, enfoc\u00e1ndote en adquisiciones, conversiones y estrategias de gesti\u00f3n eficientes. El trabajo, disponible en Kindle, tiene un precio de solo R$ 25,99 y ofrece pasos concretos, listas de verificaci\u00f3n procesables y ejemplos reales para aplicar ya en tu empresa. Siga leyendo para descubrir c\u00f3mo estructurar su embudo de ventas, optimizar anuncios y escalar con t\u00e9cnicas probadas, hasta convertir a los visitantes en clientes leales.<\/p>","protected":false},"featured_media":93229,"comment_status":"open","ping_status":"closed","template":"","meta":[],"product_cat":[1627,1608,1607],"product_tag":[2692,2693,2694],"class_list":{"0":"post-93229","1":"product","2":"type-product","3":"status-publish","4":"has-post-thumbnail","5":"product_brand-por-ariane-vianna-autor-formato-ebook-kindle","6":"product_cat-autoajuda","7":"product_cat-ebooks-kindle","8":"product_cat-loja-kindle","9":"product_tag-e-book-empreendedorismo-em-e-commerce","10":"product_tag-guia-passo-a-passo-para-loja-online","11":"product_tag-taticas-para-aumentar-faturamento-em-e-commerce","13":"first","14":"instock","15":"shipping-taxable","16":"purchasable","17":"product-type-simple"},"aioseo_notices":[],"_links":{"self":[{"href":"https:\/\/www.ecommerceupdate.com.br\/es\/wp-json\/wp\/v2\/product\/93229","targetHints":{"allow":["GET"]}}],"collection":[{"href":"https:\/\/www.ecommerceupdate.com.br\/es\/wp-json\/wp\/v2\/product"}],"about":[{"href":"https:\/\/www.ecommerceupdate.com.br\/es\/wp-json\/wp\/v2\/types\/product"}],"replies":[{"embeddable":true,"href":"https:\/\/www.ecommerceupdate.com.br\/es\/wp-json\/wp\/v2\/comments?post=93229"}],"wp:featuredmedia":[{"embeddable":true,"href":"https:\/\/www.ecommerceupdate.com.br\/es\/wp-json\/wp\/v2\/product\/93229"}],"wp:attachment":[{"href":"https:\/\/www.ecommerceupdate.com.br\/es\/wp-json\/wp\/v2\/media?parent=93229"}],"wp:term":[{"taxonomy":"product_cat","embeddable":true,"href":"https:\/\/www.ecommerceupdate.com.br\/es\/wp-json\/wp\/v2\/product_cat?post=93229"},{"taxonomy":"product_tag","embeddable":true,"href":"https:\/\/www.ecommerceupdate.com.br\/es\/wp-json\/wp\/v2\/product_tag?post=93229"}],"curies":[{"name":"wp","href":"https:\/\/api.w.org\/{rel}","templated":true}]}}