{"id":93392,"date":"2026-03-04T00:26:49","date_gmt":"2026-03-04T03:26:49","guid":{"rendered":"https:\/\/www.ecommerceupdate.com.br\/produto\/e-commerce-2023-2024-business-technology-society-global-edition\/"},"modified":"2026-04-14T18:43:51","modified_gmt":"2026-04-14T21:43:51","slug":"e-commerce-2023-2024-business-technology-society-global-edition","status":"publish","type":"product","link":"https:\/\/www.ecommerceupdate.com.br\/es\/produto\/e-commerce-2023-2024-business-technology-society-global-edition\/","title":{"rendered":"Comercio electr\u00f3nico 20232024: tecnolog\u00eda empresarial. sociedad., Edici\u00f3n Global"},"content":{"rendered":"<div class=\"woocommerce-product-details\"><\/div>","protected":false},"excerpt":{"rendered":"<p>Comercio electr\u00f3nico 20232024: negocios. tecnolog\u00eda. sociedad. le proporciona una introducci\u00f3n detallada al comercio electr\u00f3nico con cobertura de conceptos clave y los \u00faltimos datos emp\u00edricos y financieros. Cientos de ejemplos de empresas como Meta<sup>\u00ae<\/sup>, TikTok<sup>\u00ae<\/sup>, Netflix<sup>\u00ae<\/sup>, YouTube<sup>\u00ae<\/sup>, Walmart<sup>\u00ae<\/sup>, \u0219i Amazon<sup>\u00ae<\/sup> ilustre c\u00f3mo el comercio electr\u00f3nico est\u00e1 alterando las pr\u00e1cticas comerciales e impulsando cambios en la econom\u00eda global. La 18.a edici\u00f3n presenta todas las aperturas, cierres y \u201cinsight on\u201d nuevos o actualizados. La cobertura refleja los \u00faltimos avances en negocios, tecnolog\u00eda y sociedad que impactan el comercio electr\u00f3nico, con texto, datos, cifras y tablas actualizadas hasta septiembre de 2022. Cada estudiante termina con una secci\u00f3n a trav\u00e9s de materiales en las relaciones, incluidos videos y videos.<\/p>","protected":false},"featured_media":93392,"comment_status":"open","ping_status":"closed","template":"","meta":{"_aipt_faq_data":""},"product_cat":[1611,1595,1610],"product_tag":[],"class_list":{"0":"post-93392","1":"product","2":"type-product","3":"status-publish","4":"has-post-thumbnail","6":"product_brand-edicao-ingls-por-carol-traver-autor-kenneth-laudon-autor","7":"product_cat-administracao-negocios-e-economia","8":"product_cat-livros","9":"product_cat-livros-internacionais","11":"first","12":"instock","13":"shipping-taxable","14":"purchasable","15":"product-type-simple"},"aioseo_notices":[],"_links":{"self":[{"href":"https:\/\/www.ecommerceupdate.com.br\/es\/wp-json\/wp\/v2\/product\/93392","targetHints":{"allow":["GET"]}}],"collection":[{"href":"https:\/\/www.ecommerceupdate.com.br\/es\/wp-json\/wp\/v2\/product"}],"about":[{"href":"https:\/\/www.ecommerceupdate.com.br\/es\/wp-json\/wp\/v2\/types\/product"}],"replies":[{"embeddable":true,"href":"https:\/\/www.ecommerceupdate.com.br\/es\/wp-json\/wp\/v2\/comments?post=93392"}],"wp:featuredmedia":[{"embeddable":true,"href":"https:\/\/www.ecommerceupdate.com.br\/es\/wp-json\/wp\/v2\/product\/93392"}],"wp:attachment":[{"href":"https:\/\/www.ecommerceupdate.com.br\/es\/wp-json\/wp\/v2\/media?parent=93392"}],"wp:term":[{"taxonomy":"product_cat","embeddable":true,"href":"https:\/\/www.ecommerceupdate.com.br\/es\/wp-json\/wp\/v2\/product_cat?post=93392"},{"taxonomy":"product_tag","embeddable":true,"href":"https:\/\/www.ecommerceupdate.com.br\/es\/wp-json\/wp\/v2\/product_tag?post=93392"}],"curies":[{"name":"wp","href":"https:\/\/api.w.org\/{rel}","templated":true}]}}