{"id":93423,"date":"2026-03-04T08:53:32","date_gmt":"2026-03-04T11:53:32","guid":{"rendered":"https:\/\/www.ecommerceupdate.com.br\/produto\/startup-manual-do-empreendedor\/"},"modified":"2026-03-13T15:32:03","modified_gmt":"2026-03-13T18:32:03","slug":"startup-manual-do-empreendedor","status":"publish","type":"product","link":"https:\/\/www.ecommerceupdate.com.br\/es\/produto\/startup-manual-do-empreendedor\/","title":{"rendered":"Startup: Manual del Emprendedor"},"content":{"rendered":"<div class=\"woocommerce-product-details\">\n<h3>Detalles del producto<\/h3>\n<ul>\n<li>Editorial: Alta Libros<\/li>\n<li>Fecha de publicaci\u00f3n: 4 de febrero de 2014<\/li>\n<li>Edici\u00f3n: 1a<\/li>\n<li>Idioma: portugu\u00e9s<\/li>\n<li>N\u00famero de p\u00e1ginas: 572 p\u00e1ginas<\/li>\n<li>ISBN-10:8576087820<\/li>\n<li>ISBN-13:978-8576087823<\/li>\n<li>Peso del producto: 600g<\/li>\n<li>Dimensiones: 16 x 2 x 23 cm<\/li>\n<li>Ranking de los m\u00e1s vendidos: No 14.649 en libros (Conozca el Top 100 en la categor\u00eda de libros) No 62 en Enterprise No 174 en literatura y ficci\u00f3n europeas<\/li>\n<li>62 En Empresa<\/li>\n<li>174 En la literatura y la ficci\u00f3n europeas<\/li>\n<li>Rese\u00f1as de clientes: 4,7 4,7 de 5 estrellas (287)<\/li>\n<\/ul><\/div>","protected":false},"excerpt":{"rendered":"<p>Cada a\u00f1o se invierten miles de millones de d\u00f3lares en empresas de todo el mundo que se encuentran en sus primeras etapas de desarrollo. <br \/> La expectativa es que este dinero regrese en forma de negocios innovadores, participaci\u00f3n de mercado, productos que mejoren nuestra vida diaria, empleos y, obviamente, muchas ganancias en efectivo y mayor valor para el accionista. \u00a1La realidad, sin embargo, es perversa! Los propios inversores saben que el proceso no es lineal y que, seg\u00fan la Asociaci\u00f3n Nacional de Capital Riesgo, de cada 100 empresas que reciben inversi\u00f3n, 40 simplemente se descomponen; 40 generan retornos moderados; y s\u00f3lo 20 se convierten en historias de \u00e9xito. <br \/> \u00bfEs \u00e9sta una de esas reglas inmutables de la naturaleza? <br \/> \u00a1Este libro puede demostrar lo contrario! Una buena idea sin ejecuci\u00f3n no lleva a nadie a ninguna parte, del mismo modo que lo rec\u00edproco es cierto. <br \/> Las ideas surgen todos los d\u00edas, pero no son las que conducen al \u00e9xito o al fracaso. <br \/> Lo primero a considerar es si aborda una necesidad real de un cliente, ya sea una persona o una empresa, y si ese mismo cliente est\u00e1 dispuesto a pagar por la soluci\u00f3n propuesta. El trabajo de los autores, Steve Blank y Bob Dorf punt\u00faa exactamente esta m\u00e1xima: el choque de ideas y su interfaz con el mercado las hacen viables.<br \/> Las empresas de alto potencial se entienden desde afuera hacia adentro, es decir, a trav\u00e9s del mejor proceso de aprendizaje con sus clientes potenciales, antes de la construcci\u00f3n y la escala. Las empresas no fracasan porque tienen un mal producto. Fracasan porque no tienen clientes dispuestos a pagar por las soluciones que ofrecen y por la falta de un modelo de negocio viable.Startup: Entrepreneur's Manual es exactamente lo que dice: una gu\u00eda integral paso a paso que gu\u00eda a las startups para avanzar en la direcci\u00f3n correcta. <br \/> Dirige a los emprendedores a trav\u00e9s del proceso de Desarrollo del Cliente, lo que les hace salir de la oficina y salir a la calle, donde los clientes deben desarrollar productos ganadores que los clientes comprar\u00e1n.<\/p>","protected":false},"featured_media":93423,"comment_status":"open","ping_status":"closed","template":"","meta":[],"product_cat":[1701,1700,1595],"product_tag":[],"class_list":{"0":"post-93423","1":"product","2":"type-product","3":"status-publish","4":"has-post-thumbnail","6":"product_brand-por-bob-dorf-autor-steve-blank-autor","7":"product_cat-drama","8":"product_cat-literatura-e-ficcao","9":"product_cat-livros","11":"first","12":"instock","13":"sale","14":"shipping-taxable","15":"purchasable","16":"product-type-simple"},"aioseo_notices":[],"_links":{"self":[{"href":"https:\/\/www.ecommerceupdate.com.br\/es\/wp-json\/wp\/v2\/product\/93423","targetHints":{"allow":["GET"]}}],"collection":[{"href":"https:\/\/www.ecommerceupdate.com.br\/es\/wp-json\/wp\/v2\/product"}],"about":[{"href":"https:\/\/www.ecommerceupdate.com.br\/es\/wp-json\/wp\/v2\/types\/product"}],"replies":[{"embeddable":true,"href":"https:\/\/www.ecommerceupdate.com.br\/es\/wp-json\/wp\/v2\/comments?post=93423"}],"wp:featuredmedia":[{"embeddable":true,"href":"https:\/\/www.ecommerceupdate.com.br\/es\/wp-json\/wp\/v2\/product\/93423"}],"wp:attachment":[{"href":"https:\/\/www.ecommerceupdate.com.br\/es\/wp-json\/wp\/v2\/media?parent=93423"}],"wp:term":[{"taxonomy":"product_cat","embeddable":true,"href":"https:\/\/www.ecommerceupdate.com.br\/es\/wp-json\/wp\/v2\/product_cat?post=93423"},{"taxonomy":"product_tag","embeddable":true,"href":"https:\/\/www.ecommerceupdate.com.br\/es\/wp-json\/wp\/v2\/product_tag?post=93423"}],"curies":[{"name":"wp","href":"https:\/\/api.w.org\/{rel}","templated":true}]}}