{"id":93540,"date":"2026-03-04T20:14:28","date_gmt":"2026-03-04T23:14:28","guid":{"rendered":"https:\/\/www.ecommerceupdate.com.br\/produto\/aspectos-juridicos-do-e-commerce-2o-edicao\/"},"modified":"2026-03-13T15:32:54","modified_gmt":"2026-03-13T18:32:54","slug":"aspectos-juridicos-do-e-commerce-2o-edicao","status":"publish","type":"product","link":"https:\/\/www.ecommerceupdate.com.br\/es\/produto\/aspectos-juridicos-do-e-commerce-2o-edicao\/","title":{"rendered":"Aspectos Jur\u00eddicos del Comercio Electr\u00f3nico 2a edici\u00f3n"},"content":{"rendered":"<div class=\"woocommerce-product-details\">\n<div id=\"aplus_feature_div\" class=\"celwidget\" data-feature-name=\"aplus\" data-csa-c-type=\"widget\" data-csa-c-content-id=\"aplus\" data-csa-c-slot-id=\"aplus_feature_div\" data-csa-c-asin=\"\" data-csa-c-is-in-initial-active-row=\"false\">\n<div id=\"aplus\" class=\"a-section a-spacing-large bucket\">\n<h3 class=\"\">Del editor<\/h3>\n<div lang=\"pt_BR\">\n<div class=\"aplus-v2 desktop celwidget\">\n<div class=\"celwidget aplus-module 3p-module-b aplus-standard\">\n<div class=\"aplus-module-wrapper aplus-3p-fixed-width\"> <img decoding=\"async\" alt=\"RT\" src=\"https:\/\/m.media-amazon.com\/images\/S\/aplus-media-library-service-media\/2e3910f4-c76a-4531-856f-1bd196e0f4c6.__CR58,0,1164,720_PT0_SX970_V1___.png\" \/> <\/div>\n<\/p>\n<\/div>\n<div class=\"celwidget aplus-module 3p-module-b aplus-standard\">\n<div class=\"aplus-module-wrapper aplus-3p-fixed-width\"> <img decoding=\"async\" alt=\"RT\" src=\"https:\/\/m.media-amazon.com\/images\/S\/aplus-media-library-service-media\/c5fc3e9f-3ba2-4354-8300-989bf32708ab.__CR58,0,1164,720_PT0_SX970_V1___.png\" \/> <\/div>\n<\/p>\n<\/div>\n<div class=\"celwidget aplus-module 3p-module-b aplus-standard\">\n<div class=\"aplus-module-wrapper aplus-3p-fixed-width\"> <img decoding=\"async\" alt=\"RT\" src=\"https:\/\/m.media-amazon.com\/images\/S\/aplus-media-library-service-media\/d20d4d5e-3ef5-48b1-a0c6-eaf6df0a2862.__CR58,0,1164,720_PT0_SX970_V1___.png\" \/> <\/div>\n<\/p>\n<\/div>\n<div class=\"celwidget aplus-module 3p-module-b aplus-standard\">\n<div class=\"aplus-module-wrapper aplus-3p-fixed-width\"> <img decoding=\"async\" alt=\"RT\" src=\"https:\/\/m.media-amazon.com\/images\/S\/aplus-media-library-service-media\/9af8c258-5aaa-4019-b318-ec15b48995d1.__CR58,0,1164,720_PT0_SX970_V1___.png\" \/> <\/div>\n<\/p>\n<\/div>\n<\/div>\n<\/div>\n<\/div>\n<\/div>\n<h3>Detalles del producto<\/h3>\n<ul>\n<li>Editorial: Revista dos Tribunais<\/li>\n<li>Fecha de publicaci\u00f3n: 1 de julio de 2022<\/li>\n<li>Edici\u00f3n: Edici\u00f3n est\u00e1ndar<\/li>\n<li>N\u00famero de p\u00e1ginas: 388 p\u00e1ginas<\/li>\n<li>ISBN-10:6556147443<\/li>\n<li>ISBN-13:978-6556147444<\/li>\n<li>Peso del producto: 480g<\/li>\n<li>Dimensiones: 2 x 16 x 23 cm<\/li>\n<li>Ranking de los m\u00e1s vendidos: No 428.120 en Libros (Conozca el Top 100 en la categor\u00eda Libros) No 18.314 en Derecho Profesional y T\u00e9cnico<\/li>\n<li>18.314 en Derecho Profesional y T\u00e9cnico<\/li>\n<li>Valoraciones de clientes: 5,0 5,0 de 5 estrellas (1)<\/li>\n<\/ul><\/div>","protected":false},"excerpt":{"rendered":"<p>el trabajo cuenta con el aporte de 23 expertos que abordan diferentes aspectos legales del comercio electr\u00f3nico a trav\u00e9s de art\u00edculos. Los temas se estructuraron de manera sistem\u00e1tica, a partir de la evoluci\u00f3n hist\u00f3rica del comercio electr\u00f3nico, a trav\u00e9s de la planificaci\u00f3n corporativa y fiscal, el desarrollo de sitios web, nombres de dominio, marcas, software, uso de im\u00e1genes y expone de manera profunda y actual el tratamiento de datos personales, t\u00e9rminos y condiciones de uso del sitio web, contrataci\u00f3n de medios de pago, aspectos competitivos y laborales, contrataci\u00f3n de influencers digitales, promociones comerciales, fraudes electr\u00f3nicos, entre otros. El libro tambi\u00e9n aborda cuestiones preventivas del comercio electr\u00f3nico que involucran la relaci\u00f3n con proveedores y clientes, tanto en el uso de la Ley como en el uso de Internet.<\/p>","protected":false},"featured_media":93540,"comment_status":"open","ping_status":"closed","template":"","meta":[],"product_cat":[1609,1595],"product_tag":[],"class_list":{"0":"post-93540","1":"product","2":"type-product","3":"status-publish","4":"has-post-thumbnail","6":"product_brand-por-ndia-andreotti-tchumantel-hackerott-autor","7":"product_cat-direito","8":"product_cat-livros","10":"first","11":"instock","12":"sale","13":"shipping-taxable","14":"purchasable","15":"product-type-simple"},"aioseo_notices":[],"_links":{"self":[{"href":"https:\/\/www.ecommerceupdate.com.br\/es\/wp-json\/wp\/v2\/product\/93540","targetHints":{"allow":["GET"]}}],"collection":[{"href":"https:\/\/www.ecommerceupdate.com.br\/es\/wp-json\/wp\/v2\/product"}],"about":[{"href":"https:\/\/www.ecommerceupdate.com.br\/es\/wp-json\/wp\/v2\/types\/product"}],"replies":[{"embeddable":true,"href":"https:\/\/www.ecommerceupdate.com.br\/es\/wp-json\/wp\/v2\/comments?post=93540"}],"wp:featuredmedia":[{"embeddable":true,"href":"https:\/\/www.ecommerceupdate.com.br\/es\/wp-json\/wp\/v2\/product\/93540"}],"wp:attachment":[{"href":"https:\/\/www.ecommerceupdate.com.br\/es\/wp-json\/wp\/v2\/media?parent=93540"}],"wp:term":[{"taxonomy":"product_cat","embeddable":true,"href":"https:\/\/www.ecommerceupdate.com.br\/es\/wp-json\/wp\/v2\/product_cat?post=93540"},{"taxonomy":"product_tag","embeddable":true,"href":"https:\/\/www.ecommerceupdate.com.br\/es\/wp-json\/wp\/v2\/product_tag?post=93540"}],"curies":[{"name":"wp","href":"https:\/\/api.w.org\/{rel}","templated":true}]}}