{"id":93564,"date":"2026-03-04T20:20:05","date_gmt":"2026-03-04T23:20:05","guid":{"rendered":"https:\/\/www.ecommerceupdate.com.br\/produto\/logistica-aplicada-ao-e-commerce-serie-universitaria\/"},"modified":"2026-03-13T15:36:47","modified_gmt":"2026-03-13T18:36:47","slug":"logistica-aplicada-ao-e-commerce-serie-universitaria","status":"publish","type":"product","link":"https:\/\/www.ecommerceupdate.com.br\/es\/produto\/logistica-aplicada-ao-e-commerce-serie-universitaria\/","title":{"rendered":"Log\u00edstica aplicada al comercio electr\u00f3nico (University Series)"},"content":{"rendered":"<div class=\"woocommerce-product-details\">\n<h3>Detalles del producto<\/h3>\n<ul>\n<li>ASIN: B0C2RJGYGP<\/li>\n<li>Editorial: Editora Senac Sao Paulo<\/li>\n<li>Accesibilidad: M\u00e1s informaci\u00f3n<\/li>\n<li>Fecha de publicaci\u00f3n: 17 de abril de 2023<\/li>\n<li>Edici\u00f3n: 1a<\/li>\n<li>Idioma: portugu\u00e9s<\/li>\n<li>Tama\u00f1o del archivo: 3,7 MB<\/li>\n<li>Lector de pantalla: Compatible<\/li>\n<li>Configuraci\u00f3n de fuente: habilitada<\/li>\n<li>Consejos de vocabulario: no habilitado<\/li>\n<li>N\u00famero de p\u00e1ginas: 154 p\u00e1ginas<\/li>\n<li>ISBN-13:978-8539633098<\/li>\n<li>Cambio de p\u00e1gina: habilitado<\/li>\n<li>Ranking de los m\u00e1s vendidos: No 458,764 en Kindle Store (Conozca el Top 100 en la categor\u00eda Kindle Store) No 245 en Comercio electr\u00f3nico No 16,637 en Negocios y Econom\u00eda<\/li>\n<li>245 En Comercio Electr\u00f3nico<\/li>\n<li>16.637 en Negocios y Econom\u00eda<\/li>\n<li>Rese\u00f1as de clientes: 4.0 4.0 de 5 estrellas (2)<\/li>\n<\/ul><\/div>","protected":false},"excerpt":{"rendered":"<p>La Serie Universitaria fue desarrollada por Senac Sao Paulo con el fin de preparar profesionales para el mercado laboral. Los t\u00edtulos cubren varias \u00e1reas, que van desde conocimientos te\u00f3ricos y pr\u00e1cticos adecuados a exigencias profesionales hasta una formaci\u00f3n \u00e9tica y s\u00f3lida. <br \/>La log\u00edstica aplicada al comercio electr\u00f3nico proporciona una visi\u00f3n general de toda la operaci\u00f3n log\u00edstica realizada en el comercio electr\u00f3nico, presentando la din\u00e1mica del comercio electr\u00f3nico y su cadena de suministro. Entre los temas tratados se encuentran la integraci\u00f3n multicanal, el flujo de pedidos y entregas y la red de distribuci\u00f3n. El libro tambi\u00e9n trata sobre la log\u00edstica inversa de bienes posventa, tecnolog\u00edas de la informaci\u00f3n e indicadores de desempe\u00f1o log\u00edstico aplicados al comercio electr\u00f3nico. El objetivo es proporcionar al lector una visi\u00f3n general de la operaci\u00f3n log\u00edstica necesaria para el buen desempe\u00f1o de este tipo de comercio.<\/p>","protected":false},"featured_media":93564,"comment_status":"open","ping_status":"closed","template":"","meta":[],"product_cat":[1611,1613,1595],"product_tag":[],"class_list":{"0":"post-93564","1":"product","2":"type-product","3":"status-publish","4":"has-post-thumbnail","6":"product_brand-por-marcos-alberto-de-oliveira-autor-formato-ebook-kindle","7":"product_cat-administracao-negocios-e-economia","8":"product_cat-industrias-e-profissoes","9":"product_cat-livros","11":"first","12":"instock","13":"shipping-taxable","14":"purchasable","15":"product-type-simple"},"aioseo_notices":[],"_links":{"self":[{"href":"https:\/\/www.ecommerceupdate.com.br\/es\/wp-json\/wp\/v2\/product\/93564","targetHints":{"allow":["GET"]}}],"collection":[{"href":"https:\/\/www.ecommerceupdate.com.br\/es\/wp-json\/wp\/v2\/product"}],"about":[{"href":"https:\/\/www.ecommerceupdate.com.br\/es\/wp-json\/wp\/v2\/types\/product"}],"replies":[{"embeddable":true,"href":"https:\/\/www.ecommerceupdate.com.br\/es\/wp-json\/wp\/v2\/comments?post=93564"}],"wp:featuredmedia":[{"embeddable":true,"href":"https:\/\/www.ecommerceupdate.com.br\/es\/wp-json\/wp\/v2\/product\/93564"}],"wp:attachment":[{"href":"https:\/\/www.ecommerceupdate.com.br\/es\/wp-json\/wp\/v2\/media?parent=93564"}],"wp:term":[{"taxonomy":"product_cat","embeddable":true,"href":"https:\/\/www.ecommerceupdate.com.br\/es\/wp-json\/wp\/v2\/product_cat?post=93564"},{"taxonomy":"product_tag","embeddable":true,"href":"https:\/\/www.ecommerceupdate.com.br\/es\/wp-json\/wp\/v2\/product_tag?post=93564"}],"curies":[{"name":"wp","href":"https:\/\/api.w.org\/{rel}","templated":true}]}}