{"id":93579,"date":"2026-03-04T20:39:06","date_gmt":"2026-03-04T23:39:06","guid":{"rendered":"https:\/\/www.ecommerceupdate.com.br\/produto\/marketing-with-ai-for-dummies\/"},"modified":"2026-03-13T15:38:25","modified_gmt":"2026-03-13T18:38:25","slug":"marketing-with-ai-for-dummies","status":"publish","type":"product","link":"https:\/\/www.ecommerceupdate.com.br\/es\/produto\/marketing-with-ai-for-dummies\/","title":{"rendered":"Marketing con IA para Dummies"},"content":{"rendered":"<div class=\"woocommerce-product-details\">\n<h3>Detalles del producto<\/h3>\n<ul>\n<li>Editorial: Para tontos<\/li>\n<li>Fecha de publicaci\u00f3n: 1 de octubre de 2024<\/li>\n<li>Edici\u00f3n: 1a<\/li>\n<li>Idioma: Ingl\u00e9s<\/li>\n<li>N\u00famero de p\u00e1ginas: 400 p\u00e1ginas<\/li>\n<li>ISBN-10:1394237197<\/li>\n<li>ISBN-13:978-1394237197<\/li>\n<li>Peso del producto: 716g<\/li>\n<li>Dimensiones: 18,8 x 2,79 x 23,11 cm<\/li>\n<li>Clasificaci\u00f3n de los m\u00e1s vendidos: No 545.832 en libros (Conozca el Top 100 en la categor\u00eda de libros) No 160 en Investigaci\u00f3n de mercados importados No 366 en Marketing web importado<\/li>\n<li>160 En Investigaci\u00f3n de Mercados Importados<\/li>\n<li>366 En Marketing Web Importado<\/li>\n<li>Opiniones de clientes: 4,7 4,7 de 5 estrellas (21)<\/li>\n<\/ul><\/div>","protected":false},"excerpt":{"rendered":"<p>Mant\u00e9ngase a la vanguardia en el juego del marketing aprovechando el poder del marketing de inteligencia artificial con IA. Para Dummies es su introducci\u00f3n a la revoluci\u00f3n que est\u00e1 ocurriendo en la industria del marketing, gracias a las herramientas de inteligencia artificial que pueden crear texto, im\u00e1genes, audio, video, sitios web, y m\u00e1s. Este libro captura la visi\u00f3n de los ejecutivos l\u00edderes en marketing Shiv Single sobre c\u00f3mo la IA cambiar\u00e1 el marketing, ayudando a los especialistas en marketing nuevos y experimentados a abordar los planes, el contenido, las tecnolog\u00edas creativas y las fuerzas de alegaci\u00f3n de la IA, y la localizaci\u00f3n.<span>Eche un vistazo al funcionamiento interno de las herramientas de marketing de IA para ver c\u00f3mo puede aprovechar mejor sus capacidades<\/span>Eche un vistazo al funcionamiento interno de las herramientas de marketing de IA para ver c\u00f3mo puede aprovechar mejor sus capacidades<span>Identifique clientes, cree contenido, personalice la divulgaci\u00f3n y personalice la experiencia del cliente con IA<\/span>Identifique clientes, cree contenido, personalice la divulgaci\u00f3n y personalice la experiencia del cliente con IA<span>Considere c\u00f3mo se puede restaurar su equipo, departamento u organizaci\u00f3n para conducir en un mundo habilitado para IA<\/span>Considere c\u00f3mo se puede restaurar su equipo, departamento u organizaci\u00f3n para conducir en un mundo habilitado para IA<span>Aprenda de valiosos estudios de casos que muestran c\u00f3mo las grandes organizaciones utilizan la IA en sus campa\u00f1as<\/span>Aprenda de valiosos estudios de casos que muestran c\u00f3mo las grandes organizaciones utilizan la IA en sus campa\u00f1as<br \/>Esta gu\u00eda de Dummies f\u00e1cil de entender es perfecta para especialistas en marketing de todos los niveles, as\u00ed como para aquellos que solo usan un sombrero de marketing ocasionalmente. Cualquiera que sea su experiencia profesional, Marketing with AI For Dummies lo utilizar\u00e1 en el futuro del marketing.<\/p>","protected":false},"featured_media":93579,"comment_status":"open","ping_status":"closed","template":"","meta":[],"product_cat":[1611,1595,1610],"product_tag":[],"class_list":{"0":"post-93579","1":"product","2":"type-product","3":"status-publish","4":"has-post-thumbnail","6":"product_brand-edicao-ingls-por-shiv-singh-autor","7":"product_cat-administracao-negocios-e-economia","8":"product_cat-livros","9":"product_cat-livros-internacionais","11":"first","12":"instock","13":"shipping-taxable","14":"purchasable","15":"product-type-simple"},"aioseo_notices":[],"_links":{"self":[{"href":"https:\/\/www.ecommerceupdate.com.br\/es\/wp-json\/wp\/v2\/product\/93579","targetHints":{"allow":["GET"]}}],"collection":[{"href":"https:\/\/www.ecommerceupdate.com.br\/es\/wp-json\/wp\/v2\/product"}],"about":[{"href":"https:\/\/www.ecommerceupdate.com.br\/es\/wp-json\/wp\/v2\/types\/product"}],"replies":[{"embeddable":true,"href":"https:\/\/www.ecommerceupdate.com.br\/es\/wp-json\/wp\/v2\/comments?post=93579"}],"wp:featuredmedia":[{"embeddable":true,"href":"https:\/\/www.ecommerceupdate.com.br\/es\/wp-json\/wp\/v2\/product\/93579"}],"wp:attachment":[{"href":"https:\/\/www.ecommerceupdate.com.br\/es\/wp-json\/wp\/v2\/media?parent=93579"}],"wp:term":[{"taxonomy":"product_cat","embeddable":true,"href":"https:\/\/www.ecommerceupdate.com.br\/es\/wp-json\/wp\/v2\/product_cat?post=93579"},{"taxonomy":"product_tag","embeddable":true,"href":"https:\/\/www.ecommerceupdate.com.br\/es\/wp-json\/wp\/v2\/product_tag?post=93579"}],"curies":[{"name":"wp","href":"https:\/\/api.w.org\/{rel}","templated":true}]}}