{"id":93626,"date":"2026-03-05T10:47:42","date_gmt":"2026-03-05T13:47:42","guid":{"rendered":"https:\/\/www.ecommerceupdate.com.br\/produto\/chat-commerce-escale-seus-resultados-transformando-conversas-em-vendas-2\/"},"modified":"2026-03-13T15:40:31","modified_gmt":"2026-03-13T18:40:31","slug":"chat-commerce-escale-seus-resultados-transformando-conversas-em-vendas-2","status":"publish","type":"product","link":"https:\/\/www.ecommerceupdate.com.br\/es\/produto\/chat-commerce-escale-seus-resultados-transformando-conversas-em-vendas-2\/","title":{"rendered":"Comercio de chat: escale sus resultados convirtiendo las conversaciones en ventas"},"content":{"rendered":"<div class=\"woocommerce-product-details\">\n<div id=\"aplus_feature_div\" class=\"celwidget\" data-feature-name=\"aplus\" data-csa-c-type=\"widget\" data-csa-c-content-id=\"aplus\" data-csa-c-slot-id=\"aplus_feature_div\" data-csa-c-asin=\"\" data-csa-c-is-in-initial-active-row=\"false\">\n<div id=\"aplus\" class=\"a-section a-spacing-large bucket\">\n<h3 class=\"\">Del editor<\/h3>\n<div lang=\"pt_BR\">\n<div class=\"aplus-v2 desktop celwidget\">\n<div class=\"celwidget aplus-module 3p-module-b aplus-standard\">\n<div class=\"aplus-module-wrapper aplus-3p-fixed-width\"> <img decoding=\"async\" alt=\"Comercio de chat\" src=\"https:\/\/m.media-amazon.com\/images\/S\/aplus-media-library-service-media\/d3d278d5-8445-4a61-ac56-2b25195491b3.__CR0,0,970,600_PT0_SX970_V1___.jpg\" \/> <\/div>\n<\/p>\n<\/div>\n<div class=\"celwidget aplus-module module-12 aplus-standard\">\n<div class=\"aplus-module-wrapper apm-spacing apm-floatnone apm-fixed-width\">\n<div class=\"apm-sidemodule aplus-module-content\">\n<div class=\"apm-hero-image\"> <img decoding=\"async\" alt=\"Comercio de chat\" src=\"https:\/\/m.media-amazon.com\/images\/S\/aplus-media-library-service-media\/3855f953-7d5d-4dcf-83ca-9d0648be4209.__CR0,0,970,300_PT0_SX970_V1___.jpg\" \/> <\/div>\n<\/p>\n<\/div>\n<\/div>\n<\/div>\n<div class=\"celwidget aplus-module module-12 aplus-standard\">\n<div class=\"aplus-module-wrapper apm-spacing apm-floatnone apm-fixed-width\">\n<div class=\"apm-sidemodule aplus-module-content\">\n<div class=\"apm-hero-image\"> <img decoding=\"async\" alt=\"Comercio de chat\" src=\"https:\/\/m.media-amazon.com\/images\/S\/aplus-media-library-service-media\/96e162c3-c073-4e76-ab93-2411af3999ea.__CR0,0,970,300_PT0_SX970_V1___.jpg\" \/> <\/div>\n<\/p>\n<\/div>\n<\/div>\n<\/div>\n<div class=\"celwidget aplus-module module-12 aplus-standard\">\n<div class=\"aplus-module-wrapper apm-spacing apm-floatnone apm-fixed-width\">\n<div class=\"apm-sidemodule aplus-module-content\">\n<div class=\"apm-hero-image\"> <img decoding=\"async\" alt=\"Comercio de chat\" src=\"https:\/\/m.media-amazon.com\/images\/S\/aplus-media-library-service-media\/b99f3a1e-92a8-4d02-ab81-406f7ecd06d0.__CR0,0,970,300_PT0_SX970_V1___.jpg\" \/> <\/div>\n<\/p>\n<\/div>\n<\/div>\n<\/div>\n<\/div>\n<\/div>\n<\/div>\n<\/div>\n<h3>Detalles del producto<\/h3>\n<ul>\n<li>ASIN: B0FZDDLBKG<\/li>\n<li>Editorial: Alta Libros<\/li>\n<li>Accesibilidad: M\u00e1s informaci\u00f3n<\/li>\n<li>Fecha de publicaci\u00f3n: 15 de diciembre de 2025<\/li>\n<li>Edici\u00f3n: 1a<\/li>\n<li>Idioma: portugu\u00e9s<\/li>\n<li>Tama\u00f1o del archivo: 3,5 MB<\/li>\n<li>Lector de pantalla: Compatible<\/li>\n<li>Configuraci\u00f3n de fuente: habilitada<\/li>\n<li>Consejos de vocabulario: no habilitado<\/li>\n<li>N\u00famero de p\u00e1ginas: 232 p\u00e1ginas<\/li>\n<li>ISBN-13:978-8550828862<\/li>\n<li>Cambio de p\u00e1gina: habilitado<\/li>\n<li>Clasificaci\u00f3n de los m\u00e1s vendidos: No 376,912 en Kindle Store (Conozca el Top 100 en la categor\u00eda Kindle Store) No 38 en Microsoft No 221 en Cultura del centro de trabajo No 228 en Software y tecnolog\u00eda inform\u00e1tica<\/li>\n<li>38 en Microsoft<\/li>\n<li>221 En Cultura del Centro de Trabajo<\/li>\n<li>228 En Software en Inform\u00e1tica y Tecnolog\u00eda<\/li>\n<\/ul><\/div>","protected":false},"excerpt":{"rendered":"<p>La venta online entra en una nueva era, que nace en la conversaci\u00f3n. <\/p>\n<p>\u00bfRecuerdas el brillo en los ojos de un buen vendedor? El que no empuja nada pero sabe que vender, en el fondo, es un acto de confianza. <br \/>Esa alma nunca muri\u00f3, simplemente cambi\u00f3 de forma con el tiempo. <br \/>La diferencia es que ahora la tecnolog\u00eda ha devuelto a las marcas la oportunidad de escuchar y responder a escala, con cercan\u00eda, inteligencia y, sobre todo, a la velocidad que los consumidores desean. <br \/>En lo digital, en particular, esta transformaci\u00f3n ha sido cada vez m\u00e1s r\u00e1pida. <br \/>En Chat Commerce, el primer libro brasile\u00f1o sobre el tema, Tiago Vailati, un empresario que lleva muchos a\u00f1os respirando el comercio minorista, desde la tienda hasta la alta tecnolog\u00eda, revela el secreto para dominar esta nueva realidad. <br \/>Este libro naci\u00f3 para ser una gu\u00eda para quienes buscan comprender la l\u00f3gica del Chat <br \/>Comercio y ponerlo en pr\u00e1ctica en tu negocio. Descubre aqu\u00ed: <\/p>\n<p>Por qu\u00e9 las nuevas generaciones, que ya son mayor\u00eda de consumidores, prefieren el di\u00e1logo a la hora de comprar. <br \/>C\u00f3mo el M\u00e9todo CHAT puede convertir tu servicio en un motor de ingresos, combinando Contexto, Humanizaci\u00f3n, Activaci\u00f3n y Tecnolog\u00eda. <br \/>Qu\u00e9 est\u00e1n haciendo las marcas exitosas para conectarse y vender m\u00e1s, dejando atr\u00e1s a la competencia. <br \/>Prep\u00e1rese para convertir cada conversaci\u00f3n en una verdadera oportunidad de venta y cada interacci\u00f3n en una nueva forma de conectarse con su cliente porque, al final del d\u00eda, las marcas que entienden esto primero no solo vender\u00e1n m\u00e1s, sino que tambi\u00e9n cambiar\u00e1n el juego.<\/p>","protected":false},"featured_media":93626,"comment_status":"open","ping_status":"closed","template":"","meta":[],"product_cat":[1611,1621,1595],"product_tag":[],"class_list":{"0":"post-93626","1":"product","2":"type-product","3":"status-publish","4":"has-post-thumbnail","6":"product_brand-por-tiago-vailati-autor-formato-ebook-kindle","7":"product_cat-administracao-negocios-e-economia","8":"product_cat-gestao-e-lideranca","9":"product_cat-livros","11":"first","12":"instock","13":"sale","14":"shipping-taxable","15":"purchasable","16":"product-type-simple"},"aioseo_notices":[],"_links":{"self":[{"href":"https:\/\/www.ecommerceupdate.com.br\/es\/wp-json\/wp\/v2\/product\/93626","targetHints":{"allow":["GET"]}}],"collection":[{"href":"https:\/\/www.ecommerceupdate.com.br\/es\/wp-json\/wp\/v2\/product"}],"about":[{"href":"https:\/\/www.ecommerceupdate.com.br\/es\/wp-json\/wp\/v2\/types\/product"}],"replies":[{"embeddable":true,"href":"https:\/\/www.ecommerceupdate.com.br\/es\/wp-json\/wp\/v2\/comments?post=93626"}],"wp:featuredmedia":[{"embeddable":true,"href":"https:\/\/www.ecommerceupdate.com.br\/es\/wp-json\/wp\/v2\/product\/93626"}],"wp:attachment":[{"href":"https:\/\/www.ecommerceupdate.com.br\/es\/wp-json\/wp\/v2\/media?parent=93626"}],"wp:term":[{"taxonomy":"product_cat","embeddable":true,"href":"https:\/\/www.ecommerceupdate.com.br\/es\/wp-json\/wp\/v2\/product_cat?post=93626"},{"taxonomy":"product_tag","embeddable":true,"href":"https:\/\/www.ecommerceupdate.com.br\/es\/wp-json\/wp\/v2\/product_tag?post=93626"}],"curies":[{"name":"wp","href":"https:\/\/api.w.org\/{rel}","templated":true}]}}