{"id":93627,"date":"2026-03-05T10:51:07","date_gmt":"2026-03-05T13:51:07","guid":{"rendered":"https:\/\/www.ecommerceupdate.com.br\/produto\/100-dropshipping-um-guia-passo-a-passo-para-iniciantes-sobre-como-comecar-seu-negocio-de-e-commerce-fazer-drop-shipping-e-ganhar-dinheiro-on-line\/"},"modified":"2026-03-13T15:40:47","modified_gmt":"2026-03-13T18:40:47","slug":"100-dropshipping-um-guia-passo-a-passo-para-iniciantes-sobre-como-comecar-seu-negocio-de-e-commerce-fazer-drop-shipping-e-ganhar-dinheiro-on-line","status":"publish","type":"product","link":"https:\/\/www.ecommerceupdate.com.br\/es\/produto\/100-dropshipping-um-guia-passo-a-passo-para-iniciantes-sobre-como-comecar-seu-negocio-de-e-commerce-fazer-drop-shipping-e-ganhar-dinheiro-on-line\/","title":{"rendered":"100% Dropshipping: una gu\u00eda paso a paso para principiantes sobre c\u00f3mo iniciar su negocio de comercio electr\u00f3nico, env\u00edo directo y ganar dinero en l\u00ednea"},"content":{"rendered":"<div class=\"woocommerce-product-details\">\n<h3>Detalles del producto<\/h3>\n<ul>\n<li>AS\u00cdN: B09CFD88RX<\/li>\n<li>Accesibilidad: M\u00e1s informaci\u00f3n<\/li>\n<li>Fecha de publicaci\u00f3n: 11 de agosto de 2021<\/li>\n<li>Idioma: portugu\u00e9s<\/li>\n<li>Tama\u00f1o de archivo: 652 KB<\/li>\n<li>Lector de pantalla: Compatible<\/li>\n<li>Configuraci\u00f3n de fuente: habilitada<\/li>\n<li>Consejos de vocabulario: no habilitado<\/li>\n<li>N\u00famero de p\u00e1ginas: 35 p\u00e1ginas<\/li>\n<li>Cambio de p\u00e1gina: habilitado<\/li>\n<li>Ranking de los m\u00e1s vendidos: No 153.791 en Kindle Store (Conozca el Top 100 en la categor\u00eda Kindle Store) No 28 en Exportaciones e Importaciones No 1.927 en Computaci\u00f3n, Internet y medios digitales No 2.275 en Computaci\u00f3n, Computaci\u00f3n y Medios Digitales (Libros)<\/li>\n<li>28 En Exportaciones e Importaciones<\/li>\n<li>1927 En Computaci\u00f3n, Internet y medios digitales<\/li>\n<li>2.275 en Inform\u00e1tica, Inform\u00e1tica y Medios Digitales (Libros)<\/li>\n<li>Opiniones de clientes: 3,2 3,2 de 5 estrellas (12)<\/li>\n<\/ul><\/div>","protected":false},"excerpt":{"rendered":"<p>APRENDA:: Dropshipping 100%: una gu\u00eda paso a paso para principiantes sobre c\u00f3mo iniciar su negocio de comercio electr\u00f3nico, env\u00edo directo y ganar dinero en l\u00ednea!<br \/>Ahora que tienes tu nicho, lo siguiente que debes hacer es elegir un producto real. Desde aqu\u00ed, puedes encontrar el fabricante que te ayude a ofrecer esto. Lo importante aqu\u00ed es que siempre debe haber una sinergia clara entre su marca, su esp\u00edritu y su producto. Esto significa que debe tener una afinidad real con el producto y venderlo como una extensi\u00f3n de su misi\u00f3n.<br \/>Lo que no debes hacer es simplemente encontrar el primer producto que puedas vender dentro de tu nicho. Un ejemplo podr\u00eda ser crear un sitio de fitness, crear una audiencia y luego intentar vender un batido de prote\u00ednas realmente b\u00e1sico que ya es bien conocido. \u00bfPuede esto funcionar? Bien. \u00bfPero por qu\u00e9 la gente se molestar\u00eda en comprarle cuando hay muchos otros sitios donde pueden encontrar lo mismo? \u00bfO cuando pueden comprarlo en su calle comercial local?<br \/>Imag\u00ednese c\u00f3mo ser\u00e1 su vida cuando desarrolle plenamente su Mente en su vida, avanzando en aspectos clave dentro de su progreso en su propia carrera profesional.<br \/>AHORA MISMO:: Dropshipping 100%: una gu\u00eda paso a paso para principiantes sobre c\u00f3mo iniciar su negocio de comercio electr\u00f3nico, env\u00edo directo y ganar dinero en l\u00ednea<br \/>En el libro 100% Dropshipping: una gu\u00eda paso a paso para principiantes sobre c\u00f3mo iniciar su negocio de comercio electr\u00f3nico, env\u00edo directo y ganar dinero en l\u00ednea, desarrollar\u00e1 un sistema mental que transformar\u00e1 la forma en que piensa sobre su vida de una manera pr\u00e1ctica. y de forma sencilla, haciendo un gran cambio en tu vida. Es importante dejar claro que analizar y reacondicionar nuestra Mente no significa seguridad total de que los problemas desaparecer\u00e1n por completo. La autodisciplina, la coherencia de h\u00e1bitos y la resiliencia de las decisiones son las que hacen que tu vida conspire para llegar a este punto:<br \/>Ser un Excelente Triunfador, una persona con alto desempe\u00f1o que busca la excelencia SIEMPRE significa buscar su propia superaci\u00f3n d\u00eda tras d\u00eda y al mismo tiempo tener m\u00e1s resultados que el resto de la poblaci\u00f3n mundial.<br \/>DESCARGAR: Dropshipping 100%: una gu\u00eda paso a paso para principiantes sobre c\u00f3mo iniciar su negocio de comercio electr\u00f3nico, env\u00edo directo y ganar dinero en l\u00ednea!<br \/>Del mismo modo, si vende un producto que obviamente no es suyo y que es tan gen\u00e9rico, esto realmente puede da\u00f1ar su confiabilidad. Por supuesto, est\u00e1 tratando de ganar dinero y eso no es algo malo por s\u00ed solo y, sin embargo, no ofrece ning\u00fan valor \u00fanico a cambio. \u00bfEst\u00e1s diciendo simplemente \u2018S\u00ed, \u2018S\u00ed, y por qu\u00e9 no comprar este producto gen\u00e9rico mientras est\u00e1s aqu\u00ed? ?.<br \/>Por otro lado, si puedes encontrar un producto que sea un poco nuevo, un poco diferente y que refleje tu enfoque personal del fitness, los negocios o cualquier nicho que se te ocurra, entonces podr\u00e1s vender algo en lo que realmente creas y que te entusiasme. Y esto es algo que aparecer\u00e1 y se har\u00e1 evidente tambi\u00e9n para sus visitantes.<br \/>\u00bfQUIERES SABER M\u00c1S?<br \/>Obtenga el libro 100% Dropshipping: una gu\u00eda paso a paso para principiantes sobre c\u00f3mo iniciar su negocio de comercio electr\u00f3nico, enviar y ganar dinero en l\u00ednea y aumentar todos sus resultados a partir de hoy. Vaya a la parte superior de la p\u00e1gina y haga clic en el bot\u00f3n Comprar.<\/p>","protected":false},"featured_media":93627,"comment_status":"open","ping_status":"closed","template":"","meta":[],"product_cat":[1611,1630,1595],"product_tag":[],"class_list":{"0":"post-93627","1":"product","2":"type-product","3":"status-publish","4":"has-post-thumbnail","6":"product_brand-por-joyce-allen-autor-formato-ebook-kindle","7":"product_cat-administracao-negocios-e-economia","8":"product_cat-economia","9":"product_cat-livros","11":"first","12":"instock","13":"shipping-taxable","14":"purchasable","15":"product-type-simple"},"aioseo_notices":[],"_links":{"self":[{"href":"https:\/\/www.ecommerceupdate.com.br\/es\/wp-json\/wp\/v2\/product\/93627","targetHints":{"allow":["GET"]}}],"collection":[{"href":"https:\/\/www.ecommerceupdate.com.br\/es\/wp-json\/wp\/v2\/product"}],"about":[{"href":"https:\/\/www.ecommerceupdate.com.br\/es\/wp-json\/wp\/v2\/types\/product"}],"replies":[{"embeddable":true,"href":"https:\/\/www.ecommerceupdate.com.br\/es\/wp-json\/wp\/v2\/comments?post=93627"}],"wp:featuredmedia":[{"embeddable":true,"href":"https:\/\/www.ecommerceupdate.com.br\/es\/wp-json\/wp\/v2\/product\/93627"}],"wp:attachment":[{"href":"https:\/\/www.ecommerceupdate.com.br\/es\/wp-json\/wp\/v2\/media?parent=93627"}],"wp:term":[{"taxonomy":"product_cat","embeddable":true,"href":"https:\/\/www.ecommerceupdate.com.br\/es\/wp-json\/wp\/v2\/product_cat?post=93627"},{"taxonomy":"product_tag","embeddable":true,"href":"https:\/\/www.ecommerceupdate.com.br\/es\/wp-json\/wp\/v2\/product_tag?post=93627"}],"curies":[{"name":"wp","href":"https:\/\/api.w.org\/{rel}","templated":true}]}}