{"id":93857,"date":"2026-03-05T21:55:38","date_gmt":"2026-03-06T00:55:38","guid":{"rendered":"https:\/\/www.ecommerceupdate.com.br\/produto\/marketing-de-varejo\/"},"modified":"2026-05-13T10:34:49","modified_gmt":"2026-05-13T13:34:49","slug":"marketing-de-varejo","status":"publish","type":"product","link":"https:\/\/www.ecommerceupdate.com.br\/es\/produto\/marketing-de-varejo\/","title":{"rendered":"Comercializaci\u00f3n minorista"},"content":{"rendered":"<div class=\"woocommerce-product-details\">\n<h3>Detalles del producto<\/h3>\n<ul>\n<li>Editorial: Atlas<\/li>\n<li>Fecha de publicaci\u00f3n: 17 de noviembre de 2006<\/li>\n<li>Edici\u00f3n: 4a<\/li>\n<li>Idioma: portugu\u00e9s<\/li>\n<li>N\u00famero de p\u00e1ginas: 376 p\u00e1ginas<\/li>\n<li>ISBN-10:8522445524<\/li>\n<li>ISBN-13:978-8522445523<\/li>\n<li>Peso del producto: 640g<\/li>\n<li>Dimensiones: 23,8 x 17 x 2 cm<\/li>\n<li>Ranking de los m\u00e1s vendidos: No 578.843 en Libros (Conozca el Top 100 en la categor\u00eda Libros) No 2.011 en Marketing No 10.292 en Gesti\u00f3n y Liderazgo No 39.195 en Vacaciones y Festivales Ni\u00f1os y Ni\u00f1os<\/li>\n<li>2.011 en Marketing<\/li>\n<li>10.292 en Gesti\u00f3n y Liderazgo<\/li>\n<li>39.195 En Vacaciones y Fiestas Ni\u00f1os y Ni\u00f1os y J\u00f3venes<\/li>\n<li>Valoraciones de clientes: 5,0 5,0 de 5 estrellas (1)<\/li>\n<\/ul><\/div>","protected":false},"excerpt":{"rendered":"<p>En la gama de servicios, est\u00e1 la actividad minorista, que genera empleo para gran parte de la poblaci\u00f3n brasile\u00f1a. A pesar de su importancia para la econom\u00eda y la sociedad, existen pocos libros especializados en el tema. Para llenar este vac\u00edo en la literatura del mercado brasile\u00f1o, el autor investig\u00f3 obras extranjeras y nacionales que, sumadas a su experiencia como docente de Marketing Minorista, brindaron la preparaci\u00f3n de un libro pr\u00e1ctico y actual, adaptado a las necesidades brasile\u00f1as. Escrito en un lenguaje objetivo y sencillo, el trabajo permite al lector aplicar t\u00e9cnicas de marketing en su empresa minorista, ya sea grande, mediana, peque\u00f1a o micro, y atender su propio debate sobre las cuestiones constantes y econ\u00f3micas permeadas en el tema.<\/p>","protected":false},"featured_media":93857,"comment_status":"open","ping_status":"closed","template":"","meta":[],"product_cat":[1611,1595,1618],"product_tag":[],"class_list":{"0":"post-93857","1":"product","2":"type-product","3":"status-publish","4":"has-post-thumbnail","5":"product_brand-edicao-portugus-por-alexandre-l-las-casas-autor","6":"product_cat-administracao-negocios-e-economia","7":"product_cat-livros","8":"product_cat-marketing-e-vendas","10":"first","11":"instock","12":"shipping-taxable","13":"purchasable","14":"product-type-simple"},"aioseo_notices":[],"_links":{"self":[{"href":"https:\/\/www.ecommerceupdate.com.br\/es\/wp-json\/wp\/v2\/product\/93857","targetHints":{"allow":["GET"]}}],"collection":[{"href":"https:\/\/www.ecommerceupdate.com.br\/es\/wp-json\/wp\/v2\/product"}],"about":[{"href":"https:\/\/www.ecommerceupdate.com.br\/es\/wp-json\/wp\/v2\/types\/product"}],"replies":[{"embeddable":true,"href":"https:\/\/www.ecommerceupdate.com.br\/es\/wp-json\/wp\/v2\/comments?post=93857"}],"wp:featuredmedia":[{"embeddable":true,"href":"https:\/\/www.ecommerceupdate.com.br\/es\/wp-json\/wp\/v2\/product\/93857"}],"wp:attachment":[{"href":"https:\/\/www.ecommerceupdate.com.br\/es\/wp-json\/wp\/v2\/media?parent=93857"}],"wp:term":[{"taxonomy":"product_cat","embeddable":true,"href":"https:\/\/www.ecommerceupdate.com.br\/es\/wp-json\/wp\/v2\/product_cat?post=93857"},{"taxonomy":"product_tag","embeddable":true,"href":"https:\/\/www.ecommerceupdate.com.br\/es\/wp-json\/wp\/v2\/product_tag?post=93857"}],"curies":[{"name":"wp","href":"https:\/\/api.w.org\/{rel}","templated":true}]}}