{"id":93863,"date":"2026-03-05T21:59:15","date_gmt":"2026-03-06T00:59:15","guid":{"rendered":"https:\/\/www.ecommerceupdate.com.br\/produto\/e-commerce-estrategico-modelos-plataformas-e-tendencias-do-varejo-serie-universitaria\/"},"modified":"2026-03-13T15:47:37","modified_gmt":"2026-03-13T18:47:37","slug":"e-commerce-estrategico-modelos-plataformas-e-tendencias-do-varejo-serie-universitaria","status":"publish","type":"product","link":"https:\/\/www.ecommerceupdate.com.br\/es\/produto\/e-commerce-estrategico-modelos-plataformas-e-tendencias-do-varejo-serie-universitaria\/","title":{"rendered":"Comercio electr\u00f3nico estrat\u00e9gico: modelos, plataformas y tendencias minoristas (University Series)"},"content":{"rendered":"<div class=\"woocommerce-product-details\">\n<h3>Detalles del producto<\/h3>\n<ul>\n<li>ASIN: B0F6F9FSKK<\/li>\n<li>Editorial: Editora Senac Sao Paulo<\/li>\n<li>Accesibilidad: M\u00e1s informaci\u00f3n<\/li>\n<li>Fecha de publicaci\u00f3n: 25 de abril de 2025<\/li>\n<li>Edici\u00f3n: 1a<\/li>\n<li>Idioma: portugu\u00e9s<\/li>\n<li>Tama\u00f1o del archivo: 5,3 MB<\/li>\n<li>Configuraci\u00f3n de fuente: habilitada<\/li>\n<li>Consejos de vocabulario: no habilitado<\/li>\n<li>N\u00famero de p\u00e1ginas: 176 p\u00e1ginas<\/li>\n<li>ISBN-13:978-8539653553<\/li>\n<li>Cambio de p\u00e1gina: habilitado<\/li>\n<li>Ranking de los m\u00e1s vendidos: No 809,595 en Kindle Store (Conozca el Top 100 en la categor\u00eda Kindle Store) No 360 en Comercio electr\u00f3nico No 23,262 en Negocios y Econom\u00eda<\/li>\n<li>360 En Comercio Electr\u00f3nico<\/li>\n<li>23.262 en Negocios y Econom\u00eda<\/li>\n<\/ul><\/div>","protected":false},"excerpt":{"rendered":"<p>La Serie Universitaria fue desarrollada por Senac Sao Paulo con el fin de preparar profesionales para el mercado laboral. Los t\u00edtulos cubren varias \u00e1reas, que van desde conocimientos te\u00f3ricos y pr\u00e1cticos adecuados a las exigencias profesionales hasta una formaci\u00f3n \u00e9tica y s\u00f3lida. Comercio electr\u00f3nico estrat\u00e9gico: modelos, plataformas y tendencias minoristas ofrece un panorama integral del comercio electr\u00f3nico actual, desde su estructura y operaci\u00f3n hasta los modelos de negocio m\u00e1s innovadores. Con un enfoque claro y pr\u00e1ctico, el libro explora la cadena de valor del comercio electr\u00f3nico, las plataformas digitales, los mercados y el impacto de lo omnicanal en la experiencia del consumidor, adem\u00e1s de presentar aspectos operativos y legales y explorar el poder de la automatizaci\u00f3n y la inteligencia artificial en el comercio orientado al consumidor. forma de comercio.<\/p>","protected":false},"featured_media":93863,"comment_status":"open","ping_status":"closed","template":"","meta":[],"product_cat":[1611,1613,1595],"product_tag":[],"class_list":{"0":"post-93863","1":"product","2":"type-product","3":"status-publish","4":"has-post-thumbnail","6":"product_brand-por-gustavo-cndido-autor-formato-ebook-kindle","7":"product_cat-administracao-negocios-e-economia","8":"product_cat-industrias-e-profissoes","9":"product_cat-livros","11":"first","12":"instock","13":"shipping-taxable","14":"purchasable","15":"product-type-simple"},"aioseo_notices":[],"_links":{"self":[{"href":"https:\/\/www.ecommerceupdate.com.br\/es\/wp-json\/wp\/v2\/product\/93863","targetHints":{"allow":["GET"]}}],"collection":[{"href":"https:\/\/www.ecommerceupdate.com.br\/es\/wp-json\/wp\/v2\/product"}],"about":[{"href":"https:\/\/www.ecommerceupdate.com.br\/es\/wp-json\/wp\/v2\/types\/product"}],"replies":[{"embeddable":true,"href":"https:\/\/www.ecommerceupdate.com.br\/es\/wp-json\/wp\/v2\/comments?post=93863"}],"wp:featuredmedia":[{"embeddable":true,"href":"https:\/\/www.ecommerceupdate.com.br\/es\/wp-json\/wp\/v2\/product\/93863"}],"wp:attachment":[{"href":"https:\/\/www.ecommerceupdate.com.br\/es\/wp-json\/wp\/v2\/media?parent=93863"}],"wp:term":[{"taxonomy":"product_cat","embeddable":true,"href":"https:\/\/www.ecommerceupdate.com.br\/es\/wp-json\/wp\/v2\/product_cat?post=93863"},{"taxonomy":"product_tag","embeddable":true,"href":"https:\/\/www.ecommerceupdate.com.br\/es\/wp-json\/wp\/v2\/product_tag?post=93863"}],"curies":[{"name":"wp","href":"https:\/\/api.w.org\/{rel}","templated":true}]}}