{"id":93876,"date":"2026-03-06T03:28:33","date_gmt":"2026-03-06T06:28:33","guid":{"rendered":"https:\/\/www.ecommerceupdate.com.br\/produto\/amazon-marketplace-part-1\/"},"modified":"2026-03-13T15:47:50","modified_gmt":"2026-03-13T18:47:50","slug":"amazon-marketplace-part-1","status":"publish","type":"product","link":"https:\/\/www.ecommerceupdate.com.br\/es\/produto\/amazon-marketplace-part-1\/","title":{"rendered":"Mercado de Amazon parte 1"},"content":{"rendered":"<div class=\"woocommerce-product-details\">\n<h3>Detalles del producto<\/h3>\n<ul>\n<li>Editorial: Publicado de forma independiente<\/li>\n<li>Fecha de publicaci\u00f3n: 29 de enero de 2018<\/li>\n<li>Idioma: Ingl\u00e9s<\/li>\n<li>N\u00famero de p\u00e1ginas: 58 p\u00e1ginas<\/li>\n<li>ISBN-10:1977034888<\/li>\n<li>ISBN-13:978-1977034885<\/li>\n<li>Peso del producto: 141g<\/li>\n<li>Dimensiones: 15,24 x 0,38 x 22,86 cm<\/li>\n<\/ul><\/div>","protected":false},"excerpt":{"rendered":"<p>Amazon, el gigante del comercio electr\u00f3nico, es uno de los comerciantes m\u00e1s antiguos de la web y tiene m\u00e1s de 200 millones de clientes en todo el mundo. Amazon es el mercado inigualable para vender productos en l\u00ednea. Proporciona una excelente plataforma para realizar negocios en l\u00ednea y ha brindado un beneficio tanto a los mercados como a los vendedores de Amazon.<\/p>","protected":false},"featured_media":0,"comment_status":"open","ping_status":"closed","template":"","meta":[],"product_cat":[1653,1595,1610],"product_tag":[],"class_list":{"0":"post-93876","1":"product","2":"type-product","3":"status-publish","5":"product_brand-edicao-ingls-por-mayur-sharma-autor","6":"product_cat-educacao-referencia-e-didaticos","7":"product_cat-livros","8":"product_cat-livros-internacionais","10":"first","11":"instock","12":"shipping-taxable","13":"purchasable","14":"product-type-simple"},"aioseo_notices":[],"_links":{"self":[{"href":"https:\/\/www.ecommerceupdate.com.br\/es\/wp-json\/wp\/v2\/product\/93876","targetHints":{"allow":["GET"]}}],"collection":[{"href":"https:\/\/www.ecommerceupdate.com.br\/es\/wp-json\/wp\/v2\/product"}],"about":[{"href":"https:\/\/www.ecommerceupdate.com.br\/es\/wp-json\/wp\/v2\/types\/product"}],"replies":[{"embeddable":true,"href":"https:\/\/www.ecommerceupdate.com.br\/es\/wp-json\/wp\/v2\/comments?post=93876"}],"wp:attachment":[{"href":"https:\/\/www.ecommerceupdate.com.br\/es\/wp-json\/wp\/v2\/media?parent=93876"}],"wp:term":[{"taxonomy":"product_cat","embeddable":true,"href":"https:\/\/www.ecommerceupdate.com.br\/es\/wp-json\/wp\/v2\/product_cat?post=93876"},{"taxonomy":"product_tag","embeddable":true,"href":"https:\/\/www.ecommerceupdate.com.br\/es\/wp-json\/wp\/v2\/product_tag?post=93876"}],"curies":[{"name":"wp","href":"https:\/\/api.w.org\/{rel}","templated":true}]}}