{"id":93898,"date":"2026-03-06T07:21:58","date_gmt":"2026-03-06T10:21:58","guid":{"rendered":"https:\/\/www.ecommerceupdate.com.br\/produto\/aspectos-de-operacoes-multicanais-e-omnichannel\/"},"modified":"2026-03-13T15:49:55","modified_gmt":"2026-03-13T18:49:55","slug":"aspectos-de-operacoes-multicanais-e-omnichannel","status":"publish","type":"product","link":"https:\/\/www.ecommerceupdate.com.br\/es\/produto\/aspectos-de-operacoes-multicanais-e-omnichannel\/","title":{"rendered":"Aspectos de las operaciones multicanal y omnicanal"},"content":{"rendered":"<div class=\"woocommerce-product-details\">\n<h3>Detalles del producto<\/h3>\n<ul>\n<li>Editorial: InterSaberes<\/li>\n<li>Fecha de publicaci\u00f3n: 28 de febrero de 2022<\/li>\n<li>Edici\u00f3n: 1a<\/li>\n<li>Idioma: portugu\u00e9s<\/li>\n<li>N\u00famero de p\u00e1ginas: 266 p\u00e1ginas<\/li>\n<li>ISBN-10:655517367X<\/li>\n<li>ISBN-13:978-6555173673<\/li>\n<li>Peso del producto: 300g<\/li>\n<li>Dimensiones: 14 x 1,4 x 21 cm<\/li>\n<li>Ranking de los m\u00e1s vendidos: No 483.474 en Libros (Conozca el Top 100 en la categor\u00eda Libros) No 316 en Marketing Web No 1.221 en Marketing No 9.004 en Gesti\u00f3n y Liderazgo<\/li>\n<li>316 En marketing web<\/li>\n<li>1.221 en Marketing<\/li>\n<li>9.004 en Gesti\u00f3n y Liderazgo<\/li>\n<li>Valoraciones de clientes: 5,0 5,0 de 5 estrellas (4)<\/li>\n<\/ul><\/div>","protected":false},"excerpt":{"rendered":"<p>Imagina la siguiente situaci\u00f3n: est\u00e1s en una tienda, te atrae un producto, examinas las caracter\u00edsticas y, finalmente, decides no comprarlo. Posteriormente, al llegar a casa, te arrepientes de no haber comprado el producto, pero recuerda que esa tienda en la que estabas tiene una aplicaci\u00f3n de venta online.F\u00e1cil, \u00bfno? Desde la comodidad de tu hogar, compras ese producto que ya ha tenido el placer de \u201cver con las manos\u201d y a\u00fan puede recibirlo sin salir de casa. Esta experiencia de consumidor s\u00f3lo se puede vivir en empresas que act\u00faan sobre varias plataformas (multicanalizar), que pueden ser una compra virtual o pueden ser un medio.<\/p>","protected":false},"featured_media":93898,"comment_status":"open","ping_status":"closed","template":"","meta":[],"product_cat":[1611,1595,1618],"product_tag":[],"class_list":{"0":"post-93898","1":"product","2":"type-product","3":"status-publish","4":"has-post-thumbnail","6":"product_brand-por-las-ribeiro-autor-dayanna-dos-santos-costa-maciel-autor","7":"product_cat-administracao-negocios-e-economia","8":"product_cat-livros","9":"product_cat-marketing-e-vendas","11":"first","12":"instock","13":"sale","14":"shipping-taxable","15":"purchasable","16":"product-type-simple"},"aioseo_notices":[],"_links":{"self":[{"href":"https:\/\/www.ecommerceupdate.com.br\/es\/wp-json\/wp\/v2\/product\/93898","targetHints":{"allow":["GET"]}}],"collection":[{"href":"https:\/\/www.ecommerceupdate.com.br\/es\/wp-json\/wp\/v2\/product"}],"about":[{"href":"https:\/\/www.ecommerceupdate.com.br\/es\/wp-json\/wp\/v2\/types\/product"}],"replies":[{"embeddable":true,"href":"https:\/\/www.ecommerceupdate.com.br\/es\/wp-json\/wp\/v2\/comments?post=93898"}],"wp:featuredmedia":[{"embeddable":true,"href":"https:\/\/www.ecommerceupdate.com.br\/es\/wp-json\/wp\/v2\/product\/93898"}],"wp:attachment":[{"href":"https:\/\/www.ecommerceupdate.com.br\/es\/wp-json\/wp\/v2\/media?parent=93898"}],"wp:term":[{"taxonomy":"product_cat","embeddable":true,"href":"https:\/\/www.ecommerceupdate.com.br\/es\/wp-json\/wp\/v2\/product_cat?post=93898"},{"taxonomy":"product_tag","embeddable":true,"href":"https:\/\/www.ecommerceupdate.com.br\/es\/wp-json\/wp\/v2\/product_tag?post=93898"}],"curies":[{"name":"wp","href":"https:\/\/api.w.org\/{rel}","templated":true}]}}