{"id":94288,"date":"2026-03-11T13:14:44","date_gmt":"2026-03-11T16:14:44","guid":{"rendered":"https:\/\/www.ecommerceupdate.com.br\/produto\/gestao-de-midias-sociais\/"},"modified":"2026-03-13T15:56:08","modified_gmt":"2026-03-13T18:56:08","slug":"gestao-de-midias-sociais","status":"publish","type":"product","link":"https:\/\/www.ecommerceupdate.com.br\/es\/produto\/gestao-de-midias-sociais\/","title":{"rendered":"Gesti\u00f3n de redes sociales"},"content":{"rendered":"<div class=\"woocommerce-product-details\">\n<h3>Detalles del producto<\/h3>\n<ul>\n<li>Editorial: InterSaberes<\/li>\n<li>Fecha de publicaci\u00f3n: 1 de octubre de 2017<\/li>\n<li>Edici\u00f3n: 1a<\/li>\n<li>Idioma: portugu\u00e9s<\/li>\n<li>N\u00famero de p\u00e1ginas: 284 p\u00e1ginas<\/li>\n<li>ISBN-10:8559725261<\/li>\n<li>ISBN-13:978-8559725261<\/li>\n<li>Peso del producto: 320g<\/li>\n<li>Dimensiones: 21 x 14,2 x 1,6 cm<\/li>\n<li>Ranking de los m\u00e1s vendidos: No 90.944 en libros (Conozca el Top 100 en la categor\u00eda de libros) No 1.847 en libros de referencia de sociolog\u00eda<\/li>\n<li>1.847 en Libros de Referencia sobre Sociolog\u00eda<\/li>\n<li>Opiniones de clientes: 3,6 3,6 de 5 estrellas (10)<\/li>\n<\/ul><\/div>","protected":false},"excerpt":{"rendered":"<p>Adem\u00e1s de estar extremadamente atento al surgimiento de nuevas tendencias, el profesional que trabaja con las redes sociales necesita adaptarse r\u00e1pidamente a los constantes cambios en las demandas e intereses de su p\u00fablico objetivo. Para ayudar a identificar y desarrollar los atributos esenciales para trabajar con la gesti\u00f3n de redes sociales, en este trabajo exploraremos las principales teor\u00edas y conceptos que sustentan los estudios en esta \u00e1rea y mostraremos, de manera concreta y aplicada, todo lo que necesitas saber para desarrollar un plan de gesti\u00f3n de redes sociales.<\/p>","protected":false},"featured_media":94288,"comment_status":"open","ping_status":"closed","template":"","meta":[],"product_cat":[1638,1595,1637],"product_tag":[],"class_list":{"0":"post-94288","1":"product","2":"type-product","3":"status-publish","4":"has-post-thumbnail","6":"product_brand-edicao-portugus-por-camila-gino-almeida-costa-autor","7":"product_cat-ciencias-sociais","8":"product_cat-livros","9":"product_cat-politica-filosofia-e-ciencias-sociais","11":"first","12":"instock","13":"sale","14":"shipping-taxable","15":"purchasable","16":"product-type-simple"},"aioseo_notices":[],"_links":{"self":[{"href":"https:\/\/www.ecommerceupdate.com.br\/es\/wp-json\/wp\/v2\/product\/94288","targetHints":{"allow":["GET"]}}],"collection":[{"href":"https:\/\/www.ecommerceupdate.com.br\/es\/wp-json\/wp\/v2\/product"}],"about":[{"href":"https:\/\/www.ecommerceupdate.com.br\/es\/wp-json\/wp\/v2\/types\/product"}],"replies":[{"embeddable":true,"href":"https:\/\/www.ecommerceupdate.com.br\/es\/wp-json\/wp\/v2\/comments?post=94288"}],"wp:featuredmedia":[{"embeddable":true,"href":"https:\/\/www.ecommerceupdate.com.br\/es\/wp-json\/wp\/v2\/product\/94288"}],"wp:attachment":[{"href":"https:\/\/www.ecommerceupdate.com.br\/es\/wp-json\/wp\/v2\/media?parent=94288"}],"wp:term":[{"taxonomy":"product_cat","embeddable":true,"href":"https:\/\/www.ecommerceupdate.com.br\/es\/wp-json\/wp\/v2\/product_cat?post=94288"},{"taxonomy":"product_tag","embeddable":true,"href":"https:\/\/www.ecommerceupdate.com.br\/es\/wp-json\/wp\/v2\/product_tag?post=94288"}],"curies":[{"name":"wp","href":"https:\/\/api.w.org\/{rel}","templated":true}]}}