{"id":94361,"date":"2026-03-12T13:41:57","date_gmt":"2026-03-12T16:41:57","guid":{"rendered":"https:\/\/www.ecommerceupdate.com.br\/produto\/amazon-fba-masterclass-navigating-the-e-commerce-revolution\/"},"modified":"2026-03-13T15:57:57","modified_gmt":"2026-03-13T18:57:57","slug":"amazon-fba-masterclass-navigating-the-e-commerce-revolution","status":"publish","type":"product","link":"https:\/\/www.ecommerceupdate.com.br\/es\/produto\/amazon-fba-masterclass-navigating-the-e-commerce-revolution\/","title":{"rendered":"Masterclass de Amazon FBA: Navegando por la revoluci\u00f3n del comercio electr\u00f3nico"},"content":{"rendered":"<div class=\"woocommerce-product-details\">\n<h3>Detalles del producto<\/h3>\n<ul>\n<li>ASIN: B0CDNMNTJP<\/li>\n<li>Editorial: Publicado de forma independiente<\/li>\n<li>Fecha de publicaci\u00f3n: 5 de agosto de 2023<\/li>\n<li>Idioma: Ingl\u00e9s<\/li>\n<li>ISBN-13:979-8856122717<\/li>\n<li>Peso del producto: 127g<\/li>\n<li>Dimensiones: 21,59 x 0,18 x 27,94 cm<\/li>\n<li>Opiniones de clientes: 3,7 3,7 de 5 estrellas (4)<\/li>\n<\/ul><\/div>","protected":false},"excerpt":{"rendered":"<p>Clase magistral de Amazon FBA: Navegando por la revoluci\u00f3n del comercio electr\u00f3nico \u00bfEst\u00e1 listo para abrir la puerta a la libertad financiera y hacerse cargo de su destino? Bienvenido a la clase magistral de Amazon FBA, donde lo guiaremos en un viaje transformador a trav\u00e9s del mundo impulsor del comercio electr\u00f3nico. En este libro completo y revelador, profundizamos en el programa Cumplimiento por Amazon (FBA) de Amazon, equip\u00e1ndolo con el conocimiento y la experiencia para lograr un camino hacia la superficie.<\/p>\n<p><span>Abrace la revoluci\u00f3n del comercio electr\u00f3nico: descubra el potencial incomparable de Amazon FBA a medida que desentra\u00f1amos las infinitas oportunidades que ofrece tanto para los aspirantes a emprendedores como para los propietarios de negocios experimentados. Diga adi\u00f3s a los modelos minoristas tradicionales y d\u00e9 la bienvenida al futuro de las ventas en l\u00ednea.<\/span><\/p>\n<p>Abrace la revoluci\u00f3n del comercio electr\u00f3nico: descubra el potencial incomparable de Amazon FBA a medida que desentra\u00f1amos las infinitas oportunidades que ofrece tanto para los aspirantes a emprendedores como para los propietarios de negocios experimentados. Diga adi\u00f3s a los modelos minoristas tradicionales y d\u00e9 la bienvenida al futuro de las ventas en l\u00ednea.<\/p>\n<p><span>Elaboraci\u00f3n de listados irresistibles: aprenda a crear listados de productos de captura que entiendan a los clientes y aumenten las tasas de conversi\u00f3n. Descubra el arte de las im\u00e1genes de productos visualmente atractivas, haciendo que sus listados se destaquen y dejen una impresi\u00f3n duradera.<\/span><\/p>\n<p>Elaboraci\u00f3n de listados irresistibles: aprenda a crear listados de productos de captura que entiendan a los clientes y aumenten las tasas de conversi\u00f3n. Descubra el arte de las im\u00e1genes de productos visualmente atractivas, haciendo que sus listados se destaquen y dejen una impresi\u00f3n duradera.<\/p>\n<p><span>El poder de la marca: comprender la importancia de la marca y crear una identidad \u00fanica que resuene en su p\u00fablico objetivo, fomentando la lealtad y la confianza. Explore las realidades m\u00e1s all\u00e1 de Amazon mientras lo guiamos a trav\u00e9s de la construcci\u00f3n de una presencia omnicanal.<\/span><\/p>\n<p>El poder de la marca: comprender la importancia de la marca y crear una identidad \u00fanica que resuene en su p\u00fablico objetivo, fomentando la lealtad y la confianza. Explore las realidades m\u00e1s all\u00e1 de Amazon mientras lo guiamos a trav\u00e9s de la construcci\u00f3n de una presencia omnicanal.<\/p>\n<p><span>Estrategias de lanzamiento y marketing: deshaga de los secretos para un lanzamiento de producto impactante que genere revuelo, atraiga a los primeros clientes y catapulte su producto al estado de bestseller. Aproveche el potencial del marketing en redes sociales para llegar a nuevas audiencias y crear una pr\u00f3spera comunidad en l\u00ednea.<\/span><\/p>\n<p>Estrategias de lanzamiento y marketing: deshaga de los secretos para un lanzamiento de producto impactante que genere revuelo, atraiga a los primeros clientes y catapulte su producto al estado de bestseller. Aproveche el potencial del marketing en redes sociales para llegar a nuevas audiencias y crear una pr\u00f3spera comunidad en l\u00ednea.<\/p>\n<p><span>Excelencia en el servicio al cliente: adopte una mentalidad centrada en el cliente, deleitando a los compradores con un servicio excepcional y garantizando su satisfacci\u00f3n. Obtenga competencia en la gesti\u00f3n de devoluciones y la respuesta a comentarios negativos.<\/span><\/p>\n<p>Excelencia en el servicio al cliente: adopte una mentalidad centrada en el cliente, deleitando a los compradores con un servicio excepcional y garantizando su satisfacci\u00f3n. Obtenga competencia en la gesti\u00f3n de devoluciones y la respuesta a comentarios negativos.<\/p>\n<p><span>Escalar su negocio: planifique y elabore estrategias para lograr escalabilidad, ampliar su cartera de productos y conquistar nuevos mercados. Descubra c\u00f3mo aprovechar la subcontrataci\u00f3n y la automatizaci\u00f3n para optimizar las operaciones.<\/span><\/p>\n<p>Escalar su negocio: planifique y elabore estrategias para lograr escalabilidad, ampliar su cartera de productos y conquistar nuevos mercados. Descubra c\u00f3mo aprovechar la subcontrataci\u00f3n y la automatizaci\u00f3n para optimizar las operaciones.<\/p>\n<p><span>Navegando por los desaf\u00edos: prep\u00e1rese para los obst\u00e1culos que conlleva administrar un negocio en l\u00ednea y aprenda estrategias efectivas para navegar y conquistarlos.<\/span><\/p>\n<p>Navegando por los desaf\u00edos: prep\u00e1rese para los obst\u00e1culos que conlleva administrar un negocio en l\u00ednea y aprenda estrategias efectivas para navegar y conquistarlos. Adaptarse a los cambios del mercado y a los comportamientos cambiantes de los consumidores. Conclusi\u00f3n: prosperar en la revoluci\u00f3n del comercio electr\u00f3nico \u00a1Felicitaciones! Completaste la Masterclass de Amazon FBA y ahora est\u00e1s equipado con el conocimiento y las herramientas para impulsar la revoluci\u00f3n del comercio electr\u00f3nico. Conclusiones clave:<span>Abrace las infinitas posibilidades que ofrece FBA y trace su rumbo hacia la libertad financiera y el \u00e9xito duradero.<\/span>Abrace las infinitas posibilidades que ofrece FBA y trace su rumbo hacia la libertad financiera y el \u00e9xito duradero.<span>Cree una marca que supere la prueba del tiempo y fomente la lealtad del cliente.<\/span>Cree una marca que supere la prueba del tiempo y fomente la lealtad del cliente.<span>Aproveche el poder de las redes sociales y la publicidad para impulsar sus ventas y llegar a nuevas audiencias.<\/span>Aproveche el poder de las redes sociales y la publicidad para impulsar sus ventas y llegar a nuevas audiencias.<span>Priorizar un servicio al cliente excepcional para construir una base de clientes leales.<\/span>Priorizar un servicio al cliente excepcional para construir una base de clientes leales.<span>Planifique la escalabilidad y explore oportunidades m\u00e1s all\u00e1 de la plataforma de Amazon.<\/span>Planifique la escalabilidad y explore oportunidades m\u00e1s all\u00e1 de la plataforma de Amazon.<span>Est\u00e9 preparado para afrontar los desaf\u00edos y adaptarse a un mercado din\u00e1mico.<\/span>Est\u00e9 preparado para enfrentar desaf\u00edos y adaptarse a un mercado din\u00e1mico. Al embarcarse en este emocionante viaje, recuerde que la clave del triunfo radica no solo en las ganancias, sino en la creaci\u00f3n de una marca que resiste la prueba del tiempo. El panorama del comercio electr\u00f3nico est\u00e1 en constante evoluci\u00f3n, pero armado con los conocimientos de esta clase magistral, posee el poder de navegar estos cambios y convertirlos en oportunidades de crecimiento. Entonces, ingrese al mundo y al movimiento del Amazonas, convirti\u00e9ndose as\u00ed en el mundo del mundo, y el movimiento del mundo, entrar en el mundo del mundo y en el mundo del mundo.<\/p>","protected":false},"featured_media":94361,"comment_status":"open","ping_status":"closed","template":"","meta":[],"product_cat":[1611,1595,1610],"product_tag":[],"class_list":{"0":"post-94361","1":"product","2":"type-product","3":"status-publish","4":"has-post-thumbnail","6":"product_brand-edicao-ingls-por-benjamin-stone-autor","7":"product_cat-administracao-negocios-e-economia","8":"product_cat-livros","9":"product_cat-livros-internacionais","11":"first","12":"instock","13":"shipping-taxable","14":"purchasable","15":"product-type-simple"},"aioseo_notices":[],"_links":{"self":[{"href":"https:\/\/www.ecommerceupdate.com.br\/es\/wp-json\/wp\/v2\/product\/94361","targetHints":{"allow":["GET"]}}],"collection":[{"href":"https:\/\/www.ecommerceupdate.com.br\/es\/wp-json\/wp\/v2\/product"}],"about":[{"href":"https:\/\/www.ecommerceupdate.com.br\/es\/wp-json\/wp\/v2\/types\/product"}],"replies":[{"embeddable":true,"href":"https:\/\/www.ecommerceupdate.com.br\/es\/wp-json\/wp\/v2\/comments?post=94361"}],"wp:featuredmedia":[{"embeddable":true,"href":"https:\/\/www.ecommerceupdate.com.br\/es\/wp-json\/wp\/v2\/product\/94361"}],"wp:attachment":[{"href":"https:\/\/www.ecommerceupdate.com.br\/es\/wp-json\/wp\/v2\/media?parent=94361"}],"wp:term":[{"taxonomy":"product_cat","embeddable":true,"href":"https:\/\/www.ecommerceupdate.com.br\/es\/wp-json\/wp\/v2\/product_cat?post=94361"},{"taxonomy":"product_tag","embeddable":true,"href":"https:\/\/www.ecommerceupdate.com.br\/es\/wp-json\/wp\/v2\/product_tag?post=94361"}],"curies":[{"name":"wp","href":"https:\/\/api.w.org\/{rel}","templated":true}]}}