{"id":94374,"date":"2026-03-12T13:48:34","date_gmt":"2026-03-12T16:48:34","guid":{"rendered":"https:\/\/www.ecommerceupdate.com.br\/produto\/logistica-aplicada-um-foco-operacional-e-sustentavel\/"},"modified":"2026-03-13T16:00:17","modified_gmt":"2026-03-13T19:00:17","slug":"logistica-aplicada-um-foco-operacional-e-sustentavel","status":"publish","type":"product","link":"https:\/\/www.ecommerceupdate.com.br\/es\/produto\/logistica-aplicada-um-foco-operacional-e-sustentavel\/","title":{"rendered":"Log\u00edstica Aplicada: Un enfoque operativo y sostenible"},"content":{"rendered":"<div class=\"woocommerce-product-details\">\n<h3>Detalles del producto<\/h3>\n<ul>\n<li>Editorial: Nuevas Ediciones Acad\u00e9micas<\/li>\n<li>Fecha de publicaci\u00f3n: 21 de octubre de 2020<\/li>\n<li>Idioma: portugu\u00e9s<\/li>\n<li>N\u00famero de p\u00e1ginas: 52 p\u00e1ginas<\/li>\n<li>ISBN-10:6202804831<\/li>\n<li>ISBN-13:978-6202804837<\/li>\n<li>Peso del producto: 91 g<\/li>\n<li>Dimensiones: 15 x 0,3 x 22 cm<\/li>\n<\/ul><\/div>","protected":false},"excerpt":{"rendered":"<p>En un entorno organizacional complejo y profundamente competitivo, la b\u00fasqueda de adaptar los est\u00e1ndares de calidad y excelencia en sus sistemas de gesti\u00f3n se vuelve fundamental para asegurar y demostrar una posici\u00f3n ante el mercado. Esta colecci\u00f3n reporta estudios aplicados en el \u00e1rea de log\u00edstica, con el fin de resaltar las pr\u00e1cticas y metodolog\u00edas comerciales disponibles para ayudar en el desempe\u00f1o operativo.<\/p>","protected":false},"featured_media":94374,"comment_status":"open","ping_status":"closed","template":"","meta":[],"product_cat":[1611,1621,1595],"product_tag":[],"class_list":{"0":"post-94374","1":"product","2":"type-product","3":"status-publish","4":"has-post-thumbnail","6":"product_brand-por-josinaldo-dias-autor","7":"product_cat-administracao-negocios-e-economia","8":"product_cat-gestao-e-lideranca","9":"product_cat-livros","11":"first","12":"instock","13":"shipping-taxable","14":"purchasable","15":"product-type-simple"},"aioseo_notices":[],"_links":{"self":[{"href":"https:\/\/www.ecommerceupdate.com.br\/es\/wp-json\/wp\/v2\/product\/94374","targetHints":{"allow":["GET"]}}],"collection":[{"href":"https:\/\/www.ecommerceupdate.com.br\/es\/wp-json\/wp\/v2\/product"}],"about":[{"href":"https:\/\/www.ecommerceupdate.com.br\/es\/wp-json\/wp\/v2\/types\/product"}],"replies":[{"embeddable":true,"href":"https:\/\/www.ecommerceupdate.com.br\/es\/wp-json\/wp\/v2\/comments?post=94374"}],"wp:featuredmedia":[{"embeddable":true,"href":"https:\/\/www.ecommerceupdate.com.br\/es\/wp-json\/wp\/v2\/product\/94374"}],"wp:attachment":[{"href":"https:\/\/www.ecommerceupdate.com.br\/es\/wp-json\/wp\/v2\/media?parent=94374"}],"wp:term":[{"taxonomy":"product_cat","embeddable":true,"href":"https:\/\/www.ecommerceupdate.com.br\/es\/wp-json\/wp\/v2\/product_cat?post=94374"},{"taxonomy":"product_tag","embeddable":true,"href":"https:\/\/www.ecommerceupdate.com.br\/es\/wp-json\/wp\/v2\/product_tag?post=94374"}],"curies":[{"name":"wp","href":"https:\/\/api.w.org\/{rel}","templated":true}]}}