{"id":94511,"date":"2026-03-15T16:43:28","date_gmt":"2026-03-15T19:43:28","guid":{"rendered":"https:\/\/www.ecommerceupdate.com.br\/produto\/wordpress-descomplicado-do-basico-ao-e-commerce\/"},"modified":"2026-03-24T19:48:49","modified_gmt":"2026-03-24T22:48:49","slug":"wordpress-descomplicado-do-basico-ao-e-commerce","status":"publish","type":"product","link":"https:\/\/www.ecommerceupdate.com.br\/es\/produto\/wordpress-descomplicado-do-basico-ao-e-commerce\/","title":{"rendered":"WordPress sencillo: de lo b\u00e1sico al comercio electr\u00f3nico"},"content":{"rendered":"<div class=\"woocommerce-product-details\">\n<h3>Detalles del producto<\/h3>\n<ul>\n<li>ASIN: B08C35YMMJ<\/li>\n<li>Accesibilidad: M\u00e1s informaci\u00f3n<\/li>\n<li>Fecha de publicaci\u00f3n: 29 de junio de 2020<\/li>\n<li>Edici\u00f3n: 1a<\/li>\n<li>Idioma: portugu\u00e9s<\/li>\n<li>Tama\u00f1o del archivo: 21,3 MB<\/li>\n<li>Lector de pantalla: Compatible<\/li>\n<li>Configuraci\u00f3n de fuente: habilitada<\/li>\n<li>Consejos de vocabulario: no habilitado<\/li>\n<li>N\u00famero de p\u00e1ginas: 50 p\u00e1ginas<\/li>\n<li>Cambio de p\u00e1gina: habilitado<\/li>\n<li>Ranking de los m\u00e1s vendidos: No 237,191 en Kindle Store (Conozca el Top 100 en la categor\u00eda Kindle Store) No 14 en Oracle Databases No 3,115 en Computaci\u00f3n, Internet y medios digitales<\/li>\n<li>14 en bases de datos de Oracle<\/li>\n<li>3.115 en Inform\u00e1tica, Internet y medios digitales<\/li>\n<li>Opiniones de clientes: 3,4 3,4 de 5 estrellas (7)<\/li>\n<\/ul><\/div>","protected":false},"excerpt":{"rendered":"<p>WordPress es un sistema gratuito de gesti\u00f3n de contenidos para internet, siendo este el m\u00e1s utilizado en el mundo. La popularizaci\u00f3n de la wordpress se debe principalmente a su facilidad de uso, versatilidad y variedad de proyectos que se pueden desarrollar a trav\u00e9s de ella. Varias empresas y personas utilizan WordPress para desarrollar sus p\u00e1ginas personales, p\u00e1ginas de negocios, revistas, portafolios, proyectos gestionados, programador de eventos e incluso productos y servicios de comercio electr\u00f3nico, debido a su capacidad de ampliar mediante complementos y temas variados. En este trabajo se siguen los pasos de c\u00f3mo empezar con WordPress, comenzando como un simple desarrollo de p\u00e1ginas, en el curso se mostrar\u00e1 c\u00f3mo personalizar de una manera m\u00e1s profesional y al final el desarrollo de una tienda electr\u00f3nica.<\/p>","protected":false},"featured_media":94511,"comment_status":"open","ping_status":"closed","template":"","meta":[],"product_cat":[1691,1641,1595],"product_tag":[],"class_list":{"0":"post-94511","1":"product","2":"type-product","3":"status-publish","4":"has-post-thumbnail","6":"product_brand-por-luiz-gallerani-autor-formato-ebook-kindle","7":"product_cat-base-de-dados","8":"product_cat-computacao-informatica-e-midias-digitais","9":"product_cat-livros","11":"first","12":"instock","13":"shipping-taxable","14":"purchasable","15":"product-type-simple"},"aioseo_notices":[],"_links":{"self":[{"href":"https:\/\/www.ecommerceupdate.com.br\/es\/wp-json\/wp\/v2\/product\/94511","targetHints":{"allow":["GET"]}}],"collection":[{"href":"https:\/\/www.ecommerceupdate.com.br\/es\/wp-json\/wp\/v2\/product"}],"about":[{"href":"https:\/\/www.ecommerceupdate.com.br\/es\/wp-json\/wp\/v2\/types\/product"}],"replies":[{"embeddable":true,"href":"https:\/\/www.ecommerceupdate.com.br\/es\/wp-json\/wp\/v2\/comments?post=94511"}],"wp:featuredmedia":[{"embeddable":true,"href":"https:\/\/www.ecommerceupdate.com.br\/es\/wp-json\/wp\/v2\/product\/94511"}],"wp:attachment":[{"href":"https:\/\/www.ecommerceupdate.com.br\/es\/wp-json\/wp\/v2\/media?parent=94511"}],"wp:term":[{"taxonomy":"product_cat","embeddable":true,"href":"https:\/\/www.ecommerceupdate.com.br\/es\/wp-json\/wp\/v2\/product_cat?post=94511"},{"taxonomy":"product_tag","embeddable":true,"href":"https:\/\/www.ecommerceupdate.com.br\/es\/wp-json\/wp\/v2\/product_tag?post=94511"}],"curies":[{"name":"wp","href":"https:\/\/api.w.org\/{rel}","templated":true}]}}