{"id":91274,"date":"2026-02-05T07:17:48","date_gmt":"2026-02-05T10:17:48","guid":{"rendered":"https:\/\/www.ecommerceupdate.org\/produto\/marketplace-teoria-e-pratica\/"},"modified":"2026-03-20T23:39:35","modified_gmt":"2026-03-21T02:39:35","slug":"marketplace-teoria-e-pratica","status":"publish","type":"product","link":"https:\/\/www.ecommerceupdate.com.br\/et\/produto\/marketplace-teoria-e-pratica\/","title":{"rendered":"Turg: teooria ja praktika"},"content":{"rendered":"<div class=\"woocommerce-product-details\">\n<h3>Toote \u00fcksikasjad<\/h3>\n<ul>\n<li>ASIN: B08YN21JDC<\/li>\n<li>Kirjastaja: Soul Publisher<\/li>\n<li>Juurdep\u00e4\u00e4setavus: Lisateave<\/li>\n<li>Avaldamise kuup\u00e4ev: 10. m\u00e4rts 2021<\/li>\n<li>V\u00e4ljaanne: 1a<\/li>\n<li>Keel: portugali<\/li>\n<li>Faili suurus: 4,9 MB<\/li>\n<li>Fondi konfiguratsioon: lubatud<\/li>\n<li>S\u00f5navara n\u00e4pun\u00e4ited: pole lubatud<\/li>\n<li>Lehek\u00fclgede arv: 188 lehek\u00fclge<\/li>\n<li>ISBN-13:978-6586178906<\/li>\n<li>Lehek\u00fclje \u00fcmberp\u00f6\u00f6ramine: lubatud<\/li>\n<li>Enimm\u00fc\u00fcdud edetabel: Kindle Store'is 144 760 (Koos Kindle Store'i kategoorias 100 parimaga) Interneti-kaubanduses 59. kohal \u00c4ri- ja majandusteaduses 5346<\/li>\n<li>59 Interneti-kaubanduses<\/li>\n<li>5346 \u00e4ri- ja majandusteaduses<\/li>\n<li>Klientide \u00fclevaated: 4,1 4,1 t\u00e4rni 5-st (15)<\/li>\n<\/ul><\/div>","protected":false},"excerpt":{"rendered":"<p>Seistes silmitsi uuendusi t\u00e4is maailma ja jaem\u00fc\u00fcgituruga, mis otsib oma m\u00fc\u00fcgiks uusi suundi, on turul m\u00fc\u00fcmine muutunud tuhandete ettev\u00f5tete jaoks v\u00e4ga huvitavaks teeks.  <br \/>Kasutades \u00e4ra n\u00e4htavust, mis suurtel portaalidel on klientide hankimiseks, on sellele innovaatilisele turule sisenemisel omad ekspluatatsioonid ja riskid. Sellest raamatust leiad lahenduse mitmele neist ja saad edukaks ettev\u00f5tjaks.<\/p>","protected":false},"featured_media":91274,"comment_status":"open","ping_status":"closed","template":"","meta":[],"product_cat":[1611,1613,1595],"product_tag":[],"class_list":{"0":"post-91274","1":"product","2":"type-product","3":"status-publish","4":"has-post-thumbnail","6":"product_brand-por-alexandre-villar-autor-alexandre-vilar-autor-chris-donizete-editor-0-mais-formato-ebook-kindle","7":"product_cat-administracao-negocios-e-economia","8":"product_cat-industrias-e-profissoes","9":"product_cat-livros","11":"first","12":"instock","13":"shipping-taxable","14":"purchasable","15":"product-type-simple"},"aioseo_notices":[],"_links":{"self":[{"href":"https:\/\/www.ecommerceupdate.com.br\/et\/wp-json\/wp\/v2\/product\/91274","targetHints":{"allow":["GET"]}}],"collection":[{"href":"https:\/\/www.ecommerceupdate.com.br\/et\/wp-json\/wp\/v2\/product"}],"about":[{"href":"https:\/\/www.ecommerceupdate.com.br\/et\/wp-json\/wp\/v2\/types\/product"}],"replies":[{"embeddable":true,"href":"https:\/\/www.ecommerceupdate.com.br\/et\/wp-json\/wp\/v2\/comments?post=91274"}],"wp:featuredmedia":[{"embeddable":true,"href":"https:\/\/www.ecommerceupdate.com.br\/et\/wp-json\/wp\/v2\/product\/91274"}],"wp:attachment":[{"href":"https:\/\/www.ecommerceupdate.com.br\/et\/wp-json\/wp\/v2\/media?parent=91274"}],"wp:term":[{"taxonomy":"product_cat","embeddable":true,"href":"https:\/\/www.ecommerceupdate.com.br\/et\/wp-json\/wp\/v2\/product_cat?post=91274"},{"taxonomy":"product_tag","embeddable":true,"href":"https:\/\/www.ecommerceupdate.com.br\/et\/wp-json\/wp\/v2\/product_tag?post=91274"}],"curies":[{"name":"wp","href":"https:\/\/api.w.org\/{rel}","templated":true}]}}