{"id":91654,"date":"2026-02-07T11:58:45","date_gmt":"2026-02-07T14:58:45","guid":{"rendered":"https:\/\/www.ecommerceupdate.org\/produto\/steve-jobs\/"},"modified":"2026-04-14T18:33:58","modified_gmt":"2026-04-14T21:33:58","slug":"steve-jobs","status":"publish","type":"product","link":"https:\/\/www.ecommerceupdate.com.br\/et\/produto\/steve-jobs\/","title":{"rendered":"Steve Jobs"},"content":{"rendered":"<div class=\"woocommerce-product-details\">\n<div id=\"aplus_feature_div\" class=\"celwidget\" data-feature-name=\"aplus\" data-csa-c-type=\"widget\" data-csa-c-content-id=\"aplus\" data-csa-c-slot-id=\"aplus_feature_div\" data-csa-c-asin=\"\" data-csa-c-is-in-initial-active-row=\"false\">\n<div id=\"aplus\" class=\"a-section a-spacing-large bucket\">\n<h3 class=\"\">Kirjastajalt<\/h3>\n<div lang=\"pt_BR\">\n<div class=\"aplus-v2 desktop celwidget\">\n<div class=\"celwidget aplus-module module-12 aplus-standard\">\n<div class=\"aplus-module-wrapper apm-spacing apm-floatnone apm-fixed-width\">\n<div class=\"apm-sidemodule aplus-module-content\">\n<div class=\"apm-hero-image\"> <img decoding=\"async\" alt=\"steve t\u00f6\u00f6kohad\" src=\"https:\/\/m.media-amazon.com\/images\/S\/aplus-media-library-service-media\/efed023c-6914-4994-aaea-5774ccd240c8.__CR0,0,970,300_PT0_SX970_V1___.jpg\" \/> <\/div>\n<\/p>\n<\/div>\n<\/div>\n<\/div>\n<div class=\"celwidget aplus-module 3p-module-b aplus-standard\">\n<div class=\"aplus-module-wrapper aplus-3p-fixed-width\"> <img decoding=\"async\" alt=\"steve t\u00f6\u00f6kohad\" src=\"https:\/\/m.media-amazon.com\/images\/S\/aplus-media-library-service-media\/5343247a-b760-41e3-9818-0148cb61ec65.__CR0,0,970,600_PT0_SX970_V1___.jpg\" \/> <\/div>\n<\/p>\n<\/div>\n<div class=\"celwidget aplus-module 3p-module-b aplus-standard\">\n<div class=\"aplus-module-wrapper aplus-3p-fixed-width\"> <img decoding=\"async\" alt=\"steve t\u00f6\u00f6kohad\" src=\"https:\/\/m.media-amazon.com\/images\/S\/aplus-media-library-service-media\/6fc2404e-f3f2-43f3-950a-6553cc80506f.__CR0,0,970,600_PT0_SX970_V1___.jpg\" \/> <\/div>\n<\/p>\n<\/div>\n<div class=\"celwidget aplus-module module-12 aplus-standard\">\n<div class=\"aplus-module-wrapper apm-spacing apm-floatnone apm-fixed-width\">\n<div class=\"apm-sidemodule aplus-module-content\">\n<div class=\"apm-hero-image\"> <img decoding=\"async\" alt=\"steve t\u00f6\u00f6kohad\" src=\"https:\/\/m.media-amazon.com\/images\/S\/aplus-media-library-service-media\/b4e5cb13-62fe-4d29-96f7-68f8c0bb82c9.__CR0,0,970,300_PT0_SX970_V1___.jpg\" \/> <\/div>\n<\/p>\n<\/div>\n<\/div>\n<\/div>\n<div class=\"celwidget aplus-module module-5 aplus-standard\">\n<div class=\"aplus-module-wrapper apm-fixed-width\">\n<div class=\"apm-spacing aplus-module-content\">\n<div class=\"apm-tablemodule\">\n<table class=\"apm-tablemodule-table\" cellspacing=\"0\" cellpadding=\"0\">\n<tbody>\n<tr class=\"apm-tablemodule-imagerows\">\n<td class=\"apm-tablemodule-blankkeyhead\" \/>\n<th> <a href='\/et\/dp\/B075CN35WH\/?ref=emc_s_m_5_i_atc'> <\/p>\n<div class=\"apm-tablemodule-image\"> <img decoding=\"async\" alt=\"\" src=\"https:\/\/m.media-amazon.com\/images\/S\/aplus-media-library-service-media\/bf653dba-9860-47a6-a7ef-8757b14b1b36.__CR0,0,150,300_PT0_SX150_V1___.jpg\" width=\"148.0px\" \/> <\/div>\n<div> Leonardo da Vinci oma <\/div>\n<p> <\/a> <\/th>\n<th> <a href='\/et\/dp\/B08R7ZHTLM\/?ref=emc_s_m_5_i_atc'> <\/p>\n<div class=\"apm-tablemodule-image\"> <img decoding=\"async\" alt=\"\" src=\"https:\/\/m.media-amazon.com\/images\/S\/aplus-media-library-service-media\/cd62543f-694a-4708-a394-d6454a78be32.__CR0,0,150,300_PT0_SX150_V1___.jpg\" width=\"148.0px\" \/> <\/div>\n<div> Uuendajad <\/div>\n<p> <\/a> <\/th>\n<th> <a href='\/et\/dp\/B08X192R3Y\/?ref=emc_s_m_5_i_atc'> <\/p>\n<div class=\"apm-tablemodule-image\"> <img decoding=\"async\" alt=\"\" src=\"https:\/\/m.media-amazon.com\/images\/S\/aplus-media-library-service-media\/87d4f507-fb8f-4774-aeb7-f4e4cfcc39f0.__CR0,0,150,300_PT0_SX150_V1___.jpg\" width=\"148.0px\" \/> <\/div>\n<div> Dekooder <\/div>\n<p> <\/a> <\/th>\n<th> <a href='\/et\/dp\/B08L9PMZPX\/?ref=emc_s_m_5_i_atc'> <\/p>\n<div class=\"apm-tablemodule-image\"> <img decoding=\"async\" alt=\"\" src=\"https:\/\/m.media-amazon.com\/images\/S\/aplus-media-library-service-media\/750ff88f-62e1-485d-b01f-b47404b2a134.__CR0,0,150,300_PT0_SX150_V1___.jpg\" width=\"148.0px\" \/> <\/div>\n<div> Alexander Hamiltoni oma <\/div>\n<p> <\/a> <\/th>\n<th> <a href='\/et\/dp\/B01555GJKE\/?ref=emc_s_m_5_i_atc'> <\/p>\n<div class=\"apm-tablemodule-image\"> <img decoding=\"async\" alt=\"\" src=\"https:\/\/m.media-amazon.com\/images\/S\/aplus-media-library-service-media\/9a203d85-5049-4446-9126-60e551d7a606.__CR0,0,150,300_PT0_SX150_V1___.jpg\" width=\"148.0px\" \/> <\/div>\n<div> Elon Musk: Kuidas SpaceXi ja Tesla miljard\u00e4rist tegevjuht meie tulevikku kujundab <\/div>\n<p> <\/a> <\/th>\n<\/tr>\n<tr class=\"apm-tablemodule-atc\">\n<td class=\"apm-tablemodule-blankkeyhead\" \/>\n<td>\n<div class=\"add-to-cart\"> <span class=\"a-button a-button-base\"><span class=\"a-button-inner\"><a href=\"\/et\/dp\/B075CN35WH\/?ref=emc_s_m_5_i_atc\" class=\"a-button-text\"> Ostuv\u00f5imalused <\/a><\/span><\/span> <\/div>\n<\/td>\n<td>\n<div class=\"add-to-cart\"> <span class=\"a-button a-button-base\"><span class=\"a-button-inner\"><a href=\"\/et\/dp\/B08R7ZHTLM\/?ref=emc_s_m_5_i_atc\" class=\"a-button-text\"> Ostuv\u00f5imalused <\/a><\/span><\/span> <\/div>\n<\/td>\n<td>\n<div class=\"add-to-cart\"> <span class=\"a-button a-button-base\"><span class=\"a-button-inner\"><a href=\"\/et\/dp\/B08X192R3Y\/?ref=emc_s_m_5_i_atc\" class=\"a-button-text\"> Ostuv\u00f5imalused <\/a><\/span><\/span> <\/div>\n<\/td>\n<td>\n<div class=\"add-to-cart\"> <span class=\"a-button a-button-base\"><span class=\"a-button-inner\"><a href=\"\/et\/dp\/B08L9PMZPX\/?ref=emc_s_m_5_i_atc\" class=\"a-button-text\"> Ostuv\u00f5imalused <\/a><\/span><\/span> <\/div>\n<\/td>\n<td>\n<div class=\"add-to-cart\"> <span class=\"a-button a-button-base\"><span class=\"a-button-inner\"><a href=\"\/et\/dp\/B01555GJKE\/?ref=emc_s_m_5_i_atc\" class=\"a-button-text\"> Ostuv\u00f5imalused <\/a><\/span><\/span> <\/div>\n<\/td>\n<\/tr>\n<tr class=\"apm-tablemodule-keyvalue\">\n<th class=\"apm-tablemodule-keyhead\"> <span class=\"a-color-secondary\"> Klientide \u00fclevaated <\/span> <\/th>\n<td class=\"apm-tablemodule-valuecell apm-checked\" style=\"width:191px\">\n<div class=\"\">\n<div class=\"a-size-base\"> <i class=\"a-icon a-icon-star-small a-star-small-5 a-spacing-none\"><span class=\"a-icon-alt\">4,8 t\u00e4rni 5-st<\/span><\/i> <span class=\"a-size-mini a-color-base\">4.513<\/span> <\/div>\n<\/p>\n<\/div>\n<\/td>\n<td class=\"apm-tablemodule-valuecell apm-checked\" style=\"width:191px\">\n<div class=\"\">\n<div class=\"a-size-base\"> <i class=\"a-icon a-icon-star-small a-star-small-4-5 a-spacing-none\"><span class=\"a-icon-alt\">4,7 t\u00e4rni 5-st<\/span><\/i> <span class=\"a-size-mini a-color-base\">238<\/span> <\/div>\n<\/p>\n<\/div>\n<\/td>\n<td class=\"apm-tablemodule-valuecell apm-checked\" style=\"width:191px\">\n<div class=\"\">\n<div class=\"a-size-base\"> <i class=\"a-icon a-icon-star-small a-star-small-5 a-spacing-none\"><span class=\"a-icon-alt\">4,8 t\u00e4rni 5-st<\/span><\/i> <span class=\"a-size-mini a-color-base\">880<\/span> <\/div>\n<\/p>\n<\/div>\n<\/td>\n<td class=\"apm-tablemodule-valuecell apm-checked\" style=\"width:191px\">\n<div class=\"\">\n<div class=\"a-size-base\"> <i class=\"a-icon a-icon-star-small a-star-small-5 a-spacing-none\"><span class=\"a-icon-alt\">4,8 t\u00e4rni 5-st<\/span><\/i> <span class=\"a-size-mini a-color-base\">478<\/span> <\/div>\n<\/p>\n<\/div>\n<\/td>\n<td class=\"apm-tablemodule-valuecell apm-checked\" style=\"width:191px\">\n<div class=\"\">\n<div class=\"a-size-base\"> <i class=\"a-icon a-icon-star-small a-star-small-4-5 a-spacing-none\"><span class=\"a-icon-alt\">4,7 t\u00e4rni 5-st<\/span><\/i> <span class=\"a-size-mini a-color-base\">5.138<\/span> <\/div>\n<\/p>\n<\/div>\n<\/td>\n<\/tr>\n<tr class=\"apm-tablemodule-keyvalue\">\n<th class=\"apm-tablemodule-keyhead\"> <span class=\"a-color-secondary\"> Hind <\/span> <\/th>\n<td class=\"apm-tablemodule-valuecell apm-checked\" style=\"width:191px\"> <span class=\"a-price\" data-a-size=\"medium_plus\" data-a-color=\"base\"><span class=\"a-offscreen\">R$ 65.10<\/span><span aria-hidden=\"true\"><span class=\"a-price-symbol\">R$<\/span><span class=\"a-price-whole\">65<span class=\"a-price-decimal\">,<\/span><\/span><span class=\"a-price-fraction\">10<\/span><\/span><\/span> <\/td>\n<td class=\"apm-tablemodule-valuecell apm-checked\" style=\"width:191px\"> <span class=\"a-price\" data-a-size=\"medium_plus\" data-a-color=\"base\"><span class=\"a-offscreen\">R$ 92.61<\/span><span aria-hidden=\"true\"><span class=\"a-price-symbol\">R$<\/span><span class=\"a-price-whole\">92<span class=\"a-price-decimal\">,<\/span><\/span><span class=\"a-price-fraction\">61<\/span><\/span><\/span> <\/td>\n<td class=\"apm-tablemodule-valuecell apm-checked\" style=\"width:191px\"> <span class=\"a-price\" data-a-size=\"medium_plus\" data-a-color=\"base\"><span class=\"a-offscreen\">R$ 49.41<\/span><span aria-hidden=\"true\"><span class=\"a-price-symbol\">R$<\/span><span class=\"a-price-whole\">49<span class=\"a-price-decimal\">,<\/span><\/span><span class=\"a-price-fraction\">41<\/span><\/span><\/span> <\/td>\n<td class=\"apm-tablemodule-valuecell apm-checked\" style=\"width:191px\"> <span class=\"a-price\" data-a-size=\"medium_plus\" data-a-color=\"base\"><span class=\"a-offscreen\">R$ 74.61<\/span><span aria-hidden=\"true\"><span class=\"a-price-symbol\">R$<\/span><span class=\"a-price-whole\">74<span class=\"a-price-decimal\">,<\/span><\/span><span class=\"a-price-fraction\">61<\/span><\/span><\/span> <\/td>\n<td class=\"apm-tablemodule-valuecell apm-checked\" style=\"width:191px\"> <span class=\"a-price\" data-a-size=\"medium_plus\" data-a-color=\"base\"><span class=\"a-offscreen\">R$ 49.41<\/span><span aria-hidden=\"true\"><span class=\"a-price-symbol\">R$<\/span><span class=\"a-price-whole\">49<span class=\"a-price-decimal\">,<\/span><\/span><span class=\"a-price-fraction\">41<\/span><\/span><\/span> <\/td>\n<\/tr>\n<tr class=\"apm-tablemodule-keyvalue\">\n<th class=\"apm-tablemodule-keyhead\"> <span class=\"a-color-secondary\"> Tea teisi sarnaseid pealkirju <\/span> <\/th>\n<td class=\"apm-tablemodule-valuecell\" style=\"width:191px\"> <span class=\"a-size-base\"> Sisemine <\/span> <\/td>\n<td class=\"apm-tablemodule-valuecell\" style=\"width:191px\"> <span class=\"a-size-base\"> Sisemine <\/span> <\/td>\n<td class=\"apm-tablemodule-valuecell\" style=\"width:191px\"> <span class=\"a-size-base\"> Sisemine <\/span> <\/td>\n<td class=\"apm-tablemodule-valuecell\" style=\"width:191px\"> <span class=\"a-size-base\"> Sisemine <\/span> <\/td>\n<td class=\"apm-tablemodule-valuecell\" style=\"width:191px\"> <span class=\"a-size-base\"> Sisemine <\/span> <\/td>\n<\/tr>\n<\/tbody>\n<\/table>\n<\/div>\n<\/div>\n<\/div>\n<\/div>\n<\/div>\n<\/div>\n<\/div>\n<\/div>\n<h3>Toote \u00fcksikasjad<\/h3>\n<ul>\n<li>ASIN: B0BL5T4JJ7<\/li>\n<li>Kirjastaja: Intrinsic<\/li>\n<li>Juurdep\u00e4\u00e4setavus: Lisateave<\/li>\n<li>Avaldamise kuup\u00e4ev: 2. detsember 2022<\/li>\n<li>Keel: portugali<\/li>\n<li>Faili suurus: 19,2 MB<\/li>\n<li>Ekraanilugeja: \u00fchilduv<\/li>\n<li>Fondi konfiguratsioon: lubatud<\/li>\n<li>S\u00f5navara n\u00e4pun\u00e4ited: pole lubatud<\/li>\n<li>Lehek\u00fclgede arv: 806 lk<\/li>\n<li>ISBN-13:978-6555603330<\/li>\n<li>Lehek\u00fclje \u00fcmberp\u00f6\u00f6ramine: lubatud<\/li>\n<li>Lugemise vanus: 16 aastat ja vanemad<\/li>\n<li>Enimm\u00fc\u00fcdud edetabel: Kindle Store'is 16 041 (Koos Kindle Store'i kategoorias 100 parimaga) Teadlaste elulugudes 10. kohal Biograafiad ja autobiograafiad 268<\/li>\n<li>10 Teadlaste elulugudes<\/li>\n<li>268 Biograafias ja autobiograafias<\/li>\n<li>Klientide \u00fclevaated: 4,8 4,8 t\u00e4rni 5-st (616)<\/li>\n<\/ul><\/div>","protected":false},"excerpt":{"rendered":"<p>Leonardo da Vinci trendika autori hiilgava ja vastuolulise Apple'i kaasasutaja elulugu taask\u00e4ivitatakse uues v\u00e4ljaandes Tuginedes enam kui neljak\u00fcmnele intervjuule, mis viidi l\u00e4bi Steve Jobsiga kahe aasta jooksul, ja mitmetele teistele, mis on tehtud enam kui saja pere, s\u00f5bra, vastase, konkurendi ja t\u00f6\u00f6kaaslasega, Walter Isaacson esitab selles eluloos ikooni p\u00f5neva trajektoori. Intensiivne, tugeva isiksusega ja kirglik, Jobs elas k\u00f5rgel ja madalal ning muutis personaalarvutite, animafilmide, muusika, mobiiltelefoni, isiksuse ja digitaalse meedia keelatud andmet\u00f6\u00f6tluse iseloomu. <\/p>","protected":false},"featured_media":91654,"comment_status":"open","ping_status":"closed","template":"","meta":{"_aipt_faq_data":""},"product_cat":[1625,1608,1607],"product_tag":[],"class_list":{"0":"post-91654","1":"product","2":"type-product","3":"status-publish","4":"has-post-thumbnail","6":"product_brand-por-walter-isaacson-autor-rogerio-w-galindo-tradutor-formato-ebook-kindle","7":"product_cat-biografias-e-historias-reais","8":"product_cat-ebooks-kindle","9":"product_cat-loja-kindle","11":"first","12":"instock","13":"sale","14":"shipping-taxable","15":"purchasable","16":"product-type-simple"},"aioseo_notices":[],"_links":{"self":[{"href":"https:\/\/www.ecommerceupdate.com.br\/et\/wp-json\/wp\/v2\/product\/91654","targetHints":{"allow":["GET"]}}],"collection":[{"href":"https:\/\/www.ecommerceupdate.com.br\/et\/wp-json\/wp\/v2\/product"}],"about":[{"href":"https:\/\/www.ecommerceupdate.com.br\/et\/wp-json\/wp\/v2\/types\/product"}],"replies":[{"embeddable":true,"href":"https:\/\/www.ecommerceupdate.com.br\/et\/wp-json\/wp\/v2\/comments?post=91654"}],"wp:featuredmedia":[{"embeddable":true,"href":"https:\/\/www.ecommerceupdate.com.br\/et\/wp-json\/wp\/v2\/product\/91654"}],"wp:attachment":[{"href":"https:\/\/www.ecommerceupdate.com.br\/et\/wp-json\/wp\/v2\/media?parent=91654"}],"wp:term":[{"taxonomy":"product_cat","embeddable":true,"href":"https:\/\/www.ecommerceupdate.com.br\/et\/wp-json\/wp\/v2\/product_cat?post=91654"},{"taxonomy":"product_tag","embeddable":true,"href":"https:\/\/www.ecommerceupdate.com.br\/et\/wp-json\/wp\/v2\/product_tag?post=91654"}],"curies":[{"name":"wp","href":"https:\/\/api.w.org\/{rel}","templated":true}]}}