{"id":91660,"date":"2026-02-07T12:37:33","date_gmt":"2026-02-07T15:37:33","guid":{"rendered":"https:\/\/www.ecommerceupdate.org\/produto\/logistica-de-e-commerce\/"},"modified":"2026-03-13T15:23:37","modified_gmt":"2026-03-13T18:23:37","slug":"logistica-de-e-commerce","status":"publish","type":"product","link":"https:\/\/www.ecommerceupdate.com.br\/et\/produto\/logistica-de-e-commerce\/","title":{"rendered":"E-kaubanduse logistika"},"content":{"rendered":"<div class=\"woocommerce-product-details\"><\/div>","protected":false},"excerpt":{"rendered":"<p>Kallis(a)\u00f5pilane(a), E-kaubandus on muutnud inimeste suhtumist ettev\u00f5tetesse. Kui enne oli neil vaja ostu sooritamiseks asutusse kolida, siis t\u00e4na saab iga\u00fcks, kellel on interneti\u00fchendusega nutitelefon, kogu mugavuse juures ostu sooritada ja j\u00e4lgida teie veebitellimuse olekut. \u00dchelt poolt on tarbijal rohkem j\u00f5udu ja mugavust suhetes ettev\u00f5ttega; teisalt \u00e4ri igap\u00e4evaellu kaasatuna tohutu v\u00e4ljakutse kogu tarneahela juhtimises Loodan, et toode tarnitakse kiireima kanali kaudu, k\u00f5ige l\u00fchema ajaga, \u00f5iges kohas ja vastavalt kliendi soovile. Sellel t\u00f6\u00f6l on suur arusaam, v\u00f5ttes arvesse \u00e4ri, v\u00f5ttes arvesse turgu ja v\u00f5ttes arvesse parimaid tavasid, turul, turu k\u00f5ige olulisemad aspektid, turg, turg, k\u00f5ige olulisemad, k\u00f5ige olulisemad, k\u00f5ige olulisemad, k\u00f5ige olulisemad, k\u00f5ige olulisemad, k\u00f5ige olulisemad, k\u00f5ige olulisemad, k\u00f5ige olulisemad.<\/p>","protected":false},"featured_media":91660,"comment_status":"open","ping_status":"closed","template":"","meta":[],"product_cat":[1653,1595],"product_tag":[],"class_list":{"0":"post-91660","1":"product","2":"type-product","3":"status-publish","4":"has-post-thumbnail","6":"product_brand-por-elson-hazelski-teixeira-autor","7":"product_cat-educacao-referencia-e-didaticos","8":"product_cat-livros","10":"first","11":"instock","12":"shipping-taxable","13":"purchasable","14":"product-type-simple"},"aioseo_notices":[],"_links":{"self":[{"href":"https:\/\/www.ecommerceupdate.com.br\/et\/wp-json\/wp\/v2\/product\/91660","targetHints":{"allow":["GET"]}}],"collection":[{"href":"https:\/\/www.ecommerceupdate.com.br\/et\/wp-json\/wp\/v2\/product"}],"about":[{"href":"https:\/\/www.ecommerceupdate.com.br\/et\/wp-json\/wp\/v2\/types\/product"}],"replies":[{"embeddable":true,"href":"https:\/\/www.ecommerceupdate.com.br\/et\/wp-json\/wp\/v2\/comments?post=91660"}],"wp:featuredmedia":[{"embeddable":true,"href":"https:\/\/www.ecommerceupdate.com.br\/et\/wp-json\/wp\/v2\/product\/91660"}],"wp:attachment":[{"href":"https:\/\/www.ecommerceupdate.com.br\/et\/wp-json\/wp\/v2\/media?parent=91660"}],"wp:term":[{"taxonomy":"product_cat","embeddable":true,"href":"https:\/\/www.ecommerceupdate.com.br\/et\/wp-json\/wp\/v2\/product_cat?post=91660"},{"taxonomy":"product_tag","embeddable":true,"href":"https:\/\/www.ecommerceupdate.com.br\/et\/wp-json\/wp\/v2\/product_tag?post=91660"}],"curies":[{"name":"wp","href":"https:\/\/api.w.org\/{rel}","templated":true}]}}