{"id":91913,"date":"2026-02-15T19:38:51","date_gmt":"2026-02-15T22:38:51","guid":{"rendered":"https:\/\/www.ecommerceupdate.org\/produto\/a-revolucao-do-branding\/"},"modified":"2026-04-14T18:39:56","modified_gmt":"2026-04-14T21:39:56","slug":"a-revolucao-do-branding","status":"publish","type":"product","link":"https:\/\/www.ecommerceupdate.com.br\/et\/produto\/a-revolucao-do-branding\/","title":{"rendered":"Br\u00e4ndingu (r) areng"},"content":{"rendered":"<div class=\"woocommerce-product-details\">\n<h3>Toote \u00fcksikasjad<\/h3>\n<ul>\n<li>Kirjastaja: Inimesed<\/li>\n<li>Avaldamise kuup\u00e4ev: 5. veebruar 2024<\/li>\n<li>V\u00e4ljaanne: 1a<\/li>\n<li>Keel: portugali<\/li>\n<li>Lehek\u00fclgede arv: 192 lehek\u00fclge<\/li>\n<li>ISBN-10:6555444002<\/li>\n<li>ISBN-13:978-6555444001<\/li>\n<li>Toote kaal: 280g<\/li>\n<li>M\u00f5\u00f5dud: 16 x 1 x 23 cm<\/li>\n<li>Enimm\u00fc\u00fcdud edetabel: nr 3724 raamatutes (kohtuge raamatute kategoorias 100 parimaga) nr 23 turunduses nr 187 juhtimises ja juhtimises<\/li>\n<li>23 Turunduses<\/li>\n<li>187 Juhtimises ja juhtimises<\/li>\n<li>Klientide \u00fclevaated: 4,6 4,6 t\u00e4rni 5-st (561)<\/li>\n<\/ul><\/div>","protected":false},"excerpt":{"rendered":"<p>Descubra como fazer um branding forte e ser a empresa coerente entre o que \u00e9, faz e fala! Ana Couto \u00e9 precursora da disciplina do branding no Brasil e acredita que, se as marcas nacionais fizerem uma gest\u00e3o rigorosa do intang\u00edvel com foco em cria\u00e7\u00e3o de valor, ter\u00e3o plenas condi\u00e7\u00f5es de se manterem firmes e fortes no mercado, al\u00e9m de competir em p\u00e9 de igualdade com gigantes globais. Por isso, em seu novo livro, A (r)evolu\u00e7\u00e3o do branding , ela mostra que as empresas devem estar prontas para: <span>Descobrir como criar um branding forte;<\/span>Descobrir como criar um branding forte;<span>Perceber o momento ideal para um rebranding;<\/span>Perceber o momento ideal para um rebranding;<span>Conhecer a metodologia para entender seu c\u00f3digo gen\u00e9tico, expandindo a vis\u00e3o do branding que integra a estrat\u00e9gia de marca, neg\u00f3cio e comunica\u00e7\u00e3o<\/span>Conhecer a metodologia para entender seu c\u00f3digo gen\u00e9tico, expandindo a vis\u00e3o do branding que integra a estrat\u00e9gia de marca, neg\u00f3cio e comunica\u00e7\u00e3o<span>Fazer a gest\u00e3o de valor no dia a dia da opera\u00e7\u00e3o pelo Valometry, uma ferramenta desenvolvida pela ag\u00eancia, entendendo como performar bem nas tr\u00eas ondas de valor: Produto, Pessoas e Prop\u00f3sito.<\/span>Fazer a gest\u00e3o de valor no dia a dia da opera\u00e7\u00e3o pelo Valometry, uma ferramenta desenvolvida pela ag\u00eancia, entendendo como performar bem nas tr\u00eas ondas de valor: Produto, Pessoas e Prop\u00f3sito.<span>Perceber a import\u00e2ncia da coer\u00eancia das organiza\u00e7\u00f5es que precisam ser, fazer e falar;<\/span>Perceber a import\u00e2ncia da coer\u00eancia das organiza\u00e7\u00f5es que precisam ser, fazer e falar;<span>Aprender com os exemplos reais \u2015 de sucesso ou n\u00e3o \u2015, por meio de cases globais e brasileiros.<\/span>Aprender com os exemplos reais \u2015 de sucesso ou n\u00e3o \u2015, por meio de cases globais e brasileiros.\u201cBranding n\u00e3o \u00e9 uma mudan\u00e7a de marca, \u00e9 o marco de uma mudan\u00e7a. \u00c9 a disciplina que ajuda na gest\u00e3o cont\u00ednua do valor intang\u00edvel da organiza\u00e7\u00e3o.\u201d<\/p>","protected":false},"featured_media":91913,"comment_status":"open","ping_status":"closed","template":"","meta":{"_aipt_faq_data":""},"product_cat":[1611,1595,1618],"product_tag":[],"class_list":{"0":"post-91913","1":"product","2":"type-product","3":"status-publish","4":"has-post-thumbnail","6":"product_brand-por-ana-couto-autor","7":"product_cat-administracao-negocios-e-economia","8":"product_cat-livros","9":"product_cat-marketing-e-vendas","11":"first","12":"instock","13":"sale","14":"shipping-taxable","15":"purchasable","16":"product-type-simple"},"aioseo_notices":[],"_links":{"self":[{"href":"https:\/\/www.ecommerceupdate.com.br\/et\/wp-json\/wp\/v2\/product\/91913","targetHints":{"allow":["GET"]}}],"collection":[{"href":"https:\/\/www.ecommerceupdate.com.br\/et\/wp-json\/wp\/v2\/product"}],"about":[{"href":"https:\/\/www.ecommerceupdate.com.br\/et\/wp-json\/wp\/v2\/types\/product"}],"replies":[{"embeddable":true,"href":"https:\/\/www.ecommerceupdate.com.br\/et\/wp-json\/wp\/v2\/comments?post=91913"}],"wp:featuredmedia":[{"embeddable":true,"href":"https:\/\/www.ecommerceupdate.com.br\/et\/wp-json\/wp\/v2\/product\/91913"}],"wp:attachment":[{"href":"https:\/\/www.ecommerceupdate.com.br\/et\/wp-json\/wp\/v2\/media?parent=91913"}],"wp:term":[{"taxonomy":"product_cat","embeddable":true,"href":"https:\/\/www.ecommerceupdate.com.br\/et\/wp-json\/wp\/v2\/product_cat?post=91913"},{"taxonomy":"product_tag","embeddable":true,"href":"https:\/\/www.ecommerceupdate.com.br\/et\/wp-json\/wp\/v2\/product_tag?post=91913"}],"curies":[{"name":"wp","href":"https:\/\/api.w.org\/{rel}","templated":true}]}}