{"id":93225,"date":"2026-03-01T09:31:52","date_gmt":"2026-03-01T12:31:52","guid":{"rendered":"https:\/\/www.ecommerceupdate.com.br\/produto\/dominando-a-ia\/"},"modified":"2026-03-13T15:27:17","modified_gmt":"2026-03-13T18:27:17","slug":"dominando-a-ia","status":"publish","type":"product","link":"https:\/\/www.ecommerceupdate.com.br\/et\/produto\/dominando-a-ia\/","title":{"rendered":"AI valdamine"},"content":{"rendered":"<div class=\"woocommerce-product-details\"><\/div>","protected":false},"excerpt":{"rendered":"<p>\u201cKUIDAS AI SEAB DEMOKRAATIA OHTU JA MUUDAB MEIE M\u00d5TTEVIISI\u201d<\/p>\n<p>Ajakirja Fortune ajakirjanik Jeremy Kahn tugineb kogu oma teadmistele ja laiaulatuslikule kontaktide v\u00f5rgustikule ettev\u00f5tete ja teadlaste vahel, kes on tehisintellekti esirinnas, et teha m\u00f5jukaid ennustusi selle tehnoloogia m\u00f5ju kohta j\u00e4rgmisel k\u00fcmnendil.<\/p>\n<p>Autor ennustab, et j\u00e4rgneva viie aasta jooksul m\u00f5jutab AI k\u00f5iki majandussektoreid ja ettev\u00f5tteid, t\u00f5stes j\u00e4rsult efektiivsust ja tootlikkust. Kuigi prognoosid viitavad helgele tulevikule, toob AI endaga kaasa ka hirmu ja ebakindluse varju.<\/p>\n<p>Selle uue reaalsuse juhtidele, teadlastele, futuristidele ja teistele peategelastele privilegeeritud juurdep\u00e4\u00e4su eelisega v\u00e4idab Kahn, et kui tehisintellekt ei ole hoolikalt kavandatud ja rangelt reguleeritud, p\u00f5hjustab see palkade v\u00e4hendamist ja sissetulekute ebav\u00f5rdsuse suurenemist, kehtestades monopoliseeritud turud suures osas majandus.<br \/>Tehisintellekti valdamine on oluline juhend k\u00f5igile, kes soovivad m\u00f5ista tehisintellekti plahvatuslikku arengut ja seda, mis meid ees ootab.<\/p>","protected":false},"featured_media":93225,"comment_status":"open","ping_status":"closed","template":"","meta":[],"product_cat":[1615,1608,1607],"product_tag":[],"class_list":{"0":"post-93225","1":"product","2":"type-product","3":"status-publish","4":"has-post-thumbnail","6":"product_brand-por-jeremy-kahn-autor-formato-ebook-kindle","7":"product_cat-ciencias","8":"product_cat-ebooks-kindle","9":"product_cat-loja-kindle","11":"first","12":"instock","13":"sale","14":"shipping-taxable","15":"purchasable","16":"product-type-simple"},"aioseo_notices":[],"_links":{"self":[{"href":"https:\/\/www.ecommerceupdate.com.br\/et\/wp-json\/wp\/v2\/product\/93225","targetHints":{"allow":["GET"]}}],"collection":[{"href":"https:\/\/www.ecommerceupdate.com.br\/et\/wp-json\/wp\/v2\/product"}],"about":[{"href":"https:\/\/www.ecommerceupdate.com.br\/et\/wp-json\/wp\/v2\/types\/product"}],"replies":[{"embeddable":true,"href":"https:\/\/www.ecommerceupdate.com.br\/et\/wp-json\/wp\/v2\/comments?post=93225"}],"wp:featuredmedia":[{"embeddable":true,"href":"https:\/\/www.ecommerceupdate.com.br\/et\/wp-json\/wp\/v2\/product\/93225"}],"wp:attachment":[{"href":"https:\/\/www.ecommerceupdate.com.br\/et\/wp-json\/wp\/v2\/media?parent=93225"}],"wp:term":[{"taxonomy":"product_cat","embeddable":true,"href":"https:\/\/www.ecommerceupdate.com.br\/et\/wp-json\/wp\/v2\/product_cat?post=93225"},{"taxonomy":"product_tag","embeddable":true,"href":"https:\/\/www.ecommerceupdate.com.br\/et\/wp-json\/wp\/v2\/product_tag?post=93225"}],"curies":[{"name":"wp","href":"https:\/\/api.w.org\/{rel}","templated":true}]}}