{"id":93228,"date":"2026-03-01T09:32:48","date_gmt":"2026-03-01T12:32:48","guid":{"rendered":"https:\/\/www.ecommerceupdate.com.br\/produto\/universo-do-e-commerce-portuguese-edition\/"},"modified":"2026-03-13T15:27:39","modified_gmt":"2026-03-13T18:27:39","slug":"universo-do-e-commerce-portuguese-edition","status":"publish","type":"product","link":"https:\/\/www.ecommerceupdate.com.br\/et\/produto\/universo-do-e-commerce-portuguese-edition\/","title":{"rendered":"E-kaubanduse universum (Portugali v\u00e4ljaanne)"},"content":{"rendered":"<div class=\"woocommerce-product-details\">\n<h3>Toote \u00fcksikasjad<\/h3>\n<ul>\n<li>ASIN: B09S61Z23C<\/li>\n<li>Kirjastaja: S\u00f5ltumatult avaldatud<\/li>\n<li>Avaldamise kuup\u00e4ev: 13. jaanuar 2022<\/li>\n<li>Keel: portugali<\/li>\n<li>Lehek\u00fclgede arv: 284 lk<\/li>\n<li>ISBN-13:979-8401405098<\/li>\n<li>Toote kaal: 494g<\/li>\n<li>M\u00f5\u00f5dud: 15,24 x 1,63 x 22,86 cm<\/li>\n<li>Enimm\u00fc\u00fcdud edetabel: nr 123 teadus- ja haridusvaldkonnas nr 301 professionaalses ja tehnilises arengus<\/li>\n<li>301 Professionaalne ja tehniline areng<\/li>\n<li>Klientide \u00fclevaated: 4,3 4,3 t\u00e4rni 5-st (20)<\/li>\n<\/ul><\/div>","protected":false},"excerpt":{"rendered":"<p>E-kaubanduse Universum on kirjutatud neile, kes on huvitatud e-kaubandusest v\u00f5i kes juba tegutsevad digitaalsete kanalitega ja soovivad teada uusi tehnikaid ja kontseptsioone.See raamat peaks edastama teadmisi viisil, mis toimib juhendina, et pakkuda makrovaadet k\u00f5igest, mis h\u00f5lmab e-kaubandust. H\u00e4vitavad \u00e4rimudelite ja -toimingutega seotud teemad, turunduspunktid, teenindus ja logistika ning ka tehnoloogia, s\u00fcsteemide ja integratsioonidega seotud teemad, teabe juurdep\u00e4\u00e4setavus ja turvalisus. Kogenumatele lugejatele v\u00f5ib see raamat toimida konsultatsioonikanalina, kus iga peat\u00fckk saab k\u00e4sitleda konkreetseid ja selle toimimisega seotud k\u00fcsimusi Lugejatele, kes alustavad teekonda selles maailmas, saavad positiivselt \u00e4ra kasutada E-kaubandust, sest universumi algus, saab kasutada professionaalset kasvu selles peat\u00fckis, nii palju muud.<\/p>","protected":false},"featured_media":93228,"comment_status":"open","ping_status":"closed","template":"","meta":[],"product_cat":[1653,1730,1595],"product_tag":[],"class_list":{"0":"post-93228","1":"product","2":"type-product","3":"status-publish","4":"has-post-thumbnail","6":"product_brand-por-fellipe-guimares-autor","7":"product_cat-educacao-referencia-e-didaticos","8":"product_cat-escolas-e-ensino","9":"product_cat-livros","11":"first","12":"instock","13":"shipping-taxable","14":"purchasable","15":"product-type-simple"},"aioseo_notices":[],"_links":{"self":[{"href":"https:\/\/www.ecommerceupdate.com.br\/et\/wp-json\/wp\/v2\/product\/93228","targetHints":{"allow":["GET"]}}],"collection":[{"href":"https:\/\/www.ecommerceupdate.com.br\/et\/wp-json\/wp\/v2\/product"}],"about":[{"href":"https:\/\/www.ecommerceupdate.com.br\/et\/wp-json\/wp\/v2\/types\/product"}],"replies":[{"embeddable":true,"href":"https:\/\/www.ecommerceupdate.com.br\/et\/wp-json\/wp\/v2\/comments?post=93228"}],"wp:featuredmedia":[{"embeddable":true,"href":"https:\/\/www.ecommerceupdate.com.br\/et\/wp-json\/wp\/v2\/product\/93228"}],"wp:attachment":[{"href":"https:\/\/www.ecommerceupdate.com.br\/et\/wp-json\/wp\/v2\/media?parent=93228"}],"wp:term":[{"taxonomy":"product_cat","embeddable":true,"href":"https:\/\/www.ecommerceupdate.com.br\/et\/wp-json\/wp\/v2\/product_cat?post=93228"},{"taxonomy":"product_tag","embeddable":true,"href":"https:\/\/www.ecommerceupdate.com.br\/et\/wp-json\/wp\/v2\/product_tag?post=93228"}],"curies":[{"name":"wp","href":"https:\/\/api.w.org\/{rel}","templated":true}]}}