{"id":93554,"date":"2026-03-04T20:17:15","date_gmt":"2026-03-04T23:17:15","guid":{"rendered":"https:\/\/www.ecommerceupdate.com.br\/produto\/universo-do-e-commerce\/"},"modified":"2026-03-13T15:35:11","modified_gmt":"2026-03-13T18:35:11","slug":"universo-do-e-commerce","status":"publish","type":"product","link":"https:\/\/www.ecommerceupdate.com.br\/et\/produto\/universo-do-e-commerce\/","title":{"rendered":"E-kaubanduse universum"},"content":{"rendered":"<div class=\"woocommerce-product-details\">\n<h3>Toote \u00fcksikasjad<\/h3>\n<ul>\n<li>ASIN: B09QC5C789<\/li>\n<li>Juurdep\u00e4\u00e4setavus: Lisateave<\/li>\n<li>Avaldamise kuup\u00e4ev: 11. jaanuar 2022<\/li>\n<li>V\u00e4ljaanne: 1a<\/li>\n<li>Keel: portugali<\/li>\n<li>Faili suurus: 1,9 MB<\/li>\n<li>Ekraanilugeja: \u00fchilduv<\/li>\n<li>Fondi konfiguratsioon: lubatud<\/li>\n<li>S\u00f5navara n\u00e4pun\u00e4ited: pole lubatud<\/li>\n<li>Lehek\u00fclgede arv: 205 lehek\u00fclge<\/li>\n<li>Lehek\u00fclje \u00fcmberp\u00f6\u00f6ramine: lubatud<\/li>\n<li>Lugemise vanus: 16 18 aastat<\/li>\n<li>Enimm\u00fc\u00fcdud edetabel: nr 152 211 Kindle Store'is (Tutvuge Kindle Store'i kategoorias 100 parimaga) nr 138 teadus- ja haridustegevuses nr 340 professionaalses ja tehnilises professionaalses arengus nr 3494 hariduses (Kindle Store)<\/li>\n<li>138 Teadus- ja haridusvaldkonnas<\/li>\n<li>340 Professionaalne ja tehniline areng<\/li>\n<li>3494 hariduses (Kindle Store)<\/li>\n<li>Klientide \u00fclevaated: 4,3 4,3 t\u00e4rni 5-st (20)<\/li>\n<\/ul><\/div>","protected":false},"excerpt":{"rendered":"<p>E-kaubanduse Universum on kirjutatud neile, kes on huvitatud e-kaubandusest v\u00f5i kes juba tegutsevad digitaalsete kanalitega ja soovivad teada uusi tehnikaid ja kontseptsioone.See raamat peaks edastama teadmisi viisil, mis toimib juhendina, et pakkuda makrovaadet k\u00f5igest, mis h\u00f5lmab e-kaubandust. H\u00e4vitavad \u00e4rimudelite ja -toimingutega seotud teemad, turunduspunktid, teenindus ja logistika ning ka tehnoloogia, s\u00fcsteemide ja integratsioonidega seotud teemad, teabe juurdep\u00e4\u00e4setavus ja turvalisus. Kogenumatele lugejatele v\u00f5ib see raamat toimida konsultatsioonikanalina, kus iga peat\u00fckk saab k\u00e4sitleda konkreetseid ja selle toimimisega seotud k\u00fcsimusi Lugejatele, kes alustavad teekonda selles maailmas, saavad positiivselt \u00e4ra kasutada E-kaubandust, sest universumi algus, saab kasutada professionaalset kasvu selles peat\u00fckis, nii palju muud.<\/p>","protected":false},"featured_media":93554,"comment_status":"open","ping_status":"closed","template":"","meta":[],"product_cat":[1653,1730,1595],"product_tag":[],"class_list":{"0":"post-93554","1":"product","2":"type-product","3":"status-publish","4":"has-post-thumbnail","6":"product_brand-por-fellipe-guimares-autor-formato-ebook-kindle","7":"product_cat-educacao-referencia-e-didaticos","8":"product_cat-escolas-e-ensino","9":"product_cat-livros","11":"first","12":"instock","13":"shipping-taxable","14":"purchasable","15":"product-type-simple"},"aioseo_notices":[],"_links":{"self":[{"href":"https:\/\/www.ecommerceupdate.com.br\/et\/wp-json\/wp\/v2\/product\/93554","targetHints":{"allow":["GET"]}}],"collection":[{"href":"https:\/\/www.ecommerceupdate.com.br\/et\/wp-json\/wp\/v2\/product"}],"about":[{"href":"https:\/\/www.ecommerceupdate.com.br\/et\/wp-json\/wp\/v2\/types\/product"}],"replies":[{"embeddable":true,"href":"https:\/\/www.ecommerceupdate.com.br\/et\/wp-json\/wp\/v2\/comments?post=93554"}],"wp:featuredmedia":[{"embeddable":true,"href":"https:\/\/www.ecommerceupdate.com.br\/et\/wp-json\/wp\/v2\/product\/93554"}],"wp:attachment":[{"href":"https:\/\/www.ecommerceupdate.com.br\/et\/wp-json\/wp\/v2\/media?parent=93554"}],"wp:term":[{"taxonomy":"product_cat","embeddable":true,"href":"https:\/\/www.ecommerceupdate.com.br\/et\/wp-json\/wp\/v2\/product_cat?post=93554"},{"taxonomy":"product_tag","embeddable":true,"href":"https:\/\/www.ecommerceupdate.com.br\/et\/wp-json\/wp\/v2\/product_tag?post=93554"}],"curies":[{"name":"wp","href":"https:\/\/api.w.org\/{rel}","templated":true}]}}