{"id":93565,"date":"2026-03-04T20:20:07","date_gmt":"2026-03-04T23:20:07","guid":{"rendered":"https:\/\/www.ecommerceupdate.com.br\/produto\/supevisao-de-e-commerce-desafios-e-solucoes-na-logistica-moderna\/"},"modified":"2026-03-13T15:36:54","modified_gmt":"2026-03-13T18:36:54","slug":"supevisao-de-e-commerce-desafios-e-solucoes-na-logistica-moderna","status":"publish","type":"product","link":"https:\/\/www.ecommerceupdate.com.br\/et\/produto\/supevisao-de-e-commerce-desafios-e-solucoes-na-logistica-moderna\/","title":{"rendered":"E-kaubanduse t\u00f5kestamine: v\u00e4ljakutsed ja lahendused kaasaegses logistikas"},"content":{"rendered":"<div class=\"woocommerce-product-details\">\n<h3>Toote \u00fcksikasjad<\/h3>\n<ul>\n<li>ASIN: B0CVMRG5DM<\/li>\n<li>Juurdep\u00e4\u00e4setavus: Lisateave<\/li>\n<li>Avaldamise kuup\u00e4ev: 13. veebruar 2024<\/li>\n<li>V\u00e4ljaanne: 1a<\/li>\n<li>Keel: portugali<\/li>\n<li>Faili suurus: 4,8 MB<\/li>\n<li>Ekraanilugeja: \u00fchilduv<\/li>\n<li>Fondi konfiguratsioon: lubatud<\/li>\n<li>S\u00f5navara n\u00e4pun\u00e4ited: pole lubatud<\/li>\n<li>Lehek\u00fclgede arv: 54 lehek\u00fclge<\/li>\n<li>Lehek\u00fclje \u00fcmberp\u00f6\u00f6ramine: lubatud<\/li>\n<li>Enimm\u00fc\u00fcjate edetabel: nr 320 668 Kindle Store'is (Tutvuge Kindle Store'i kategoorias 100 parimaga) nr 478 kontorioskustes nr 1005 motivatsioonis nr 2711 juhtimisjuhtimises<\/li>\n<li>478 Kontorioskused<\/li>\n<li>1005 Motivatsioonis<\/li>\n<li>2711 Juhtimisjuhtimises<\/li>\n<li>Klientide \u00fclevaated: 3,9 3,9 t\u00e4rni 5-st (2)<\/li>\n<\/ul><\/div>","protected":false},"excerpt":{"rendered":"<p>\u201cSirvige e-kaubanduse logistika keerukust \u2018E-kaubanduse j\u00e4relevalve: v\u00e4ljakutsed ja lahendused kaasaegses logistikas\u2019.\u0251W \u00dcksk\u00f5ik, kas olete e-kaubanduse juhendaja, logistikajuht v\u00f5i keegi, kes on sukeldunud veebikaubanduse d\u00fcnaamilisse universumisse, on see raamat teie oluline juhend kaasaegse logistika v\u00e4ljakutsetega toimetulemiseks. Uurige praktilisi strateegiaid, inspireerivaid juhtumiuuringuid ja uuenduslikke lahendusi oma logistikatoimingute optimeerimiseks alates varude haldamisest kuni l\u00f5pliku kohaletoimetamiseni. Peamised esilet\u00f5stmised:<span class=\"a-text-bold\">Logistiliste v\u00e4ljakutsete dem\u00fcstifitseerimine:<\/span><span> Avastage logistika n\u00fcansid e-kaubanduses ja kuidas \u00fcletada \u00fchiseid takistusi.<\/span>Logistika v\u00e4ljakutsete dem\u00fcstifitseerimine: avastage e-kaubanduse logistika n\u00fcansid ja kuidas \u00fcletada \u00fchiseid takistusi.<span class=\"a-text-bold\">Kohanevad strateegiad v\u00e4ikestele ja suurtele ettev\u00f5tetele:<\/span><span> Leidke skaleeritavad l\u00e4henemisviisid erinevate ettev\u00f5tmiste spetsiifiliste vajaduste rahuldamiseks.<\/span>Kohanevad strateegiad v\u00e4ikestele ja suurtele ettev\u00f5tetele: leidke skaleeritavad l\u00e4henemisviisid erinevate ettev\u00f5tmiste spetsiifiliste vajaduste rahuldamiseks.<span class=\"a-text-bold\">T\u00f5hus juhtimine digitaalajastul:<\/span><span> Arendada olulisi oskusi logistikameeskondade juhtimiseks digitaalses ja konkurentsikeskkonnas.<\/span>T\u00f5hus juhtimine digitaalajastul: arendage olulisi oskusi logistikameeskondade juhtimiseks digitaalses ja konkurentsikeskkonnas.<span class=\"a-text-bold\">M\u00f5jukad juhtumiuuringud:<\/span><span> Uurige edukaid \u00e4rikogemusi, \u00f5ppige nende strateegiatest ja rakendage v\u00e4\u00e4rtuslikke teadmisi oma teekonnal.<\/span>M\u00f5jukad juhtumiuuringud: uurige edukaid \u00e4rikogemusi, \u00f5ppige nende strateegiatest ja rakendage v\u00e4\u00e4rtuslikke teadmisi oma teekonna kohta. See raamat pakub sukeldumist e-kaubanduse logistikasse, pakkudes praktilisi t\u00f6\u00f6riistu t\u00f5husate toimingute j\u00e4lgimiseks, enesekindlalt v\u00e4ljakutsetega toimetulemiseks ja veebikaubanduse turbulentsetes vetes edukaks navigeerimiseks. Olge valmis optimeerima oma e-kaubanduse j\u00e4relevalvet ja saavutama logistika tipptaseme uusi k\u00f5rgusi. Hankige oma koopia kohe ja lihvige oma oskusi kaasaegses logistikajuhtimises.<\/p>","protected":false},"featured_media":93565,"comment_status":"open","ping_status":"closed","template":"","meta":[],"product_cat":[1611,1621,1595],"product_tag":[],"class_list":{"0":"post-93565","1":"product","2":"type-product","3":"status-publish","4":"has-post-thumbnail","6":"product_brand-por-edevaldo-silva-autor-edevaldo-silva-autor-formato-ebook-kindle","7":"product_cat-administracao-negocios-e-economia","8":"product_cat-gestao-e-lideranca","9":"product_cat-livros","11":"first","12":"instock","13":"shipping-taxable","14":"purchasable","15":"product-type-simple"},"aioseo_notices":[],"_links":{"self":[{"href":"https:\/\/www.ecommerceupdate.com.br\/et\/wp-json\/wp\/v2\/product\/93565","targetHints":{"allow":["GET"]}}],"collection":[{"href":"https:\/\/www.ecommerceupdate.com.br\/et\/wp-json\/wp\/v2\/product"}],"about":[{"href":"https:\/\/www.ecommerceupdate.com.br\/et\/wp-json\/wp\/v2\/types\/product"}],"replies":[{"embeddable":true,"href":"https:\/\/www.ecommerceupdate.com.br\/et\/wp-json\/wp\/v2\/comments?post=93565"}],"wp:featuredmedia":[{"embeddable":true,"href":"https:\/\/www.ecommerceupdate.com.br\/et\/wp-json\/wp\/v2\/product\/93565"}],"wp:attachment":[{"href":"https:\/\/www.ecommerceupdate.com.br\/et\/wp-json\/wp\/v2\/media?parent=93565"}],"wp:term":[{"taxonomy":"product_cat","embeddable":true,"href":"https:\/\/www.ecommerceupdate.com.br\/et\/wp-json\/wp\/v2\/product_cat?post=93565"},{"taxonomy":"product_tag","embeddable":true,"href":"https:\/\/www.ecommerceupdate.com.br\/et\/wp-json\/wp\/v2\/product_tag?post=93565"}],"curies":[{"name":"wp","href":"https:\/\/api.w.org\/{rel}","templated":true}]}}