{"id":93567,"date":"2026-03-04T20:20:46","date_gmt":"2026-03-04T23:20:46","guid":{"rendered":"https:\/\/www.ecommerceupdate.com.br\/produto\/transformando-palavras-em-dinheiro\/"},"modified":"2026-03-06T05:53:27","modified_gmt":"2026-03-06T08:53:27","slug":"transformando-palavras-em-dinheiro","status":"publish","type":"product","link":"https:\/\/www.ecommerceupdate.com.br\/et\/produto\/transformando-palavras-em-dinheiro\/","title":{"rendered":"S\u00f5nade muutmine rahaks"},"content":{"rendered":"<div class=\"woocommerce-product-details\">\n<div id=\"aplus_feature_div\" class=\"celwidget\" data-feature-name=\"aplus\" data-csa-c-type=\"widget\" data-csa-c-content-id=\"aplus\" data-csa-c-slot-id=\"aplus_feature_div\" data-csa-c-asin=\"\" data-csa-c-is-in-initial-active-row=\"false\">\n<div id=\"aplus\" class=\"a-section a-spacing-large bucket\">\n<h3 class=\"\">Kirjastajalt<\/h3>\n<div lang=\"pt_BR\">\n<div class=\"aplus-v2 desktop celwidget\">\n<div class=\"celwidget aplus-module module-12 aplus-standard\">\n<div class=\"aplus-module-wrapper apm-spacing apm-floatnone apm-fixed-width\">\n<div class=\"apm-sidemodule aplus-module-content\">\n<div class=\"apm-hero-image\"> <img decoding=\"async\" alt=\"img 2\" src=\"https:\/\/m.media-amazon.com\/images\/S\/aplus-media-library-service-media\/4658e758-7cbe-4637-a1ff-34cc95cb8892.__CR0,0,970,300_PT0_SX970_V1___.jpg\" \/> <\/div>\n<\/p>\n<\/div>\n<\/div>\n<\/div>\n<div class=\"celwidget aplus-module module-3 aplus-standard\">\n<div class=\"aplus-module-wrapper apm-floatnone apm-fixed-width\">\n<div class=\"apm-sidemodule apm-spacing\">\n<div class=\"apm-sidemodule-imageright\"> <img decoding=\"async\" alt=\"autor\" src=\"https:\/\/m.media-amazon.com\/images\/S\/aplus-media-library-service-media\/99c0523a-cf47-4673-8543-2136262da1ca.__CR0,0,300,300_PT0_SX300_V1___.jpg\" \/> <\/div>\n<div class=\"apm-sidemodule-textleft\">\n<h3 class=\"a-spacing-mini\"> Autor <\/h3>\n<p> <span class=\"a-text-bold\">Icarus de Carvalho<\/span> ta on ettev\u00f5tja, suhtleja ja digistrateeg. Ta vastutas selliste projektide digitaalse turunduse eest nagu Brazil Parallel, The Code of Wealth ja Avenue Securities. Ta on riigi k\u00f5ige kiiremini kasvava digitaalse turunduse, m\u00fc\u00fcgi ja sotsiaalv\u00f5rgustike kooli O Novo Mercado asutaja. Ta oli m\u00f5iste \u201cstage enterprise\u00f5lda\u201d looja ning on kriitiline lihtsate ja kiirete lahenduste suhtes, mida internetis n\u00e4hakse. Ta on abielus Annaga ja kolme lapse isa. <\/p>\n<\/p>\n<\/div>\n<\/div>\n<\/div>\n<\/div>\n<div class=\"celwidget aplus-module module-12 aplus-standard\">\n<div class=\"aplus-module-wrapper apm-spacing apm-floatnone apm-fixed-width\">\n<div class=\"apm-sidemodule aplus-module-content\">\n<div class=\"apm-hero-image\"> <img decoding=\"async\" alt=\"img 1\" src=\"https:\/\/m.media-amazon.com\/images\/S\/aplus-media-library-service-media\/669fd07b-f2d2-4441-80bf-26e6b3de4a27.__CR0,0,970,300_PT0_SX970_V1___.jpg\" \/> <\/div>\n<\/p>\n<\/div>\n<\/div>\n<\/div>\n<\/div>\n<\/div>\n<\/div>\n<\/div>\n<h3>Toote \u00fcksikasjad<\/h3>\n<ul>\n<li>Kirjastaja: Buzz Publisher<\/li>\n<li>Avaldamise kuup\u00e4ev: 3. veebruar 2020<\/li>\n<li>V\u00e4ljaanne: 1a<\/li>\n<li>Keel: portugali<\/li>\n<li>Lehek\u00fclgede arv: 176 lk<\/li>\n<li>ISBN-10:6580435445<\/li>\n<li>ISBN-13:978-6580435449<\/li>\n<li>Toote kaal: 800g<\/li>\n<li>Lugemise vanus: 14 aastat ja vanemad<\/li>\n<li>M\u00f5\u00f5dud: 22,8 x 15,6 x 1,2 cm<\/li>\n<li>Enimm\u00fc\u00fcdud edetabel: nr 36 808 raamatutes (Tutvuge raamatute kategoorias 100 parimaga) nr 44 veebiturunduses nr 154 turunduses nr 402 \u00e4rijuhtimisteaduses<\/li>\n<li>44 Veebiturunduses<\/li>\n<li>154 Turunduses<\/li>\n<li>402 \u00c4rijuhtimise teaduses<\/li>\n<li>Klientide hinnangud: 4,6 4,6 t\u00e4rni 5-st (3579)<\/li>\n<\/ul><\/div>","protected":false},"excerpt":{"rendered":"<p>Copywriting v\u00f5ib kirjeldada kui v\u00f5imet muuta s\u00f5nad rahaks. Reklaami asemel toota huvi. Iga p\u00e4ev m\u00f5jutavad meid tuhanded reklaamid. Kui olete t\u00e4na sotsiaalv\u00f5rgustikele juurde p\u00e4\u00e4senud, on \u00fcsna t\u00f5en\u00e4oline, et olete neid n\u00e4inud k\u00fcmneid. Kas m\u00e4letate viimast? Peaaegu keegi ei saa. Sisu on ainus reklaamiliik, mida kogu aeg toodate ja klient k\u00fcsib ikka veel rohkem. See raamat koondab 42 parimat veenmistehnikat, turundust ja m\u00fc\u00fcki, mida Icaro de Carvalho on testinud. T\u00f5eline kingitus. See on k\u00e4siraamat, mille leiate oma k\u00f5ige liberaalsemast suhtlusest, intelligentsest ja t\u00f5husast.<\/p>","protected":false},"featured_media":93567,"comment_status":"open","ping_status":"closed","template":"","meta":[],"product_cat":[1611,1621,1595],"product_tag":[],"class_list":{"0":"post-93567","1":"product","2":"type-product","3":"status-publish","4":"has-post-thumbnail","6":"product_brand-edicao-portugus-por-caro-carvalho-autor","7":"product_cat-administracao-negocios-e-economia","8":"product_cat-gestao-e-lideranca","9":"product_cat-livros","11":"first","12":"instock","13":"sale","14":"shipping-taxable","15":"purchasable","16":"product-type-simple"},"aioseo_notices":[],"_links":{"self":[{"href":"https:\/\/www.ecommerceupdate.com.br\/et\/wp-json\/wp\/v2\/product\/93567","targetHints":{"allow":["GET"]}}],"collection":[{"href":"https:\/\/www.ecommerceupdate.com.br\/et\/wp-json\/wp\/v2\/product"}],"about":[{"href":"https:\/\/www.ecommerceupdate.com.br\/et\/wp-json\/wp\/v2\/types\/product"}],"replies":[{"embeddable":true,"href":"https:\/\/www.ecommerceupdate.com.br\/et\/wp-json\/wp\/v2\/comments?post=93567"}],"wp:featuredmedia":[{"embeddable":true,"href":"https:\/\/www.ecommerceupdate.com.br\/et\/wp-json\/wp\/v2\/product\/93567"}],"wp:attachment":[{"href":"https:\/\/www.ecommerceupdate.com.br\/et\/wp-json\/wp\/v2\/media?parent=93567"}],"wp:term":[{"taxonomy":"product_cat","embeddable":true,"href":"https:\/\/www.ecommerceupdate.com.br\/et\/wp-json\/wp\/v2\/product_cat?post=93567"},{"taxonomy":"product_tag","embeddable":true,"href":"https:\/\/www.ecommerceupdate.com.br\/et\/wp-json\/wp\/v2\/product_tag?post=93567"}],"curies":[{"name":"wp","href":"https:\/\/api.w.org\/{rel}","templated":true}]}}