{"id":93626,"date":"2026-03-05T10:47:42","date_gmt":"2026-03-05T13:47:42","guid":{"rendered":"https:\/\/www.ecommerceupdate.com.br\/produto\/chat-commerce-escale-seus-resultados-transformando-conversas-em-vendas-2\/"},"modified":"2026-03-13T15:40:31","modified_gmt":"2026-03-13T18:40:31","slug":"chat-commerce-escale-seus-resultados-transformando-conversas-em-vendas-2","status":"publish","type":"product","link":"https:\/\/www.ecommerceupdate.com.br\/et\/produto\/chat-commerce-escale-seus-resultados-transformando-conversas-em-vendas-2\/","title":{"rendered":"Vestluskaubandus: skaleerige oma tulemusi, muutes vestlused m\u00fc\u00fcgiks"},"content":{"rendered":"<div class=\"woocommerce-product-details\">\n<div id=\"aplus_feature_div\" class=\"celwidget\" data-feature-name=\"aplus\" data-csa-c-type=\"widget\" data-csa-c-content-id=\"aplus\" data-csa-c-slot-id=\"aplus_feature_div\" data-csa-c-asin=\"\" data-csa-c-is-in-initial-active-row=\"false\">\n<div id=\"aplus\" class=\"a-section a-spacing-large bucket\">\n<h3 class=\"\">Kirjastajalt<\/h3>\n<div lang=\"pt_BR\">\n<div class=\"aplus-v2 desktop celwidget\">\n<div class=\"celwidget aplus-module 3p-module-b aplus-standard\">\n<div class=\"aplus-module-wrapper aplus-3p-fixed-width\"> <img decoding=\"async\" alt=\"Vestluskaubandus\" src=\"https:\/\/m.media-amazon.com\/images\/S\/aplus-media-library-service-media\/d3d278d5-8445-4a61-ac56-2b25195491b3.__CR0,0,970,600_PT0_SX970_V1___.jpg\" \/> <\/div>\n<\/p>\n<\/div>\n<div class=\"celwidget aplus-module module-12 aplus-standard\">\n<div class=\"aplus-module-wrapper apm-spacing apm-floatnone apm-fixed-width\">\n<div class=\"apm-sidemodule aplus-module-content\">\n<div class=\"apm-hero-image\"> <img decoding=\"async\" alt=\"Vestluskaubandus\" src=\"https:\/\/m.media-amazon.com\/images\/S\/aplus-media-library-service-media\/3855f953-7d5d-4dcf-83ca-9d0648be4209.__CR0,0,970,300_PT0_SX970_V1___.jpg\" \/> <\/div>\n<\/p>\n<\/div>\n<\/div>\n<\/div>\n<div class=\"celwidget aplus-module module-12 aplus-standard\">\n<div class=\"aplus-module-wrapper apm-spacing apm-floatnone apm-fixed-width\">\n<div class=\"apm-sidemodule aplus-module-content\">\n<div class=\"apm-hero-image\"> <img decoding=\"async\" alt=\"Vestluskaubandus\" src=\"https:\/\/m.media-amazon.com\/images\/S\/aplus-media-library-service-media\/96e162c3-c073-4e76-ab93-2411af3999ea.__CR0,0,970,300_PT0_SX970_V1___.jpg\" \/> <\/div>\n<\/p>\n<\/div>\n<\/div>\n<\/div>\n<div class=\"celwidget aplus-module module-12 aplus-standard\">\n<div class=\"aplus-module-wrapper apm-spacing apm-floatnone apm-fixed-width\">\n<div class=\"apm-sidemodule aplus-module-content\">\n<div class=\"apm-hero-image\"> <img decoding=\"async\" alt=\"Vestluskaubandus\" src=\"https:\/\/m.media-amazon.com\/images\/S\/aplus-media-library-service-media\/b99f3a1e-92a8-4d02-ab81-406f7ecd06d0.__CR0,0,970,300_PT0_SX970_V1___.jpg\" \/> <\/div>\n<\/p>\n<\/div>\n<\/div>\n<\/div>\n<\/div>\n<\/div>\n<\/div>\n<\/div>\n<h3>Toote \u00fcksikasjad<\/h3>\n<ul>\n<li>ASIN: B0FZDDLBKG<\/li>\n<li>Kirjastaja: Alta Books<\/li>\n<li>Juurdep\u00e4\u00e4setavus: Lisateave<\/li>\n<li>Avaldamise kuup\u00e4ev: 15. detsember 2025<\/li>\n<li>V\u00e4ljaanne: 1a<\/li>\n<li>Keel: portugali<\/li>\n<li>Faili suurus: 3,5 MB<\/li>\n<li>Ekraanilugeja: \u00fchilduv<\/li>\n<li>Fondi konfiguratsioon: lubatud<\/li>\n<li>S\u00f5navara n\u00e4pun\u00e4ited: pole lubatud<\/li>\n<li>Lehek\u00fclgede arv: 232 lehek\u00fclge<\/li>\n<li>ISBN-13:978-8550828862<\/li>\n<li>Lehek\u00fclje \u00fcmberp\u00f6\u00f6ramine: lubatud<\/li>\n<li>Enimm\u00fc\u00fcjate edetabel: nr 376 912 Kindle Store'is (Tutvuge Kindle Store'i kategoorias 100 parimaga) nr 38 Microsoftis nr 221 t\u00f6\u00f6keskuse kultuuris nr 228 arvutitarkvara ja -tehnoloogia alal<\/li>\n<li>38 Microsoftis<\/li>\n<li>221 T\u00f6\u00f6keskuse kultuuris<\/li>\n<li>228 Informaatika ja tehnoloogia tarkvaras<\/li>\n<\/ul><\/div>","protected":false},"excerpt":{"rendered":"<p>Online m\u00fc\u00fck siseneb uude ajastusse, mis s\u00fcnnib vestluses. <\/p>\n<p>Kas m\u00e4letad s\u00e4ra hea m\u00fc\u00fcgimehe silmis? Seda, kes midagi peale ei suru, aga kes teab, et m\u00fc\u00fcmine, sisimas, on usaldusakt. <br \/>See hing ei surnud kunagi, see lihtsalt muutis aja jooksul kuju. <br \/>Erinevus seisneb selles, et n\u00fc\u00fcd on tehnoloogia andnud kaubam\u00e4rkidele tagasi v\u00f5imaluse kuulata ja reageerida mastaapselt, l\u00e4heduse, intelligentsusega ja eelk\u00f5ige tarbijate soovitud kiirusega. <br \/>Eelk\u00f5ige digitaalvaldkonnas on see muutus olnud \u00fcha kiirem. <br \/>Esimeses Brasiilia selleteemalises raamatus Chat Commerce paljastab Tiago Vailati, ettev\u00f5tja, kes on aastaid jaem\u00fc\u00fcki hinganud poe p\u00f5randast k\u00f5rgtehnoloogiani, selle uue reaalsuse valdamise saladuse. <br \/>See raamat s\u00fcndis teejuhiks neile, kes p\u00fc\u00fcavad m\u00f5ista Chati loogikat <br \/>Kaubandus ja rakendage seda oma ettev\u00f5ttes praktikas. Uuri siit: <\/p>\n<p>Miks uued p\u00f5lvkonnad, kes on juba praegu valdav osa tarbijatest, eelistavad ostmisel dialoogi. <br \/>Kuidas CHAT-meetod v\u00f5ib muuta teie teenuse tulumootoriks, \u00fchendades konteksti, humaniseerimise, aktiveerimise ja tehnoloogia. <br \/>Mida edukad kaubam\u00e4rgid teevad, et \u00fchendada ja m\u00fc\u00fca rohkem, j\u00e4ttes konkurentsi selja taha. <br \/>Valmistuge muutma iga vestluse t\u00f5eliseks m\u00fc\u00fcgiv\u00f5imaluseks ja iga suhtlus uueks viisiks oma kliendiga \u00fchenduse loomiseks, sest p\u00e4eva l\u00f5puks ei m\u00fc\u00fc kaubam\u00e4rgid, kes seda esimesena m\u00f5istavad, mitte ainult rohkem, vaid muudavad m\u00e4ngu.<\/p>","protected":false},"featured_media":93626,"comment_status":"open","ping_status":"closed","template":"","meta":[],"product_cat":[1611,1621,1595],"product_tag":[],"class_list":{"0":"post-93626","1":"product","2":"type-product","3":"status-publish","4":"has-post-thumbnail","6":"product_brand-por-tiago-vailati-autor-formato-ebook-kindle","7":"product_cat-administracao-negocios-e-economia","8":"product_cat-gestao-e-lideranca","9":"product_cat-livros","11":"first","12":"instock","13":"sale","14":"shipping-taxable","15":"purchasable","16":"product-type-simple"},"aioseo_notices":[],"_links":{"self":[{"href":"https:\/\/www.ecommerceupdate.com.br\/et\/wp-json\/wp\/v2\/product\/93626","targetHints":{"allow":["GET"]}}],"collection":[{"href":"https:\/\/www.ecommerceupdate.com.br\/et\/wp-json\/wp\/v2\/product"}],"about":[{"href":"https:\/\/www.ecommerceupdate.com.br\/et\/wp-json\/wp\/v2\/types\/product"}],"replies":[{"embeddable":true,"href":"https:\/\/www.ecommerceupdate.com.br\/et\/wp-json\/wp\/v2\/comments?post=93626"}],"wp:featuredmedia":[{"embeddable":true,"href":"https:\/\/www.ecommerceupdate.com.br\/et\/wp-json\/wp\/v2\/product\/93626"}],"wp:attachment":[{"href":"https:\/\/www.ecommerceupdate.com.br\/et\/wp-json\/wp\/v2\/media?parent=93626"}],"wp:term":[{"taxonomy":"product_cat","embeddable":true,"href":"https:\/\/www.ecommerceupdate.com.br\/et\/wp-json\/wp\/v2\/product_cat?post=93626"},{"taxonomy":"product_tag","embeddable":true,"href":"https:\/\/www.ecommerceupdate.com.br\/et\/wp-json\/wp\/v2\/product_tag?post=93626"}],"curies":[{"name":"wp","href":"https:\/\/api.w.org\/{rel}","templated":true}]}}