{"id":93857,"date":"2026-03-05T21:55:38","date_gmt":"2026-03-06T00:55:38","guid":{"rendered":"https:\/\/www.ecommerceupdate.com.br\/produto\/marketing-de-varejo\/"},"modified":"2026-03-13T15:46:41","modified_gmt":"2026-03-13T18:46:41","slug":"marketing-de-varejo","status":"publish","type":"product","link":"https:\/\/www.ecommerceupdate.com.br\/et\/produto\/marketing-de-varejo\/","title":{"rendered":"Jaem\u00fc\u00fcgi turundus"},"content":{"rendered":"<div class=\"woocommerce-product-details\">\n<h3>Toote \u00fcksikasjad<\/h3>\n<ul>\n<li>Kirjastaja: Atlas<\/li>\n<li>Avaldamise kuup\u00e4ev: 17. november 2006<\/li>\n<li>V\u00e4ljaanne: 4a<\/li>\n<li>Keel: portugali<\/li>\n<li>Lehek\u00fclgede arv: 376 lk<\/li>\n<li>ISBN-10:8522445524<\/li>\n<li>ISBN-13:978-8522445523<\/li>\n<li>Toote kaal: 640g<\/li>\n<li>M\u00f5\u00f5dud: 23,8 x 17 x 2 cm<\/li>\n<li>Enimm\u00fc\u00fcjate edetabel: nr 555 767 raamatutes (Tutvuge raamatute kategoorias 100 parimaga) nr 1953 turunduses nr 9889 juhtimises ja juhtimises nr 34 992 p\u00fchade ja festivalide laste ja laste osas<\/li>\n<li>1953 turunduses<\/li>\n<li>9889 juhtimises ja juhtimises<\/li>\n<li>34 992 p\u00fchadel ja festivalidel Lapsed ja lapsed ja noored<\/li>\n<li>Klientide \u00fclevaated: 5,0 5,0 t\u00e4rni 5-st (1)<\/li>\n<\/ul><\/div>","protected":false},"excerpt":{"rendered":"<p>Teenuste valikus on jaem\u00fc\u00fcgitegevus, mis loob t\u00f6\u00f6kohti suurele osale Brasiilia elanikkonnast. Vaatamata selle t\u00e4htsusele majandusele ja \u00fchiskonnale on v\u00e4he sellele teemale spetsialiseerunud raamatuid. Selle l\u00fcnga t\u00e4itmiseks Brasiilia turukirjanduses uuris autor v\u00e4lis- ja rahvuslikke teoseid, mis lisasid tema kogemust jaeturunduse \u00f5petajana, pakkusid praktilise ja praeguse raamatu koostamist, mis on kohandatud Brasiilia vajadustele. Objektiivses ja lihtsas keeles kirjutatud teos v\u00f5imaldab lugejal rakendada oma jaem\u00fc\u00fcgiettev\u00f5ttes turundusv\u00f5tteid, olgu need siis suured, keskmised, v\u00e4ikesed v\u00f5i mikroettev\u00f5tted, ning kohtuda oma aruteluga pidevate k\u00fcsimuste ja k\u00fcsimuse majandusliku l\u00e4bitungimise \u00fcle.<\/p>","protected":false},"featured_media":93857,"comment_status":"open","ping_status":"closed","template":"","meta":[],"product_cat":[1611,1595,1618],"product_tag":[],"class_list":{"0":"post-93857","1":"product","2":"type-product","3":"status-publish","4":"has-post-thumbnail","6":"product_brand-edicao-portugus-por-alexandre-l-las-casas-autor","7":"product_cat-administracao-negocios-e-economia","8":"product_cat-livros","9":"product_cat-marketing-e-vendas","11":"first","12":"instock","13":"shipping-taxable","14":"purchasable","15":"product-type-simple"},"aioseo_notices":[],"_links":{"self":[{"href":"https:\/\/www.ecommerceupdate.com.br\/et\/wp-json\/wp\/v2\/product\/93857","targetHints":{"allow":["GET"]}}],"collection":[{"href":"https:\/\/www.ecommerceupdate.com.br\/et\/wp-json\/wp\/v2\/product"}],"about":[{"href":"https:\/\/www.ecommerceupdate.com.br\/et\/wp-json\/wp\/v2\/types\/product"}],"replies":[{"embeddable":true,"href":"https:\/\/www.ecommerceupdate.com.br\/et\/wp-json\/wp\/v2\/comments?post=93857"}],"wp:featuredmedia":[{"embeddable":true,"href":"https:\/\/www.ecommerceupdate.com.br\/et\/wp-json\/wp\/v2\/product\/93857"}],"wp:attachment":[{"href":"https:\/\/www.ecommerceupdate.com.br\/et\/wp-json\/wp\/v2\/media?parent=93857"}],"wp:term":[{"taxonomy":"product_cat","embeddable":true,"href":"https:\/\/www.ecommerceupdate.com.br\/et\/wp-json\/wp\/v2\/product_cat?post=93857"},{"taxonomy":"product_tag","embeddable":true,"href":"https:\/\/www.ecommerceupdate.com.br\/et\/wp-json\/wp\/v2\/product_tag?post=93857"}],"curies":[{"name":"wp","href":"https:\/\/api.w.org\/{rel}","templated":true}]}}