{"id":93880,"date":"2026-03-06T03:30:35","date_gmt":"2026-03-06T06:30:35","guid":{"rendered":"https:\/\/www.ecommerceupdate.com.br\/produto\/guia-completo-como-comecar-a-vender-na-amazon\/"},"modified":"2026-04-13T23:24:22","modified_gmt":"2026-04-14T02:24:22","slug":"guia-completo-como-comecar-a-vender-na-amazon","status":"publish","type":"product","link":"https:\/\/www.ecommerceupdate.com.br\/et\/produto\/guia-completo-como-comecar-a-vender-na-amazon\/","title":{"rendered":"T\u00e4ielik juhend Kuidas alustada m\u00fc\u00fcki Amazonis"},"content":{"rendered":"<div class=\"woocommerce-product-details\"><\/div>","protected":false},"excerpt":{"rendered":"<p>Vender na Amazon \u00e9 uma das formas mais lucrativas de empreender online, permitindo que qualquer pessoa inicie um neg\u00f3cio com baixo investimento e grande potencial de crescimento. O marketplace oferece uma estrutura robusta, alcance global e milh\u00f5es de clientes ativos diariamente.<\/p>\n<p>Com este e-book, qualquer pessoa pode transformar a Amazon em uma fonte de renda escalon\u00e1vel e sustent\u00e1vel , dominando o mercado e alcan\u00e7ando a liberdade financeira. \ud83d\ude80<\/p>","protected":false},"featured_media":93880,"comment_status":"open","ping_status":"closed","template":"","meta":{"_aipt_faq_data":""},"product_cat":[1611,1608,1607],"product_tag":[],"class_list":{"0":"post-93880","1":"product","2":"type-product","3":"status-publish","4":"has-post-thumbnail","6":"product_brand-por-allan-paixo-autor-formato-ebook-kindle","7":"product_cat-administracao-negocios-e-economia","8":"product_cat-ebooks-kindle","9":"product_cat-loja-kindle","11":"first","12":"instock","13":"shipping-taxable","14":"purchasable","15":"product-type-simple"},"aioseo_notices":[],"_links":{"self":[{"href":"https:\/\/www.ecommerceupdate.com.br\/et\/wp-json\/wp\/v2\/product\/93880","targetHints":{"allow":["GET"]}}],"collection":[{"href":"https:\/\/www.ecommerceupdate.com.br\/et\/wp-json\/wp\/v2\/product"}],"about":[{"href":"https:\/\/www.ecommerceupdate.com.br\/et\/wp-json\/wp\/v2\/types\/product"}],"replies":[{"embeddable":true,"href":"https:\/\/www.ecommerceupdate.com.br\/et\/wp-json\/wp\/v2\/comments?post=93880"}],"wp:featuredmedia":[{"embeddable":true,"href":"https:\/\/www.ecommerceupdate.com.br\/et\/wp-json\/wp\/v2\/product\/93880"}],"wp:attachment":[{"href":"https:\/\/www.ecommerceupdate.com.br\/et\/wp-json\/wp\/v2\/media?parent=93880"}],"wp:term":[{"taxonomy":"product_cat","embeddable":true,"href":"https:\/\/www.ecommerceupdate.com.br\/et\/wp-json\/wp\/v2\/product_cat?post=93880"},{"taxonomy":"product_tag","embeddable":true,"href":"https:\/\/www.ecommerceupdate.com.br\/et\/wp-json\/wp\/v2\/product_tag?post=93880"}],"curies":[{"name":"wp","href":"https:\/\/api.w.org\/{rel}","templated":true}]}}