{"id":94286,"date":"2026-03-11T13:14:12","date_gmt":"2026-03-11T16:14:12","guid":{"rendered":"https:\/\/www.ecommerceupdate.com.br\/produto\/midias-sociais-nas-empresas\/"},"modified":"2026-03-13T15:55:43","modified_gmt":"2026-03-13T18:55:43","slug":"midias-sociais-nas-empresas","status":"publish","type":"product","link":"https:\/\/www.ecommerceupdate.com.br\/et\/produto\/midias-sociais-nas-empresas\/","title":{"rendered":"Sotsiaalmeedia ettev\u00f5tetes"},"content":{"rendered":"<div class=\"woocommerce-product-details\">\n<h3>Toote \u00fcksikasjad<\/h3>\n<ul>\n<li>Kirjastaja: Editora Evora<\/li>\n<li>Avaldamise kuup\u00e4ev: 14. detsember 2010<\/li>\n<li>V\u00e4ljaanne: 1a<\/li>\n<li>Keel: portugali<\/li>\n<li>Lehek\u00fclgede arv: 232 lehek\u00fclge<\/li>\n<li>ISBN-10:8563993097<\/li>\n<li>ISBN-13:978-8563993090<\/li>\n<li>Toote kaal: 340g<\/li>\n<li>Lugemise vanus: 18 aastat ja vanemad<\/li>\n<li>M\u00f5\u00f5dud: 22,6 x 15,4 x 1 cm<\/li>\n<li>Enimm\u00fc\u00fcjate edetabel: nr 351 822 raamatutes (Tutvuge raamatute kategoorias 100 parimaga) nr 1232 turunduses<\/li>\n<li>1232 turunduses<\/li>\n<li>Klientide hinnangud: 3,3 3,3 t\u00e4rni 5-st (5)<\/li>\n<\/ul><\/div>","protected":false},"excerpt":{"rendered":"<p>Teie ettev\u00f5te m\u00f5istab ja kasutab sotsiaalmeediat teie ettev\u00f5tte turgutamiseks? V\u00f5i on endiselt selles faasis, et \u201csviar\u201d keelab selle kasutamise t\u00f6\u00f6tajate t\u00e4helepanu? Igatahes on hoiatus selge: praegused tehnoloogiad, nagu wiki-v\u00f5rgustikud, ajaveebid ja suhtlusportaalid, muudavad kindlasti seda, kuidas me t\u00f6\u00f6alaseid suhteid loome ja t\u00f6\u00f6tame. Selles inspireerivas raamatus pakuvad kolm organisatsiooni arendamise eksperti, k\u00f5ik Oracle'i juhid, juhtidele strateegiaid \u201c ACHR-i pinnal, et v\u00f5imendada sotsiaalmeedia j\u00f5udu ning ehitada \u00fcles t\u00f5husamaid ja agiilsemaid organisatsioone, kaasata t\u00f6\u00f6tajaid ja t\u00f6\u00f6tada konkurentsiv\u00f5ime l\u00e4hedal. T\u00f6\u00f6 demonstreerib organisatsiooni arengu uut stsenaariumi, tutvustades ka ettev\u00f5tte tulemusi.<\/p>","protected":false},"featured_media":0,"comment_status":"open","ping_status":"closed","template":"","meta":[],"product_cat":[1611,1595,1618],"product_tag":[],"class_list":{"0":"post-94286","1":"product","2":"type-product","3":"status-publish","5":"product_brand-edicao-portugus-por-arthur-l-jue-autor-jackie-alcalde-marr-autor-mary-ellen-kassotakis-autor-0-mais","6":"product_cat-administracao-negocios-e-economia","7":"product_cat-livros","8":"product_cat-marketing-e-vendas","10":"first","11":"instock","12":"sale","13":"shipping-taxable","14":"purchasable","15":"product-type-simple"},"aioseo_notices":[],"_links":{"self":[{"href":"https:\/\/www.ecommerceupdate.com.br\/et\/wp-json\/wp\/v2\/product\/94286","targetHints":{"allow":["GET"]}}],"collection":[{"href":"https:\/\/www.ecommerceupdate.com.br\/et\/wp-json\/wp\/v2\/product"}],"about":[{"href":"https:\/\/www.ecommerceupdate.com.br\/et\/wp-json\/wp\/v2\/types\/product"}],"replies":[{"embeddable":true,"href":"https:\/\/www.ecommerceupdate.com.br\/et\/wp-json\/wp\/v2\/comments?post=94286"}],"wp:attachment":[{"href":"https:\/\/www.ecommerceupdate.com.br\/et\/wp-json\/wp\/v2\/media?parent=94286"}],"wp:term":[{"taxonomy":"product_cat","embeddable":true,"href":"https:\/\/www.ecommerceupdate.com.br\/et\/wp-json\/wp\/v2\/product_cat?post=94286"},{"taxonomy":"product_tag","embeddable":true,"href":"https:\/\/www.ecommerceupdate.com.br\/et\/wp-json\/wp\/v2\/product_tag?post=94286"}],"curies":[{"name":"wp","href":"https:\/\/api.w.org\/{rel}","templated":true}]}}