{"id":94287,"date":"2026-03-11T13:14:31","date_gmt":"2026-03-11T16:14:31","guid":{"rendered":"https:\/\/www.ecommerceupdate.com.br\/produto\/o-jornalismo-e-a-midia-social\/"},"modified":"2026-03-11T13:14:33","modified_gmt":"2026-03-11T16:14:33","slug":"o-jornalismo-e-a-midia-social","status":"publish","type":"product","link":"https:\/\/www.ecommerceupdate.com.br\/et\/produto\/o-jornalismo-e-a-midia-social\/","title":{"rendered":"Ajakirjandus ja sotsiaalmeedia"},"content":{"rendered":"<div class=\"woocommerce-product-details\">\n<h3>Toote \u00fcksikasjad<\/h3>\n<ul>\n<li>Kirjastaja: EDIFURB<\/li>\n<li>Avaldamise kuup\u00e4ev: 1. jaanuar 2009<\/li>\n<li>Keel: portugali<\/li>\n<li>Lehek\u00fclgede arv: 88 lehek\u00fclge<\/li>\n<li>ISBN-10:8571142556<\/li>\n<li>ISBN-13:978-8571142558<\/li>\n<li>Toote kaal: 200g<\/li>\n<li>M\u00f5\u00f5dud: 16,76 x 11,68 x 0,76 cm<\/li>\n<li>Enimm\u00fc\u00fcjate edetabel: nr 768 777 raamatutes (Tutvuge raamatute kategoorias 100 parimaga) nr 896 ajakirjanduse kirjutamisjuhendites nr 24 494 sotsiaalteadustes, poliitikas ja sotsiaalteadustes nr 42 659 p\u00fchade ja festivalide laste ja laste ning noorte seas<\/li>\n<li>896 Ajakirjanduse kirjutamise juhendites<\/li>\n<li>24 494 sotsiaalteadustes Poliitika ja sotsiaalteadused<\/li>\n<li>42 659 p\u00fchadel ja festivalidel Lapsed ja lapsed ja noored<\/li>\n<\/ul><\/div>","protected":false},"excerpt":{"rendered":"<p>T\u00c4HELEPANU, KORREKTNE EKSEMPLARI AASTA: 2009. Broneeri heas korras, grifoonide ja kustutusteta. K\u00e4sitsemisest tingitud kergete mustusem\u00e4rkidega kaaned ja k\u00fcljed. T\u00e4iuslikes kasutus- ja lugemistingimustes.<\/p>","protected":false},"featured_media":94287,"comment_status":"open","ping_status":"closed","template":"","meta":[],"product_cat":[1653,1796,1595],"product_tag":[],"class_list":{"0":"post-94287","1":"product","2":"type-product","3":"status-publish","4":"has-post-thumbnail","6":"product_brand-edicao-portugus-por-machado-assis-autor","7":"product_cat-educacao-referencia-e-didaticos","8":"product_cat-guias-de-escrita-pesquisa-e-publicacao","9":"product_cat-livros","11":"first","12":"instock","13":"sale","14":"shipping-taxable","15":"purchasable","16":"product-type-simple"},"aioseo_notices":[],"_links":{"self":[{"href":"https:\/\/www.ecommerceupdate.com.br\/et\/wp-json\/wp\/v2\/product\/94287","targetHints":{"allow":["GET"]}}],"collection":[{"href":"https:\/\/www.ecommerceupdate.com.br\/et\/wp-json\/wp\/v2\/product"}],"about":[{"href":"https:\/\/www.ecommerceupdate.com.br\/et\/wp-json\/wp\/v2\/types\/product"}],"replies":[{"embeddable":true,"href":"https:\/\/www.ecommerceupdate.com.br\/et\/wp-json\/wp\/v2\/comments?post=94287"}],"wp:featuredmedia":[{"embeddable":true,"href":"https:\/\/www.ecommerceupdate.com.br\/et\/wp-json\/wp\/v2\/product\/94287"}],"wp:attachment":[{"href":"https:\/\/www.ecommerceupdate.com.br\/et\/wp-json\/wp\/v2\/media?parent=94287"}],"wp:term":[{"taxonomy":"product_cat","embeddable":true,"href":"https:\/\/www.ecommerceupdate.com.br\/et\/wp-json\/wp\/v2\/product_cat?post=94287"},{"taxonomy":"product_tag","embeddable":true,"href":"https:\/\/www.ecommerceupdate.com.br\/et\/wp-json\/wp\/v2\/product_tag?post=94287"}],"curies":[{"name":"wp","href":"https:\/\/api.w.org\/{rel}","templated":true}]}}