{"id":94354,"date":"2026-03-12T13:40:08","date_gmt":"2026-03-12T16:40:08","guid":{"rendered":"https:\/\/www.ecommerceupdate.com.br\/produto\/e-commerce-conceitos-implementacao-e-gestao\/"},"modified":"2026-03-13T15:57:10","modified_gmt":"2026-03-13T18:57:10","slug":"e-commerce-conceitos-implementacao-e-gestao","status":"publish","type":"product","link":"https:\/\/www.ecommerceupdate.com.br\/et\/produto\/e-commerce-conceitos-implementacao-e-gestao\/","title":{"rendered":"E-kaubandus: kontseptsioonid, rakendamine ja juhtimine"},"content":{"rendered":"<div class=\"woocommerce-product-details\">\n<h3>Toote \u00fcksikasjad<\/h3>\n<ul>\n<li>Kirjastaja: InterSabrees<\/li>\n<li>Avaldamise kuup\u00e4ev: 1. august 2016<\/li>\n<li>V\u00e4ljaanne: 1a<\/li>\n<li>Keel: portugali<\/li>\n<li>Lehek\u00fclgede arv: 310 lehek\u00fclge<\/li>\n<li>ISBN-10:8559722084<\/li>\n<li>ISBN-13:978-8559722086<\/li>\n<li>Toote kaal: 350g<\/li>\n<li>Lugemise vanus: 12 aastat ja vanemad<\/li>\n<li>M\u00f5\u00f5dud: 20,8 x 14,2 x 1,6 cm<\/li>\n<li>Enimm\u00fc\u00fcjate edetabel: nr 157 849 raamatutes (Tutvuge raamatute kategoorias 100 parimaga) nr 3428 juhtimises ja juhtimises<\/li>\n<li>3428 juhtimises ja juhtimises<\/li>\n<li>Klientide \u00fclevaated: 4,7 4,7 t\u00e4rni 5-st (34)<\/li>\n<\/ul><\/div>","protected":false},"excerpt":{"rendered":"<p>Info- ja kommunikatsioonitehnoloogiate kiirendatud edenemisega on e-kaubanduse universumi moodustavate kontseptsioonide, strateegiate ja t\u00f6\u00f6riistade valdamine muutunud k\u00f5igi nende jaoks, kes soovivad \u00e4rikeskkonnas edu saavutada, fundamentaalseks. Tulge m\u00f5tisklema koos meiega eeliste ja v\u00e4ljakutsete \u00fcle, mida e-kaubanduses tavaliselt leidub, ning paremini tundma selle tegevusega seotud tehnoloogiate toimimist. Selle lugemise l\u00f5pus saate tajuda aspekte, mis eristavad digitaalset turgu traditsioonilisest ja saate neid teadmisi rakendada oma igap\u00e4evase t\u00f6\u00f6 praktikas.<\/p>","protected":false},"featured_media":0,"comment_status":"open","ping_status":"closed","template":"","meta":{"_aipt_faq_data":""},"product_cat":[1611,1621,1595],"product_tag":[],"class_list":{"0":"post-94354","1":"product","2":"type-product","3":"status-publish","5":"product_brand-edicao-portugus-por-nara-stefano-autor-izabel-cristina-zattar-autor","6":"product_cat-administracao-negocios-e-economia","7":"product_cat-gestao-e-lideranca","8":"product_cat-livros","10":"first","11":"instock","12":"sale","13":"shipping-taxable","14":"purchasable","15":"product-type-simple"},"aioseo_notices":[],"_links":{"self":[{"href":"https:\/\/www.ecommerceupdate.com.br\/et\/wp-json\/wp\/v2\/product\/94354","targetHints":{"allow":["GET"]}}],"collection":[{"href":"https:\/\/www.ecommerceupdate.com.br\/et\/wp-json\/wp\/v2\/product"}],"about":[{"href":"https:\/\/www.ecommerceupdate.com.br\/et\/wp-json\/wp\/v2\/types\/product"}],"replies":[{"embeddable":true,"href":"https:\/\/www.ecommerceupdate.com.br\/et\/wp-json\/wp\/v2\/comments?post=94354"}],"wp:attachment":[{"href":"https:\/\/www.ecommerceupdate.com.br\/et\/wp-json\/wp\/v2\/media?parent=94354"}],"wp:term":[{"taxonomy":"product_cat","embeddable":true,"href":"https:\/\/www.ecommerceupdate.com.br\/et\/wp-json\/wp\/v2\/product_cat?post=94354"},{"taxonomy":"product_tag","embeddable":true,"href":"https:\/\/www.ecommerceupdate.com.br\/et\/wp-json\/wp\/v2\/product_tag?post=94354"}],"curies":[{"name":"wp","href":"https:\/\/api.w.org\/{rel}","templated":true}]}}