{"id":94361,"date":"2026-03-12T13:41:57","date_gmt":"2026-03-12T16:41:57","guid":{"rendered":"https:\/\/www.ecommerceupdate.com.br\/produto\/amazon-fba-masterclass-navigating-the-e-commerce-revolution\/"},"modified":"2026-03-13T15:57:57","modified_gmt":"2026-03-13T18:57:57","slug":"amazon-fba-masterclass-navigating-the-e-commerce-revolution","status":"publish","type":"product","link":"https:\/\/www.ecommerceupdate.com.br\/et\/produto\/amazon-fba-masterclass-navigating-the-e-commerce-revolution\/","title":{"rendered":"Amazon FBA meistriklass: navigeerimine e-kaubanduse revolutsioonis"},"content":{"rendered":"<div class=\"woocommerce-product-details\">\n<h3>Toote \u00fcksikasjad<\/h3>\n<ul>\n<li>ASIN: B0CDNMNTJP<\/li>\n<li>Kirjastaja: S\u00f5ltumatult avaldatud<\/li>\n<li>Avaldamise kuup\u00e4ev: 5. august 2023<\/li>\n<li>Keel: inglise<\/li>\n<li>ISBN-13:979-8856122717<\/li>\n<li>Toote kaal: 127g<\/li>\n<li>M\u00f5\u00f5dud: 21,59 x 0,18 x 27,94 cm<\/li>\n<li>Klientide \u00fclevaated: 3,7 3,7 t\u00e4rni 5-st (4)<\/li>\n<\/ul><\/div>","protected":false},"excerpt":{"rendered":"<p>Amazon FBA meistriklass: navigeerimine e-kaubanduse revolutsioonis Kas olete valmis avama ukse finantsvabadusele ja v\u00f5tma oma saatuse enda k\u00e4tte? Tere tulemast Amazon FBA meistriklassi, kus me juhendame teid \u00fcmberkujundaval teekonnal l\u00e4bi e-kaubanduse juhtiva maailma. Selles p\u00f5hjalikus ja l\u00e4bin\u00e4gelikus raamatus toimetame Amazoni Amazoni (FBA) programmi t\u00e4itmise s\u00fcgavustesse, varustades teid teadmiste ja teadmistega, et saavutada tee maapealsele.<\/p>\n<p><span>V\u00f5tke omaks e-kaubanduse revolutsioon: avastage Amazon FBA v\u00f5rratu potentsiaal, kui me harutame lahti l\u00f5putud v\u00f5imalused, mida see pakub nii ambitsioonikatele ettev\u00f5tjatele kui ka kogenud ettev\u00f5tete omanikele. J\u00e4tke h\u00fcvasti traditsiooniliste jaem\u00fc\u00fcgimudelitega ja tervitage veebim\u00fc\u00fcgi tulevikku.<\/span><\/p>\n<p>V\u00f5tke omaks e-kaubanduse revolutsioon: avastage Amazon FBA v\u00f5rratu potentsiaal, kui me harutame lahti l\u00f5putud v\u00f5imalused, mida see pakub nii ambitsioonikatele ettev\u00f5tjatele kui ka kogenud ettev\u00f5tete omanikele. J\u00e4tke h\u00fcvasti traditsiooniliste jaem\u00fc\u00fcgimudelitega ja tervitage veebim\u00fc\u00fcgi tulevikku.<\/p>\n<p><span>Vastupandamatute kirjete koostamine: \u00f5ppige looma j\u00e4\u00e4dvustavaid tooteloendeid, mis \u00fchendavad kliente ja suurendavad konversioonim\u00e4\u00e4rasid. Avastage visuaalselt atraktiivsete tootepiltide kunst, muutes oma kirjed silmapaistvaks ja j\u00e4ttes p\u00fcsiva mulje.<\/span><\/p>\n<p>Vastupandamatute kirjete koostamine: \u00f5ppige looma j\u00e4\u00e4dvustavaid tooteloendeid, mis \u00fchendavad kliente ja suurendavad konversioonim\u00e4\u00e4rasid. Avastage visuaalselt atraktiivsete tootepiltide kunst, muutes oma kirjed silmapaistvaks ja j\u00e4ttes p\u00fcsiva mulje.<\/p>\n<p><span>Br\u00e4ndingu j\u00f5ud: br\u00e4ndingu olulisuse m\u00f5istmine ja ainulaadse identiteedi loomine, mis resoneerib teie sihtr\u00fchmaga, edendades lojaalsust ja usaldust. Uurige tegelikkust v\u00e4ljaspool Amazoni, kui juhendame teid mitmekanalilise kohaloleku loomisel.<\/span><\/p>\n<p>Br\u00e4ndingu j\u00f5ud: br\u00e4ndingu olulisuse m\u00f5istmine ja ainulaadse identiteedi loomine, mis resoneerib teie sihtr\u00fchmaga, edendades lojaalsust ja usaldust. Uurige tegelikkust v\u00e4ljaspool Amazoni, kui juhendame teid mitmekanalilise kohaloleku loomisel.<\/p>\n<p><span>K\u00e4ivitamis- ja turundusstrateegiad: vabastage saladused m\u00f5jukale toote turuletoomisele, mis tekitab suminat, meelitab ligi varaseid kliente ja katapulteerib teie toote bestselleri staatusesse. Kasutage sotsiaalmeedia turunduse potentsiaali, et j\u00f5uda uute vaatajaskondadeni ja luua edukas veebikogukond.<\/span><\/p>\n<p>K\u00e4ivitamis- ja turundusstrateegiad: vabastage saladused m\u00f5jukale toote turuletoomisele, mis tekitab suminat, meelitab ligi varaseid kliente ja katapulteerib teie toote bestselleri staatusesse. Kasutage sotsiaalmeedia turunduse potentsiaali, et j\u00f5uda uute vaatajaskondadeni ja luua edukas veebikogukond.<\/p>\n<p><span>Klienditeeninduse tipptase: v\u00f5tke omaks kliendi esimene m\u00f5tteviis, r\u00f5\u00f5mustades ostjaid erakordse teenindusega ja tagades nende rahulolu. Omandage oskused tulude haldamisel ja negatiivse tagasiside k\u00e4sitlemisel.<\/span><\/p>\n<p>Klienditeeninduse tipptase: v\u00f5tke omaks kliendi esimene m\u00f5tteviis, r\u00f5\u00f5mustades ostjaid erakordse teenindusega ja tagades nende rahulolu. Omandage oskused tulude haldamisel ja negatiivse tagasiside k\u00e4sitlemisel.<\/p>\n<p><span>Ettev\u00f5tte skaleerimine: planeerige ja tehke strateegiaid mastaapsuse, tooteportfelli laiendamise ja uute turgude vallutamise jaoks. Avastage, kuidas kasutada allhanget ja automatiseerimist toimingute sujuvamaks muutmiseks.<\/span><\/p>\n<p>Ettev\u00f5tte skaleerimine: planeerige ja tehke strateegiaid mastaapsuse, tooteportfelli laiendamise ja uute turgude vallutamise jaoks. Avastage, kuidas kasutada allhanget ja automatiseerimist toimingute sujuvamaks muutmiseks.<\/p>\n<p><span>V\u00e4ljakutsetes navigeerimine: valmistuge veebiettev\u00f5tte juhtimisega kaasnevateks takistusteks ja \u00f5ppige t\u00f5husaid strateegiaid nende navigeerimiseks ja vallutamiseks.<\/span><\/p>\n<p>Navigeerimine V\u00e4ljakutsed: valmistage end ette takistusteks, mis kaasnevad veebiettev\u00f5tte juhtimisega, ja \u00f5ppige t\u00f5husaid strateegiaid nende navigeerimiseks ja vallutamiseks. Kohanege turumuutuste ja tarbijate k\u00e4itumise muutumisega. J\u00e4reldus: \u00f5itsege e-kaubanduse revolutsioonis \u00d5nnitleme! Olete l\u00f5petanud Amazon FBA meistriklassi ja olete n\u00fc\u00fcd varustatud teadmiste ja t\u00f6\u00f6riistadega, et juhtida e-kaubanduse revolutsiooni.V\u00f5tme kaasav\u00f5tmised:<span>V\u00f5tke omaks l\u00f5putud v\u00f5imalused, mida FBA pakub, ja kaardistage oma kursus finantsvabaduse ja p\u00fcsiva edu saavutamiseks.<\/span>V\u00f5tke omaks l\u00f5putud v\u00f5imalused, mida FBA pakub, ja kaardistage oma kursus finantsvabaduse ja p\u00fcsiva edu saavutamiseks.<span>Looge br\u00e4nd, mis peab vastu ajaproovile ja soodustab klientide lojaalsust.<\/span>Looge br\u00e4nd, mis peab vastu ajaproovile ja soodustab klientide lojaalsust.<span>Kasutage sotsiaalmeedia ja reklaami j\u00f5udu, et suurendada oma m\u00fc\u00fcki ja j\u00f5uda uute vaatajaskondadeni.<\/span>Kasutage sotsiaalmeedia ja reklaami j\u00f5udu, et suurendada oma m\u00fc\u00fcki ja j\u00f5uda uute vaatajaskondadeni.<span>Eelistage erakordset klienditeenindust, et luua lojaalne kliendibaas.<\/span>Eelistage erakordset klienditeenindust, et luua lojaalne kliendibaas.<span>Planeerige skaleeritavus ja uurige v\u00f5imalusi v\u00e4ljaspool Amazoni platvormi.<\/span>Planeerige skaleeritavus ja uurige v\u00f5imalusi v\u00e4ljaspool Amazoni platvormi.<span>Olge valmis v\u00e4ljakutsetele vastu astuma ja kohanema d\u00fcnaamilise turuga.<\/span>Olge valmis v\u00e4ljakutsetele vastu astuma ja d\u00fcnaamilise turuga kohanema. Kui asute sellele p\u00f5nevale teekonnale, pidage meeles, et v\u00f5idu v\u00f5ti ei seisne mitte ainult kasumis, vaid ka ajaproovile vastu pidava kaubam\u00e4rgi loomises. E-kaubanduse maastik areneb pidevalt, kuid olles relvastatud selle meistriklassi arusaamadega, on teil v\u00f5im nendes muutustes navigeerida ja muuta need kasvuv\u00f5imalusteks. Nii et astuge maailma ja Amazonase liikumisse, muutudes seel\u00e4bi maailma maailmaks ja maailma liikumiseks, astuge maailma maailma ja kuu maailma.<\/p>","protected":false},"featured_media":94361,"comment_status":"open","ping_status":"closed","template":"","meta":[],"product_cat":[1611,1595,1610],"product_tag":[],"class_list":{"0":"post-94361","1":"product","2":"type-product","3":"status-publish","4":"has-post-thumbnail","6":"product_brand-edicao-ingls-por-benjamin-stone-autor","7":"product_cat-administracao-negocios-e-economia","8":"product_cat-livros","9":"product_cat-livros-internacionais","11":"first","12":"instock","13":"shipping-taxable","14":"purchasable","15":"product-type-simple"},"aioseo_notices":[],"_links":{"self":[{"href":"https:\/\/www.ecommerceupdate.com.br\/et\/wp-json\/wp\/v2\/product\/94361","targetHints":{"allow":["GET"]}}],"collection":[{"href":"https:\/\/www.ecommerceupdate.com.br\/et\/wp-json\/wp\/v2\/product"}],"about":[{"href":"https:\/\/www.ecommerceupdate.com.br\/et\/wp-json\/wp\/v2\/types\/product"}],"replies":[{"embeddable":true,"href":"https:\/\/www.ecommerceupdate.com.br\/et\/wp-json\/wp\/v2\/comments?post=94361"}],"wp:featuredmedia":[{"embeddable":true,"href":"https:\/\/www.ecommerceupdate.com.br\/et\/wp-json\/wp\/v2\/product\/94361"}],"wp:attachment":[{"href":"https:\/\/www.ecommerceupdate.com.br\/et\/wp-json\/wp\/v2\/media?parent=94361"}],"wp:term":[{"taxonomy":"product_cat","embeddable":true,"href":"https:\/\/www.ecommerceupdate.com.br\/et\/wp-json\/wp\/v2\/product_cat?post=94361"},{"taxonomy":"product_tag","embeddable":true,"href":"https:\/\/www.ecommerceupdate.com.br\/et\/wp-json\/wp\/v2\/product_tag?post=94361"}],"curies":[{"name":"wp","href":"https:\/\/api.w.org\/{rel}","templated":true}]}}