{"id":94367,"date":"2026-03-12T13:43:24","date_gmt":"2026-03-12T16:43:24","guid":{"rendered":"https:\/\/www.ecommerceupdate.com.br\/produto\/logistica-reversa-casos-praticos-portuguese-edition\/"},"modified":"2026-03-13T15:59:02","modified_gmt":"2026-03-13T18:59:02","slug":"logistica-reversa-casos-praticos-portuguese-edition","status":"publish","type":"product","link":"https:\/\/www.ecommerceupdate.com.br\/et\/produto\/logistica-reversa-casos-praticos-portuguese-edition\/","title":{"rendered":"P\u00f6\u00f6rdlogistika: praktilised juhtumid (ingliskeelne v\u00e4ljaanne)"},"content":{"rendered":"<div class=\"woocommerce-product-details\">\n<h3>Toote \u00fcksikasjad<\/h3>\n<ul>\n<li>Kirjastaja: S\u00f5ltumatult avaldatud<\/li>\n<li>Avaldamise kuup\u00e4ev: 29. oktoober 2017<\/li>\n<li>Keel: portugali<\/li>\n<li>Lehek\u00fclgede arv: 116 lehek\u00fclge<\/li>\n<li>ISBN-10:1973177536<\/li>\n<li>ISBN-13:978-1973177531<\/li>\n<li>Toote kaal: 231g<\/li>\n<li>M\u00f5\u00f5dud: 15,24 x 0,74 x 22,86 cm<\/li>\n<li>Klientide \u00fclevaated: 5,0 5,0 t\u00e4rni 5-st (1)<\/li>\n<\/ul><\/div>","protected":false},"excerpt":{"rendered":"<p>See raamat tutvustab DeVry Joao Pessoa teaduskonna logistikatehnoloogia kursuse ja juhtimisdistsipliini aluste tehnoloogiliste teemade \u00fcli\u00f5pilaste 2015. ja 2016. aasta uurimist\u00f6\u00f6 tulemusi.<\/p>","protected":false},"featured_media":0,"comment_status":"open","ping_status":"closed","template":"","meta":[],"product_cat":[1611,1595,1697],"product_tag":[],"class_list":{"0":"post-94367","1":"product","2":"type-product","3":"status-publish","5":"product_brand-por-edilon-mendes-nunes-autor","6":"product_cat-administracao-negocios-e-economia","7":"product_cat-livros","8":"product_cat-livros-de-referencia","10":"first","11":"instock","12":"shipping-taxable","13":"purchasable","14":"product-type-simple"},"aioseo_notices":[],"_links":{"self":[{"href":"https:\/\/www.ecommerceupdate.com.br\/et\/wp-json\/wp\/v2\/product\/94367","targetHints":{"allow":["GET"]}}],"collection":[{"href":"https:\/\/www.ecommerceupdate.com.br\/et\/wp-json\/wp\/v2\/product"}],"about":[{"href":"https:\/\/www.ecommerceupdate.com.br\/et\/wp-json\/wp\/v2\/types\/product"}],"replies":[{"embeddable":true,"href":"https:\/\/www.ecommerceupdate.com.br\/et\/wp-json\/wp\/v2\/comments?post=94367"}],"wp:attachment":[{"href":"https:\/\/www.ecommerceupdate.com.br\/et\/wp-json\/wp\/v2\/media?parent=94367"}],"wp:term":[{"taxonomy":"product_cat","embeddable":true,"href":"https:\/\/www.ecommerceupdate.com.br\/et\/wp-json\/wp\/v2\/product_cat?post=94367"},{"taxonomy":"product_tag","embeddable":true,"href":"https:\/\/www.ecommerceupdate.com.br\/et\/wp-json\/wp\/v2\/product_tag?post=94367"}],"curies":[{"name":"wp","href":"https:\/\/api.w.org\/{rel}","templated":true}]}}