{"id":94373,"date":"2026-03-12T13:47:01","date_gmt":"2026-03-12T16:47:01","guid":{"rendered":"https:\/\/www.ecommerceupdate.com.br\/produto\/comercio-digital-e-pmes-em-puebla-o-impacto-do-comercio-digital-e-da-logistica\/"},"modified":"2026-03-12T13:47:03","modified_gmt":"2026-03-12T16:47:03","slug":"comercio-digital-e-pmes-em-puebla-o-impacto-do-comercio-digital-e-da-logistica","status":"publish","type":"product","link":"https:\/\/www.ecommerceupdate.com.br\/et\/produto\/comercio-digital-e-pmes-em-puebla-o-impacto-do-comercio-digital-e-da-logistica\/","title":{"rendered":"Digitaalne kaubandus ja VKEd Pueblas: digitaalse kaubanduse ja logistika m\u00f5ju"},"content":{"rendered":"<div class=\"woocommerce-product-details\">\n<h3>Toote \u00fcksikasjad<\/h3>\n<ul>\n<li>Kirjastaja: v\u00e4ljaanded Meie teadmised<\/li>\n<li>Avaldamise kuup\u00e4ev: 31. mai 2022<\/li>\n<li>Keel: portugali<\/li>\n<li>Lehek\u00fclgede arv: 60 lehek\u00fclge<\/li>\n<li>ISBN-10:6204785532<\/li>\n<li>ISBN-13:978-6204785530<\/li>\n<li>M\u00f5\u00f5dud: 15 x 0,36 x 22 cm<\/li>\n<\/ul><\/div>","protected":false},"excerpt":{"rendered":"<p>Toote \u00fcksikasjad V\u00e4ljaandja: V\u00e4ljaanded Meie teadmised Avaldamise kuup\u00e4ev: 31. mai 2022 Keel: inglise Lehek\u00fclgede arv: 60 lehek\u00fclge ISBN-10: 6204785532 ISBN-13: 978-6204785530 M\u00f5\u00f5dud: 15 x 0,36 x 22 cm<\/p>","protected":false},"featured_media":94373,"comment_status":"open","ping_status":"closed","template":"","meta":[],"product_cat":[1611,1621,1595],"product_tag":[],"class_list":{"0":"post-94373","1":"product","2":"type-product","3":"status-publish","4":"has-post-thumbnail","6":"product_brand-por-juan-carlos-aranda-autor","7":"product_cat-administracao-negocios-e-economia","8":"product_cat-gestao-e-lideranca","9":"product_cat-livros","11":"first","12":"instock","13":"shipping-taxable","14":"purchasable","15":"product-type-simple"},"aioseo_notices":[],"_links":{"self":[{"href":"https:\/\/www.ecommerceupdate.com.br\/et\/wp-json\/wp\/v2\/product\/94373","targetHints":{"allow":["GET"]}}],"collection":[{"href":"https:\/\/www.ecommerceupdate.com.br\/et\/wp-json\/wp\/v2\/product"}],"about":[{"href":"https:\/\/www.ecommerceupdate.com.br\/et\/wp-json\/wp\/v2\/types\/product"}],"replies":[{"embeddable":true,"href":"https:\/\/www.ecommerceupdate.com.br\/et\/wp-json\/wp\/v2\/comments?post=94373"}],"wp:featuredmedia":[{"embeddable":true,"href":"https:\/\/www.ecommerceupdate.com.br\/et\/wp-json\/wp\/v2\/product\/94373"}],"wp:attachment":[{"href":"https:\/\/www.ecommerceupdate.com.br\/et\/wp-json\/wp\/v2\/media?parent=94373"}],"wp:term":[{"taxonomy":"product_cat","embeddable":true,"href":"https:\/\/www.ecommerceupdate.com.br\/et\/wp-json\/wp\/v2\/product_cat?post=94373"},{"taxonomy":"product_tag","embeddable":true,"href":"https:\/\/www.ecommerceupdate.com.br\/et\/wp-json\/wp\/v2\/product_tag?post=94373"}],"curies":[{"name":"wp","href":"https:\/\/api.w.org\/{rel}","templated":true}]}}