{"id":91664,"date":"2026-02-07T12:40:16","date_gmt":"2026-02-07T15:40:16","guid":{"rendered":"https:\/\/www.ecommerceupdate.org\/produto\/e-commerce-na-pratica\/"},"modified":"2026-03-13T15:23:55","modified_gmt":"2026-03-13T18:23:55","slug":"e-commerce-na-pratica","status":"publish","type":"product","link":"https:\/\/www.ecommerceupdate.com.br\/fi\/produto\/e-commerce-na-pratica\/","title":{"rendered":"S\u00e4hk\u00f6inen kaupank\u00e4ynti k\u00e4yt\u00e4nn\u00f6ss\u00e4"},"content":{"rendered":"<div class=\"woocommerce-product-details\">\n<h3>Tuotteen yksityiskohdat<\/h3>\n<ul>\n<li>ASIN: B09W35JWMQ<\/li>\n<li>Julkaisija: Authors Club<\/li>\n<li>Julkaisup\u00e4iv\u00e4: 15.3.2022<\/li>\n<li>Kieli: Portugali<\/li>\n<li>Sivum\u00e4\u00e4r\u00e4: 190 sivua<\/li>\n<li>Tuotteen paino: 240g<\/li>\n<li>Myyjien sijoitukset: nro 343 633 kirjoissa (Tapaa 100 parasta kirjojen kategoriassa) nro 18 379 liike-el\u00e4m\u00e4ss\u00e4, liiketaloudessa ja taloustieteess\u00e4 (kirjat)<\/li>\n<li>18 379 Liike-el\u00e4m\u00e4ss\u00e4, liike-el\u00e4m\u00e4ss\u00e4 ja taloustieteess\u00e4 (kirjat)<\/li>\n<\/ul><\/div>","protected":false},"excerpt":{"rendered":"<p>Internet-kaupan perustaminen voi olla tilaisuutesi harjoittaa suurta liiketoimintaa ja kilpailla markkinoiden suurimpien yritysten kanssa, t\u00e4m\u00e4 on mahdollista, koska kohdeyleis\u00f6si segmentoinnissa ja juuri sit\u00e4 tarjottaessa t\u00e4m\u00e4 ryhm\u00e4 tarvitsee, t\u00e4m\u00e4 kirja on opas t\u00e4ynn\u00e4 p\u00e4ivitetty\u00e4 tietoa virtuaalisesta v\u00e4hitt\u00e4iskaupasta, sosiaalisesta mediasta, logistiikasta ja teknologiasta.<\/p>","protected":false},"featured_media":91664,"comment_status":"open","ping_status":"closed","template":"","meta":[],"product_cat":[1611,1595],"product_tag":[],"class_list":{"0":"post-91664","1":"product","2":"type-product","3":"status-publish","4":"has-post-thumbnail","6":"product_brand-edicao-portugus-por-roberto-de-jesus-oliveira-autor","7":"product_cat-administracao-negocios-e-economia","8":"product_cat-livros","10":"first","11":"instock","12":"shipping-taxable","13":"purchasable","14":"product-type-simple"},"aioseo_notices":[],"_links":{"self":[{"href":"https:\/\/www.ecommerceupdate.com.br\/fi\/wp-json\/wp\/v2\/product\/91664","targetHints":{"allow":["GET"]}}],"collection":[{"href":"https:\/\/www.ecommerceupdate.com.br\/fi\/wp-json\/wp\/v2\/product"}],"about":[{"href":"https:\/\/www.ecommerceupdate.com.br\/fi\/wp-json\/wp\/v2\/types\/product"}],"replies":[{"embeddable":true,"href":"https:\/\/www.ecommerceupdate.com.br\/fi\/wp-json\/wp\/v2\/comments?post=91664"}],"wp:featuredmedia":[{"embeddable":true,"href":"https:\/\/www.ecommerceupdate.com.br\/fi\/wp-json\/wp\/v2\/product\/91664"}],"wp:attachment":[{"href":"https:\/\/www.ecommerceupdate.com.br\/fi\/wp-json\/wp\/v2\/media?parent=91664"}],"wp:term":[{"taxonomy":"product_cat","embeddable":true,"href":"https:\/\/www.ecommerceupdate.com.br\/fi\/wp-json\/wp\/v2\/product_cat?post=91664"},{"taxonomy":"product_tag","embeddable":true,"href":"https:\/\/www.ecommerceupdate.com.br\/fi\/wp-json\/wp\/v2\/product_tag?post=91664"}],"curies":[{"name":"wp","href":"https:\/\/api.w.org\/{rel}","templated":true}]}}