{"id":93561,"date":"2026-03-04T20:18:42","date_gmt":"2026-03-04T23:18:42","guid":{"rendered":"https:\/\/www.ecommerceupdate.com.br\/produto\/como-ter-um-e-commerce-de-sucesso-na-shopee\/"},"modified":"2026-03-13T15:36:23","modified_gmt":"2026-03-13T18:36:23","slug":"como-ter-um-e-commerce-de-sucesso-na-shopee","status":"publish","type":"product","link":"https:\/\/www.ecommerceupdate.com.br\/fi\/produto\/como-ter-um-e-commerce-de-sucesso-na-shopee\/","title":{"rendered":"Kuinka saada onnistunut verkkokauppa Shopeessa"},"content":{"rendered":"<div class=\"woocommerce-product-details\">\n<h3>Tuotteen yksityiskohdat<\/h3>\n<ul>\n<li>ASIN: B0CR65S4P4<\/li>\n<li>Saavutettavuus: Lis\u00e4tietoja<\/li>\n<li>Julkaisup\u00e4iv\u00e4: 28.12.2023<\/li>\n<li>Kieli: Portugali<\/li>\n<li>Tiedoston koko: 3,3 MB<\/li>\n<li>N\u00e4yt\u00f6nlukija: Yhteensopiva<\/li>\n<li>Kirjasinkokoonpano: K\u00e4yt\u00f6ss\u00e4<\/li>\n<li>Sanastovinkit: Ei k\u00e4yt\u00f6ss\u00e4<\/li>\n<li>Sivum\u00e4\u00e4r\u00e4: 53 sivua<\/li>\n<li>Sivun l\u00e4pp\u00e4: K\u00e4yt\u00f6ss\u00e4<\/li>\n<li>Lukuik\u00e4: 14 18 vuotta<\/li>\n<li>Myyjien ranking: No 76 521 Kindle Storessa (Tapaa 100 parasta Kindle Store -kategoriassa) No 42 Business No 54:n avaamisessa verkkokaupassa nro 102 verkkomarkkinoinnissa<\/li>\n<li>42 Yrityksen avaamisessa<\/li>\n<li>54 S\u00e4hk\u00f6isess\u00e4 kaupank\u00e4ynniss\u00e4<\/li>\n<li>102 Sis\u00e4\u00e4n Web Markkinointi<\/li>\n<li>Asiakkaiden arviot: 4,1 4,1\/5 t\u00e4hte\u00e4 (3)<\/li>\n<\/ul><\/div>","protected":false},"excerpt":{"rendered":"<p>L\u00f6yd\u00e4 tie menestykseen s\u00e4hk\u00f6isess\u00e4 kaupank\u00e4ynniss\u00e4 \u201cHow to a menestyksek\u00e4s verkkokauppa Shopee\u00f1issa, joka on v\u00e4ltt\u00e4m\u00e4t\u00f6n opas niille, jotka haluavat valloittaa tilansa Shopeessa, joka on yksi maailman suurimmista s\u00e4hk\u00f6isen kaupank\u00e4ynnin alustoista. 54 sivua t\u00e4ynn\u00e4 k\u00e4yt\u00e4nn\u00f6n oivalluksia ja todistettuja strategioita, t\u00e4m\u00e4 e-kirja on lippusi kiehtovaan ja tuottoisaan verkkokaupan maailmaan.Guiherme Ribeiron, nuoren yritt\u00e4j\u00e4n ja digitaalisten markkinoiden tutkijan, asiantuntemuksen ohjaamana opit:<span>Valitse oikea markkinarako s\u00e4hk\u00f6iselle kaupank\u00e4ynnillesi.<\/span>Valitse oikea markkinarako s\u00e4hk\u00f6iselle kaupank\u00e4ynnillesi.<span>Kehit\u00e4 vahva ja houkutteleva br\u00e4ndi.<\/span>Kehit\u00e4 vahva ja houkutteleva br\u00e4ndi.<span>Luo listauksia tuotteista, jotka myyv\u00e4t.<\/span>Luo listauksia tuotteista, jotka myyv\u00e4t.<span>Toteuttaa digitaalisen markkinoinnin ja SEO-strategiat n\u00e4kyvyyden ja ulottuvuuden lis\u00e4\u00e4miseksi.<\/span>Toteuttaa digitaalisen markkinoinnin ja SEO-strategiat n\u00e4kyvyyden ja ulottuvuuden lis\u00e4\u00e4miseksi.<span>Hallitse tehokkaasti logistiikkaa ja asiakaspalvelua asiakasuskollisuuden rakentamiseksi.<\/span>Hallitse tehokkaasti logistiikkaa ja asiakaspalvelua asiakasuskollisuuden rakentamiseksiT\u00e4m\u00e4 e-kirja ei ole vain k\u00e4sikirja, vaan digitaalinen mentori, joka tarjoaa todellisia tapaustutkimuksia, k\u00e4yt\u00e4nn\u00f6n vinkkej\u00e4 ja neuvoja, joita voit aloittaa heti.Oletko aloittelija yritt\u00e4j\u00e4 tai kokenut myyj\u00e4, joka haluaa laajentaa verkkon\u00e4kyvyytt\u00e4si, \u201c Kuinka saada onnistunut verkkokauppa ShopeePreightissa on t\u00e4ydellinen valinta tehostaa liiketoimintaasi.Haavat nyt Amazonissa.K\u00e4\u00e4nn\u00e4 liiketoimintasi visio todellisuuteen!<\/p>","protected":false},"featured_media":0,"comment_status":"open","ping_status":"closed","template":"","meta":[],"product_cat":[1611,1613,1595],"product_tag":[],"class_list":{"0":"post-93561","1":"product","2":"type-product","3":"status-publish","5":"product_brand-por-guilherme-ribeiro-autor-formato-ebook-kindle","6":"product_cat-administracao-negocios-e-economia","7":"product_cat-industrias-e-profissoes","8":"product_cat-livros","10":"first","11":"instock","12":"shipping-taxable","13":"purchasable","14":"product-type-simple"},"aioseo_notices":[],"_links":{"self":[{"href":"https:\/\/www.ecommerceupdate.com.br\/fi\/wp-json\/wp\/v2\/product\/93561","targetHints":{"allow":["GET"]}}],"collection":[{"href":"https:\/\/www.ecommerceupdate.com.br\/fi\/wp-json\/wp\/v2\/product"}],"about":[{"href":"https:\/\/www.ecommerceupdate.com.br\/fi\/wp-json\/wp\/v2\/types\/product"}],"replies":[{"embeddable":true,"href":"https:\/\/www.ecommerceupdate.com.br\/fi\/wp-json\/wp\/v2\/comments?post=93561"}],"wp:attachment":[{"href":"https:\/\/www.ecommerceupdate.com.br\/fi\/wp-json\/wp\/v2\/media?parent=93561"}],"wp:term":[{"taxonomy":"product_cat","embeddable":true,"href":"https:\/\/www.ecommerceupdate.com.br\/fi\/wp-json\/wp\/v2\/product_cat?post=93561"},{"taxonomy":"product_tag","embeddable":true,"href":"https:\/\/www.ecommerceupdate.com.br\/fi\/wp-json\/wp\/v2\/product_tag?post=93561"}],"curies":[{"name":"wp","href":"https:\/\/api.w.org\/{rel}","templated":true}]}}