{"id":93565,"date":"2026-03-04T20:20:07","date_gmt":"2026-03-04T23:20:07","guid":{"rendered":"https:\/\/www.ecommerceupdate.com.br\/produto\/supevisao-de-e-commerce-desafios-e-solucoes-na-logistica-moderna\/"},"modified":"2026-03-13T15:36:54","modified_gmt":"2026-03-13T18:36:54","slug":"supevisao-de-e-commerce-desafios-e-solucoes-na-logistica-moderna","status":"publish","type":"product","link":"https:\/\/www.ecommerceupdate.com.br\/fi\/produto\/supevisao-de-e-commerce-desafios-e-solucoes-na-logistica-moderna\/","title":{"rendered":"S\u00e4hk\u00f6isen kaupank\u00e4ynnin tukahduttaminen: haasteita ja ratkaisuja modernissa logistiikassa"},"content":{"rendered":"<div class=\"woocommerce-product-details\">\n<h3>Tuotteen yksityiskohdat<\/h3>\n<ul>\n<li>ASIN: B0CVMRG5DM<\/li>\n<li>Saavutettavuus: Lis\u00e4tietoja<\/li>\n<li>Julkaisup\u00e4iv\u00e4: 13.2.2024<\/li>\n<li>Painos: 1a<\/li>\n<li>Kieli: Portugali<\/li>\n<li>Tiedoston koko: 4,8 MB<\/li>\n<li>N\u00e4yt\u00f6nlukija: Yhteensopiva<\/li>\n<li>Kirjasinkokoonpano: K\u00e4yt\u00f6ss\u00e4<\/li>\n<li>Sanastovinkit: Ei k\u00e4yt\u00f6ss\u00e4<\/li>\n<li>Sivum\u00e4\u00e4r\u00e4: 54 sivua<\/li>\n<li>Sivun l\u00e4pp\u00e4: K\u00e4yt\u00f6ss\u00e4<\/li>\n<li>Myyjien ranking: nro 320 668 Kindle Storessa (Tapaa 100 parasta Kindle Store -kategoriassa) nro 478 Office Skills No 1 005 -sarjassa motivoivassa nro 2 711 Leadership Managementissa<\/li>\n<li>478 Sis\u00e4\u00e4n Toimistotaidot<\/li>\n<li>1005 Motivoivassa<\/li>\n<li>2,711 Johtamisen hallinnossa<\/li>\n<li>Asiakkaiden arviot: 3,9 3,9\/5 t\u00e4hte\u00e4 (2)<\/li>\n<\/ul><\/div>","protected":false},"excerpt":{"rendered":"<p>\u201cSelaa Logistiikan monimutkaisuutta s\u00e4hk\u00f6isess\u00e4 kaupank\u00e4ynniss\u00e4 \u2018E-commerce Supervision: Challenges and Solutions in Modern Logistics\u2019.\u201dW Olitpa sitten verkkokaupan valvoja, logistiikkajohtaja tai joku uppoutunut verkkokaupan dynaamiseen universumiin, t\u00e4m\u00e4 kirja on olennainen oppaasi modernin logistiikan haasteisiin vastaamiseen.Tutki k\u00e4yt\u00e4nn\u00f6n strategioita, inspiroivia tapaustutkimuksia ja innovatiivisia ratkaisuja logistiikkatoimintojesi optimoimiseksi varastonhallinnasta lopulliseen toimitukseen.Main Korostukset:<span class=\"a-text-bold\">Logististen haasteiden mystifiointi:<\/span><span> Tutustu s\u00e4hk\u00f6isen kaupank\u00e4ynnin logistiikan vivahteisiin ja yhteisten esteiden ylitt\u00e4miseen.<\/span>Demystifioivat logistiikkahaasteet: Tutustu logistiikan vivahteisiin s\u00e4hk\u00f6isess\u00e4 kaupank\u00e4ynniss\u00e4 ja miten voittaa yhteiset esteet.<span class=\"a-text-bold\">Mukautuvat strategiat pienille ja suurille yrityksille:<\/span><span> Etsi skaalautuvia l\u00e4hestymistapoja eri yritysten erityistarpeiden t\u00e4ytt\u00e4miseksi.<\/span>Mukautuvat strategiat pienille ja suurille yrityksille: L\u00f6yd\u00e4 skaalautuvia l\u00e4hestymistapoja eri yritysten erityistarpeiden t\u00e4ytt\u00e4miseksi.<span class=\"a-text-bold\">Tehokas johtajuus digitaalisella aikakaudella:<\/span><span> Kehit\u00e4 olennaisia taitoja johtaa logistiikkatiimej\u00e4 digitaalisessa ja kilpailuymp\u00e4rist\u00f6ss\u00e4.<\/span>Tehokas johtajuus digitaaliaikana: Kehit\u00e4 olennaisia taitoja johtamaan logistiikkatiimej\u00e4 digitaalisessa ja kilpailuymp\u00e4rist\u00f6ss\u00e4.<span class=\"a-text-bold\">Vaikuttavat tapaustutkimukset:<\/span><span> Tutustu onnistuneisiin liikekokemuksiin, opi heid\u00e4n strategioistaan ja ota arvokkaita oivalluksia omalla matkallasi.<\/span>Vaikuttavat tapaustutkimukset: Tutki onnistuneita liiketoimintakokemuksia, opi heid\u00e4n strategioistaan ja sovella arvokkaita n\u00e4kemyksi\u00e4 omaan matkaasi.T\u00e4m\u00e4 kirja tarjoaa sukelluksen s\u00e4hk\u00f6isen kaupank\u00e4ynnin logistiikkaan, joka tarjoaa k\u00e4yt\u00e4nn\u00f6n ty\u00f6kaluja tehokkaan toiminnan valvontaan, luottavaisesti haasteisiin vastaamiseen ja menestyksekk\u00e4\u00e4sti verkkokaupan myrskyisill\u00e4 vesill\u00e4.Ole valmis optimoimaan s\u00e4hk\u00f6isen kaupank\u00e4ynnin valvontasi ja saavuttamaan uusia logistiikan huippuosaamisen korkeuksia.Haa kopiosi nyt ja hio taitojasi nykyaikaisessa logistiikan hallinnassa.<\/p>","protected":false},"featured_media":93565,"comment_status":"open","ping_status":"closed","template":"","meta":[],"product_cat":[1611,1621,1595],"product_tag":[],"class_list":{"0":"post-93565","1":"product","2":"type-product","3":"status-publish","4":"has-post-thumbnail","6":"product_brand-por-edevaldo-silva-autor-edevaldo-silva-autor-formato-ebook-kindle","7":"product_cat-administracao-negocios-e-economia","8":"product_cat-gestao-e-lideranca","9":"product_cat-livros","11":"first","12":"instock","13":"shipping-taxable","14":"purchasable","15":"product-type-simple"},"aioseo_notices":[],"_links":{"self":[{"href":"https:\/\/www.ecommerceupdate.com.br\/fi\/wp-json\/wp\/v2\/product\/93565","targetHints":{"allow":["GET"]}}],"collection":[{"href":"https:\/\/www.ecommerceupdate.com.br\/fi\/wp-json\/wp\/v2\/product"}],"about":[{"href":"https:\/\/www.ecommerceupdate.com.br\/fi\/wp-json\/wp\/v2\/types\/product"}],"replies":[{"embeddable":true,"href":"https:\/\/www.ecommerceupdate.com.br\/fi\/wp-json\/wp\/v2\/comments?post=93565"}],"wp:featuredmedia":[{"embeddable":true,"href":"https:\/\/www.ecommerceupdate.com.br\/fi\/wp-json\/wp\/v2\/product\/93565"}],"wp:attachment":[{"href":"https:\/\/www.ecommerceupdate.com.br\/fi\/wp-json\/wp\/v2\/media?parent=93565"}],"wp:term":[{"taxonomy":"product_cat","embeddable":true,"href":"https:\/\/www.ecommerceupdate.com.br\/fi\/wp-json\/wp\/v2\/product_cat?post=93565"},{"taxonomy":"product_tag","embeddable":true,"href":"https:\/\/www.ecommerceupdate.com.br\/fi\/wp-json\/wp\/v2\/product_tag?post=93565"}],"curies":[{"name":"wp","href":"https:\/\/api.w.org\/{rel}","templated":true}]}}